{"id":4121,"date":"2021-06-10T10:59:15","date_gmt":"2021-06-10T08:59:15","guid":{"rendered":"https:\/\/www.slowshop.eu\/product\/la-coquille-de-saint-jacques-de-compostelle\/"},"modified":"2025-09-08T12:06:36","modified_gmt":"2025-09-08T10:06:36","slug":"la-coquille-de-saint-jacques-de-compostelle","status":"publish","type":"product","link":"https:\/\/www.slowshop.eu\/fr\/produit\/la-coquille-de-saint-jacques-de-compostelle\/","title":{"rendered":"La coquille de Saint-Jacques de Compostelle"},"content":{"rendered":"<h3><strong>La coquille de Saint-Jacques de Compostelle<\/strong><\/h3>\n<p>La coquille de Saint-Jacques-de-Compostelle est le symbole du voyage et est constitu\u00e9e des valves de la coquille Saint-Jacques. La Conchiglia est \u00e9galement connue sous le nom de peigne de mer ou peigne de San Giacomo.<br \/>\nTrouvez la Conchiglia di Santiago sur le sac \u00e0 dos ou sur les routes avec la fl\u00e8che jaune pour indiquer le chemin.<\/p>\n<p>Avec le b\u00e2ton et la sacoche, le coquillage \u00e9tait le signe de reconnaissance du p\u00e8lerin. Il semble que dans les temps anciens les p\u00e8lerins mangeaient des coquilles Saint-Jacques et gardaient leurs coquilles.<\/p>\n<p>La coquille de Saint-Jacques avait la fonction de \u00ab\u00a0verre\u00a0\u00bb \u00e0 utiliser pendant le voyage et \u00e9tait aussi un symbole de vie, de renaissance et de purification.<\/p>\n","protected":false},"excerpt":{"rendered":"<p>La coquille de Saint-Jacques-de-Compostelle est le symbole du voyage et est constitu\u00e9e des valves de la coquille Saint-Jacques. La Conchiglia est \u00e9galement connue sous le nom de peigne de mer ou peigne de San Giacomo.<br \/>\nTrouvez la Conchiglia di Santiago sur le sac \u00e0 dos ou sur les routes avec la fl\u00e8che jaune pour indiquer le chemin<\/p>\n","protected":false},"featured_media":3165,"template":"","meta":{"_monsterinsights_skip_tracking":false,"_monsterinsights_sitenote_active":false,"_monsterinsights_sitenote_note":"","_monsterinsights_sitenote_category":0},"product_brand":[],"product_cat":[144,107],"product_tag":[],"class_list":{"0":"post-4121","1":"product","2":"type-product","3":"status-publish","4":"has-post-thumbnail","6":"product_cat-cammino-di-santiago-fr","7":"product_cat-gadget-fr","8":"tm-no-options","10":"first","11":"instock","12":"taxable","13":"shipping-taxable","14":"purchasable","15":"product-type-simple"},"bundle_layout":"","bundle_add_to_cart_form_location":"","bundle_editable_in_cart":false,"bundle_sold_individually_context":"","bundle_item_grouping":"","bundle_min_size":"","bundle_max_size":"","bundled_by":["4109"],"bundled_items":[],"yoast_head":"<!-- This site is optimized with the Yoast SEO plugin v26.2 - https:\/\/yoast.com\/wordpress\/plugins\/seo\/ -->\n<title>La coquille de Saint-Jacques de Compostelle - Slowshop<\/title>\n<meta name=\"description\" content=\"Achetez la coquille de Saint-Jacques, symbole du p\u00e8lerin et partez avec nous \u00e0 l&#039;aventure sur le Chemin de Saint-Jacques-de-Compostelle.\" \/>\n<meta name=\"robots\" content=\"index, follow, max-snippet:-1, max-image-preview:large, max-video-preview:-1\" \/>\n<link rel=\"canonical\" href=\"https:\/\/www.slowshop.eu\/fr\/produit\/la-coquille-de-saint-jacques-de-compostelle\/\" \/>\n<meta property=\"og:locale\" content=\"fr_FR\" \/>\n<meta property=\"og:type\" content=\"article\" \/>\n<meta property=\"og:title\" content=\"La coquille de Saint-Jacques de Compostelle - Slowshop\" \/>\n<meta property=\"og:description\" content=\"Achetez la coquille de Saint-Jacques, symbole du p\u00e8lerin et partez avec nous \u00e0 l&#039;aventure sur le Chemin de Saint-Jacques-de-Compostelle.\" \/>\n<meta property=\"og:url\" content=\"https:\/\/www.slowshop.eu\/fr\/produit\/la-coquille-de-saint-jacques-de-compostelle\/\" \/>\n<meta property=\"og:site_name\" content=\"Slowshop\" \/>\n<meta property=\"article:modified_time\" content=\"2025-09-08T10:06:36+00:00\" \/>\n<meta property=\"og:image\" content=\"https:\/\/www.slowshop.eu\/wp-content\/uploads\/2021\/06\/Conchiglia-600x750-1.png\" \/>\n\t<meta property=\"og:image:width\" content=\"600\" \/>\n\t<meta property=\"og:image:height\" content=\"750\" \/>\n\t<meta property=\"og:image:type\" content=\"image\/png\" \/>\n<meta name=\"twitter:card\" content=\"summary_large_image\" \/>\n<meta name=\"twitter:label1\" content=\"Dur\u00e9e de lecture estim\u00e9e\" \/>\n\t<meta name=\"twitter:data1\" content=\"1 minute\" \/>\n<script type=\"application\/ld+json\" class=\"yoast-schema-graph\">{\"@context\":\"https:\/\/schema.org\",\"@graph\":[{\"@type\":\"WebPage\",\"@id\":\"https:\/\/www.slowshop.eu\/fr\/produit\/la-coquille-de-saint-jacques-de-compostelle\/\",\"url\":\"https:\/\/www.slowshop.eu\/fr\/produit\/la-coquille-de-saint-jacques-de-compostelle\/\",\"name\":\"La coquille de Saint-Jacques de Compostelle - Slowshop\",\"isPartOf\":{\"@id\":\"https:\/\/www.slowshop.eu\/fr\/#website\"},\"primaryImageOfPage\":{\"@id\":\"https:\/\/www.slowshop.eu\/fr\/produit\/la-coquille-de-saint-jacques-de-compostelle\/#primaryimage\"},\"image\":{\"@id\":\"https:\/\/www.slowshop.eu\/fr\/produit\/la-coquille-de-saint-jacques-de-compostelle\/#primaryimage\"},\"thumbnailUrl\":\"https:\/\/www.slowshop.eu\/wp-content\/uploads\/2021\/06\/Conchiglia-600x750-1.png\",\"datePublished\":\"2021-06-10T08:59:15+00:00\",\"dateModified\":\"2025-09-08T10:06:36+00:00\",\"description\":\"Achetez la coquille de Saint-Jacques, symbole du p\u00e8lerin et partez avec nous \u00e0 l'aventure sur le Chemin de Saint-Jacques-de-Compostelle.\",\"breadcrumb\":{\"@id\":\"https:\/\/www.slowshop.eu\/fr\/produit\/la-coquille-de-saint-jacques-de-compostelle\/#breadcrumb\"},\"inLanguage\":\"fr-FR\",\"potentialAction\":[{\"@type\":\"ReadAction\",\"target\":[\"https:\/\/www.slowshop.eu\/fr\/produit\/la-coquille-de-saint-jacques-de-compostelle\/\"]}]},{\"@type\":\"ImageObject\",\"inLanguage\":\"fr-FR\",\"@id\":\"https:\/\/www.slowshop.eu\/fr\/produit\/la-coquille-de-saint-jacques-de-compostelle\/#primaryimage\",\"url\":\"https:\/\/www.slowshop.eu\/wp-content\/uploads\/2021\/06\/Conchiglia-600x750-1.png\",\"contentUrl\":\"https:\/\/www.slowshop.eu\/wp-content\/uploads\/2021\/06\/Conchiglia-600x750-1.png\",\"width\":600,\"height\":750},{\"@type\":\"BreadcrumbList\",\"@id\":\"https:\/\/www.slowshop.eu\/fr\/produit\/la-coquille-de-saint-jacques-de-compostelle\/#breadcrumb\",\"itemListElement\":[{\"@type\":\"ListItem\",\"position\":1,\"name\":\"Home\",\"item\":\"https:\/\/www.slowshop.eu\/fr\/\"},{\"@type\":\"ListItem\",\"position\":2,\"name\":\"Catalogue\",\"item\":\"https:\/\/www.slowshop.eu\/fr\/catalogue\/\"},{\"@type\":\"ListItem\",\"position\":3,\"name\":\"La coquille de Saint-Jacques de Compostelle\"}]},{\"@type\":\"WebSite\",\"@id\":\"https:\/\/www.slowshop.eu\/fr\/#website\",\"url\":\"https:\/\/www.slowshop.eu\/fr\/\",\"name\":\"SlowShop\",\"description\":\"Vie Francigene Shop\",\"publisher\":{\"@id\":\"https:\/\/www.slowshop.eu\/fr\/#organization\"},\"potentialAction\":[{\"@type\":\"SearchAction\",\"target\":{\"@type\":\"EntryPoint\",\"urlTemplate\":\"https:\/\/www.slowshop.eu\/fr\/?s={search_term_string}\"},\"query-input\":{\"@type\":\"PropertyValueSpecification\",\"valueRequired\":true,\"valueName\":\"search_term_string\"}}],\"inLanguage\":\"fr-FR\"},{\"@type\":\"Organization\",\"@id\":\"https:\/\/www.slowshop.eu\/fr\/#organization\",\"name\":\"SlowShop\",\"url\":\"https:\/\/www.slowshop.eu\/fr\/\",\"logo\":{\"@type\":\"ImageObject\",\"inLanguage\":\"fr-FR\",\"@id\":\"https:\/\/www.slowshop.eu\/fr\/#\/schema\/logo\/image\/\",\"url\":\"https:\/\/www.slowshop.eu\/wp-content\/uploads\/2024\/07\/cropped-immagine-1.png\",\"contentUrl\":\"https:\/\/www.slowshop.eu\/wp-content\/uploads\/2024\/07\/cropped-immagine-1.png\",\"width\":512,\"height\":512,\"caption\":\"SlowShop\"},\"image\":{\"@id\":\"https:\/\/www.slowshop.eu\/fr\/#\/schema\/logo\/image\/\"}}]}<\/script>\n<!-- \/ Yoast SEO plugin. -->","yoast_head_json":{"title":"La coquille de Saint-Jacques de Compostelle - Slowshop","description":"Achetez la coquille de Saint-Jacques, symbole du p\u00e8lerin et partez avec nous \u00e0 l'aventure sur le Chemin de Saint-Jacques-de-Compostelle.","robots":{"index":"index","follow":"follow","max-snippet":"max-snippet:-1","max-image-preview":"max-image-preview:large","max-video-preview":"max-video-preview:-1"},"canonical":"https:\/\/www.slowshop.eu\/fr\/produit\/la-coquille-de-saint-jacques-de-compostelle\/","og_locale":"fr_FR","og_type":"article","og_title":"La coquille de Saint-Jacques de Compostelle - Slowshop","og_description":"Achetez la coquille de Saint-Jacques, symbole du p\u00e8lerin et partez avec nous \u00e0 l'aventure sur le Chemin de Saint-Jacques-de-Compostelle.","og_url":"https:\/\/www.slowshop.eu\/fr\/produit\/la-coquille-de-saint-jacques-de-compostelle\/","og_site_name":"Slowshop","article_modified_time":"2025-09-08T10:06:36+00:00","og_image":[{"width":600,"height":750,"url":"https:\/\/www.slowshop.eu\/wp-content\/uploads\/2021\/06\/Conchiglia-600x750-1.png","type":"image\/png"}],"twitter_card":"summary_large_image","twitter_misc":{"Dur\u00e9e de lecture estim\u00e9e":"1 minute"},"schema":{"@context":"https:\/\/schema.org","@graph":[{"@type":"WebPage","@id":"https:\/\/www.slowshop.eu\/fr\/produit\/la-coquille-de-saint-jacques-de-compostelle\/","url":"https:\/\/www.slowshop.eu\/fr\/produit\/la-coquille-de-saint-jacques-de-compostelle\/","name":"La coquille de Saint-Jacques de Compostelle - Slowshop","isPartOf":{"@id":"https:\/\/www.slowshop.eu\/fr\/#website"},"primaryImageOfPage":{"@id":"https:\/\/www.slowshop.eu\/fr\/produit\/la-coquille-de-saint-jacques-de-compostelle\/#primaryimage"},"image":{"@id":"https:\/\/www.slowshop.eu\/fr\/produit\/la-coquille-de-saint-jacques-de-compostelle\/#primaryimage"},"thumbnailUrl":"https:\/\/www.slowshop.eu\/wp-content\/uploads\/2021\/06\/Conchiglia-600x750-1.png","datePublished":"2021-06-10T08:59:15+00:00","dateModified":"2025-09-08T10:06:36+00:00","description":"Achetez la coquille de Saint-Jacques, symbole du p\u00e8lerin et partez avec nous \u00e0 l'aventure sur le Chemin de Saint-Jacques-de-Compostelle.","breadcrumb":{"@id":"https:\/\/www.slowshop.eu\/fr\/produit\/la-coquille-de-saint-jacques-de-compostelle\/#breadcrumb"},"inLanguage":"fr-FR","potentialAction":[{"@type":"ReadAction","target":["https:\/\/www.slowshop.eu\/fr\/produit\/la-coquille-de-saint-jacques-de-compostelle\/"]}]},{"@type":"ImageObject","inLanguage":"fr-FR","@id":"https:\/\/www.slowshop.eu\/fr\/produit\/la-coquille-de-saint-jacques-de-compostelle\/#primaryimage","url":"https:\/\/www.slowshop.eu\/wp-content\/uploads\/2021\/06\/Conchiglia-600x750-1.png","contentUrl":"https:\/\/www.slowshop.eu\/wp-content\/uploads\/2021\/06\/Conchiglia-600x750-1.png","width":600,"height":750},{"@type":"BreadcrumbList","@id":"https:\/\/www.slowshop.eu\/fr\/produit\/la-coquille-de-saint-jacques-de-compostelle\/#breadcrumb","itemListElement":[{"@type":"ListItem","position":1,"name":"Home","item":"https:\/\/www.slowshop.eu\/fr\/"},{"@type":"ListItem","position":2,"name":"Catalogue","item":"https:\/\/www.slowshop.eu\/fr\/catalogue\/"},{"@type":"ListItem","position":3,"name":"La coquille de Saint-Jacques de Compostelle"}]},{"@type":"WebSite","@id":"https:\/\/www.slowshop.eu\/fr\/#website","url":"https:\/\/www.slowshop.eu\/fr\/","name":"SlowShop","description":"Vie Francigene Shop","publisher":{"@id":"https:\/\/www.slowshop.eu\/fr\/#organization"},"potentialAction":[{"@type":"SearchAction","target":{"@type":"EntryPoint","urlTemplate":"https:\/\/www.slowshop.eu\/fr\/?s={search_term_string}"},"query-input":{"@type":"PropertyValueSpecification","valueRequired":true,"valueName":"search_term_string"}}],"inLanguage":"fr-FR"},{"@type":"Organization","@id":"https:\/\/www.slowshop.eu\/fr\/#organization","name":"SlowShop","url":"https:\/\/www.slowshop.eu\/fr\/","logo":{"@type":"ImageObject","inLanguage":"fr-FR","@id":"https:\/\/www.slowshop.eu\/fr\/#\/schema\/logo\/image\/","url":"https:\/\/www.slowshop.eu\/wp-content\/uploads\/2024\/07\/cropped-immagine-1.png","contentUrl":"https:\/\/www.slowshop.eu\/wp-content\/uploads\/2024\/07\/cropped-immagine-1.png","width":512,"height":512,"caption":"SlowShop"},"image":{"@id":"https:\/\/www.slowshop.eu\/fr\/#\/schema\/logo\/image\/"}}]}},"_links":{"self":[{"href":"https:\/\/www.slowshop.eu\/fr\/wp-json\/wp\/v2\/product\/4121","targetHints":{"allow":["GET"]}}],"collection":[{"href":"https:\/\/www.slowshop.eu\/fr\/wp-json\/wp\/v2\/product"}],"about":[{"href":"https:\/\/www.slowshop.eu\/fr\/wp-json\/wp\/v2\/types\/product"}],"wp:featuredmedia":[{"embeddable":true,"href":"https:\/\/www.slowshop.eu\/fr\/wp-json\/wp\/v2\/media\/3165"}],"wp:attachment":[{"href":"https:\/\/www.slowshop.eu\/fr\/wp-json\/wp\/v2\/media?parent=4121"}],"wp:term":[{"taxonomy":"product_brand","embeddable":true,"href":"https:\/\/www.slowshop.eu\/fr\/wp-json\/wp\/v2\/product_brand?post=4121"},{"taxonomy":"product_cat","embeddable":true,"href":"https:\/\/www.slowshop.eu\/fr\/wp-json\/wp\/v2\/product_cat?post=4121"},{"taxonomy":"product_tag","embeddable":true,"href":"https:\/\/www.slowshop.eu\/fr\/wp-json\/wp\/v2\/product_tag?post=4121"}],"curies":[{"name":"wp","href":"https:\/\/api.w.org\/{rel}","templated":true}]}}