{"id":4170,"date":"2021-06-10T09:34:41","date_gmt":"2021-06-10T07:34:41","guid":{"rendered":"https:\/\/www.slowshop.eu\/product\/affiche-via-francigena\/"},"modified":"2025-09-09T10:01:35","modified_gmt":"2025-09-09T08:01:35","slug":"affiche-via-francigena","status":"publish","type":"product","link":"https:\/\/www.slowshop.eu\/fr\/produit\/affiche-via-francigena\/","title":{"rendered":"Affiche Via francigena"},"content":{"rendered":"<h3>Affiche Via francigena<\/h3>\n<p><strong>L&rsquo;Affiche de la Via Francigena est une aquarelle reprenant les points forts de la promenade de style m\u00e9di\u00e9val c\u00e9l\u00e9brant les 3200 km de la route \u00e0 travers l&rsquo;Europe.<\/strong><\/p>\n<p>Il s&rsquo;agit d&rsquo;une ancienne carte du chemin dans laquelle vingt-cinq de certains points d&rsquo;int\u00e9r\u00eat c\u00e9l\u00e8bres et monuments connexes ont \u00e9t\u00e9 repr\u00e9sent\u00e9s. Il part de la cath\u00e9drale de Cantorb\u00e9ry, l&rsquo;une des plus anciennes villes d&rsquo;Angleterre et le d\u00e9but de la Via Francigena, pour descendre en France en passant par Reims et Champlitte avec son ch\u00e2teau. La route continue vers Notre Dame de Lausanne en territoire suisse, atteint l&rsquo;Italie en franchissant le col du Grand San Bernardo et de l\u00e0 elle traverse toute la p\u00e9ninsule du nord au sud, jusqu&rsquo;aux Pouilles.<\/p>\n<p>Il existe de nombreux endroits pour raconter et montrer leur patrimoine architectural. La ville qui symbolise l&rsquo;arriv\u00e9e du voyage, Rome, se dresse au centre de la p\u00e9ninsule et est repr\u00e9sent\u00e9e avec la basilique Saint-Pierre. Et il ne pouvait en \u00eatre autrement. Sigerico sur mille ans a termin\u00e9 son voyage ici et dans les chambres pr\u00e8s de la tombe du fondateur de l&rsquo;\u00c9glise catholique aujourd&rsquo;hui, le p\u00e8lerin peut recueillir le t\u00e9moignage.<\/p>\n<p>Une affiche festive, un rappel pour les p\u00e8lerins qui ont effectu\u00e9 une partie du parcours et un v\u0153u \u00e0 ceux qui s&rsquo;appr\u00eatent \u00e0 le suivre. Une source de fiert\u00e9 pour toutes les administrations qui sont pass\u00e9es par elle et qui ont d\u00e9sormais la possibilit\u00e9 de voir le cheminement repr\u00e9sent\u00e9, qui n&rsquo;est pas seulement physique mais aussi et surtout culturel.<\/p>\n<p>Le projet n&rsquo;est pas une simple affiche, mais un objet plein de sens qui communique l&rsquo;europ\u00e9anisme de la Via Francigena et sa signification unificatrice.<\/p>\n<p><strong>Tu as ton credential?<\/strong><br \/>\nLa\u00a0<strong>credential<\/strong> repr\u00e9sente le \u00ab\u00a0passeport du p\u00e8lerin\u00a0\u00bb.\u00a0Il atteste l\u2019identit\u00e9 et les motivations du voyageur, c\u2019est donc un outil indispensable.\u00a0<a href=\"https:\/\/www.slowshop.eu\/fr\/produit\/passeport-du-pelerin-via-francigena\/\">Vous pouvez l\u2019acheter ici<\/a><\/p>\n<p><strong>Pars avec nous<\/strong><br \/>\nMaintenant, il vous suffit de r\u00e9server votre voyage le long de la Via Francigena.\u00a0Si vous r\u00e9servez sur notre site, vous recevrez la documentation compl\u00e8te pour votre voyage, nous vous fournirons une assistance 24h et r\u00e9serverons des installations de r\u00eave pour vos s\u00e9jours afin que vos vacances se r\u00e9v\u00e8lent une exp\u00e9rience inoubliable.\u00a0Pour nous contacter, \u00e9crivez un mail \u00e0 <a href=\"mailto:info@sloways.eu\">info@sloways.eu<\/a> ou visitez la page <a href=\"https:\/\/www.sloways.eu\/\">contacts<\/a> sur notre site web.<\/p>\n<p>&nbsp;<\/p>\n<p>&nbsp;<\/p>\n","protected":false},"excerpt":{"rendered":"<p>Une aquarelle avec les points forts de la Via Francigena dans un style m\u00e9di\u00e9val c\u00e9l\u00e8bre la route de 3 200 km \u00e0 travers l&rsquo;Europe.<br \/>\nDimensions : 50x70cm<\/p>\n","protected":false},"featured_media":2973,"template":"","meta":{"_monsterinsights_skip_tracking":false,"_monsterinsights_sitenote_active":false,"_monsterinsights_sitenote_note":"","_monsterinsights_sitenote_category":0},"product_brand":[],"product_cat":[91],"product_tag":[120],"class_list":{"0":"post-4170","1":"product","2":"type-product","3":"status-publish","4":"has-post-thumbnail","6":"product_cat-non-classe","7":"product_tag-via-francigena-fr","8":"tm-no-options","10":"first","11":"instock","12":"taxable","13":"shipping-taxable","14":"purchasable","15":"product-type-simple"},"bundle_layout":"","bundle_add_to_cart_form_location":"","bundle_editable_in_cart":false,"bundle_sold_individually_context":"","bundle_item_grouping":"","bundle_min_size":"","bundle_max_size":"","bundled_by":[],"bundled_items":[],"yoast_head":"<!-- This site is optimized with the Yoast SEO plugin v26.2 - https:\/\/yoast.com\/wordpress\/plugins\/seo\/ -->\n<title>Affiche Via francigena - Slowshop<\/title>\n<meta name=\"description\" content=\"Une aquarelle avec les points forts de la Via Francigena dans un style m\u00e9di\u00e9val c\u00e9l\u00e8bre la route de 3 200 km \u00e0 travers l&#039;Europe.\" \/>\n<meta name=\"robots\" content=\"index, follow, max-snippet:-1, max-image-preview:large, max-video-preview:-1\" \/>\n<link rel=\"canonical\" href=\"https:\/\/www.slowshop.eu\/fr\/produit\/affiche-via-francigena\/\" \/>\n<meta property=\"og:locale\" content=\"fr_FR\" \/>\n<meta property=\"og:type\" content=\"article\" \/>\n<meta property=\"og:title\" content=\"Affiche Via francigena - Slowshop\" \/>\n<meta property=\"og:description\" content=\"Une aquarelle avec les points forts de la Via Francigena dans un style m\u00e9di\u00e9val c\u00e9l\u00e8bre la route de 3 200 km \u00e0 travers l&#039;Europe.\" \/>\n<meta property=\"og:url\" content=\"https:\/\/www.slowshop.eu\/fr\/produit\/affiche-via-francigena\/\" \/>\n<meta property=\"og:site_name\" content=\"Slowshop\" \/>\n<meta property=\"article:modified_time\" content=\"2025-09-09T08:01:35+00:00\" \/>\n<meta property=\"og:image\" content=\"https:\/\/www.slowshop.eu\/wp-content\/uploads\/2021\/06\/Poster-Via-Francigena.png\" \/>\n\t<meta property=\"og:image:width\" content=\"600\" \/>\n\t<meta property=\"og:image:height\" content=\"750\" \/>\n\t<meta property=\"og:image:type\" content=\"image\/png\" \/>\n<meta name=\"twitter:card\" content=\"summary_large_image\" \/>\n<meta name=\"twitter:label1\" content=\"Dur\u00e9e de lecture estim\u00e9e\" \/>\n\t<meta name=\"twitter:data1\" content=\"2 minutes\" \/>\n<script type=\"application\/ld+json\" class=\"yoast-schema-graph\">{\"@context\":\"https:\/\/schema.org\",\"@graph\":[{\"@type\":\"WebPage\",\"@id\":\"https:\/\/www.slowshop.eu\/fr\/produit\/affiche-via-francigena\/\",\"url\":\"https:\/\/www.slowshop.eu\/fr\/produit\/affiche-via-francigena\/\",\"name\":\"Affiche Via francigena - Slowshop\",\"isPartOf\":{\"@id\":\"https:\/\/www.slowshop.eu\/fr\/#website\"},\"primaryImageOfPage\":{\"@id\":\"https:\/\/www.slowshop.eu\/fr\/produit\/affiche-via-francigena\/#primaryimage\"},\"image\":{\"@id\":\"https:\/\/www.slowshop.eu\/fr\/produit\/affiche-via-francigena\/#primaryimage\"},\"thumbnailUrl\":\"https:\/\/www.slowshop.eu\/wp-content\/uploads\/2021\/06\/Poster-Via-Francigena.png\",\"datePublished\":\"2021-06-10T07:34:41+00:00\",\"dateModified\":\"2025-09-09T08:01:35+00:00\",\"description\":\"Une aquarelle avec les points forts de la Via Francigena dans un style m\u00e9di\u00e9val c\u00e9l\u00e8bre la route de 3 200 km \u00e0 travers l'Europe.\",\"breadcrumb\":{\"@id\":\"https:\/\/www.slowshop.eu\/fr\/produit\/affiche-via-francigena\/#breadcrumb\"},\"inLanguage\":\"fr-FR\",\"potentialAction\":[{\"@type\":\"ReadAction\",\"target\":[\"https:\/\/www.slowshop.eu\/fr\/produit\/affiche-via-francigena\/\"]}]},{\"@type\":\"ImageObject\",\"inLanguage\":\"fr-FR\",\"@id\":\"https:\/\/www.slowshop.eu\/fr\/produit\/affiche-via-francigena\/#primaryimage\",\"url\":\"https:\/\/www.slowshop.eu\/wp-content\/uploads\/2021\/06\/Poster-Via-Francigena.png\",\"contentUrl\":\"https:\/\/www.slowshop.eu\/wp-content\/uploads\/2021\/06\/Poster-Via-Francigena.png\",\"width\":600,\"height\":750},{\"@type\":\"BreadcrumbList\",\"@id\":\"https:\/\/www.slowshop.eu\/fr\/produit\/affiche-via-francigena\/#breadcrumb\",\"itemListElement\":[{\"@type\":\"ListItem\",\"position\":1,\"name\":\"Home\",\"item\":\"https:\/\/www.slowshop.eu\/fr\/\"},{\"@type\":\"ListItem\",\"position\":2,\"name\":\"Catalogue\",\"item\":\"https:\/\/www.slowshop.eu\/fr\/catalogue\/\"},{\"@type\":\"ListItem\",\"position\":3,\"name\":\"Affiche Via francigena\"}]},{\"@type\":\"WebSite\",\"@id\":\"https:\/\/www.slowshop.eu\/fr\/#website\",\"url\":\"https:\/\/www.slowshop.eu\/fr\/\",\"name\":\"SlowShop\",\"description\":\"Vie Francigene Shop\",\"publisher\":{\"@id\":\"https:\/\/www.slowshop.eu\/fr\/#organization\"},\"potentialAction\":[{\"@type\":\"SearchAction\",\"target\":{\"@type\":\"EntryPoint\",\"urlTemplate\":\"https:\/\/www.slowshop.eu\/fr\/?s={search_term_string}\"},\"query-input\":{\"@type\":\"PropertyValueSpecification\",\"valueRequired\":true,\"valueName\":\"search_term_string\"}}],\"inLanguage\":\"fr-FR\"},{\"@type\":\"Organization\",\"@id\":\"https:\/\/www.slowshop.eu\/fr\/#organization\",\"name\":\"SlowShop\",\"url\":\"https:\/\/www.slowshop.eu\/fr\/\",\"logo\":{\"@type\":\"ImageObject\",\"inLanguage\":\"fr-FR\",\"@id\":\"https:\/\/www.slowshop.eu\/fr\/#\/schema\/logo\/image\/\",\"url\":\"https:\/\/www.slowshop.eu\/wp-content\/uploads\/2024\/07\/cropped-immagine-1.png\",\"contentUrl\":\"https:\/\/www.slowshop.eu\/wp-content\/uploads\/2024\/07\/cropped-immagine-1.png\",\"width\":512,\"height\":512,\"caption\":\"SlowShop\"},\"image\":{\"@id\":\"https:\/\/www.slowshop.eu\/fr\/#\/schema\/logo\/image\/\"}}]}<\/script>\n<!-- \/ Yoast SEO plugin. -->","yoast_head_json":{"title":"Affiche Via francigena - Slowshop","description":"Une aquarelle avec les points forts de la Via Francigena dans un style m\u00e9di\u00e9val c\u00e9l\u00e8bre la route de 3 200 km \u00e0 travers l'Europe.","robots":{"index":"index","follow":"follow","max-snippet":"max-snippet:-1","max-image-preview":"max-image-preview:large","max-video-preview":"max-video-preview:-1"},"canonical":"https:\/\/www.slowshop.eu\/fr\/produit\/affiche-via-francigena\/","og_locale":"fr_FR","og_type":"article","og_title":"Affiche Via francigena - Slowshop","og_description":"Une aquarelle avec les points forts de la Via Francigena dans un style m\u00e9di\u00e9val c\u00e9l\u00e8bre la route de 3 200 km \u00e0 travers l'Europe.","og_url":"https:\/\/www.slowshop.eu\/fr\/produit\/affiche-via-francigena\/","og_site_name":"Slowshop","article_modified_time":"2025-09-09T08:01:35+00:00","og_image":[{"width":600,"height":750,"url":"https:\/\/www.slowshop.eu\/wp-content\/uploads\/2021\/06\/Poster-Via-Francigena.png","type":"image\/png"}],"twitter_card":"summary_large_image","twitter_misc":{"Dur\u00e9e de lecture estim\u00e9e":"2 minutes"},"schema":{"@context":"https:\/\/schema.org","@graph":[{"@type":"WebPage","@id":"https:\/\/www.slowshop.eu\/fr\/produit\/affiche-via-francigena\/","url":"https:\/\/www.slowshop.eu\/fr\/produit\/affiche-via-francigena\/","name":"Affiche Via francigena - Slowshop","isPartOf":{"@id":"https:\/\/www.slowshop.eu\/fr\/#website"},"primaryImageOfPage":{"@id":"https:\/\/www.slowshop.eu\/fr\/produit\/affiche-via-francigena\/#primaryimage"},"image":{"@id":"https:\/\/www.slowshop.eu\/fr\/produit\/affiche-via-francigena\/#primaryimage"},"thumbnailUrl":"https:\/\/www.slowshop.eu\/wp-content\/uploads\/2021\/06\/Poster-Via-Francigena.png","datePublished":"2021-06-10T07:34:41+00:00","dateModified":"2025-09-09T08:01:35+00:00","description":"Une aquarelle avec les points forts de la Via Francigena dans un style m\u00e9di\u00e9val c\u00e9l\u00e8bre la route de 3 200 km \u00e0 travers l'Europe.","breadcrumb":{"@id":"https:\/\/www.slowshop.eu\/fr\/produit\/affiche-via-francigena\/#breadcrumb"},"inLanguage":"fr-FR","potentialAction":[{"@type":"ReadAction","target":["https:\/\/www.slowshop.eu\/fr\/produit\/affiche-via-francigena\/"]}]},{"@type":"ImageObject","inLanguage":"fr-FR","@id":"https:\/\/www.slowshop.eu\/fr\/produit\/affiche-via-francigena\/#primaryimage","url":"https:\/\/www.slowshop.eu\/wp-content\/uploads\/2021\/06\/Poster-Via-Francigena.png","contentUrl":"https:\/\/www.slowshop.eu\/wp-content\/uploads\/2021\/06\/Poster-Via-Francigena.png","width":600,"height":750},{"@type":"BreadcrumbList","@id":"https:\/\/www.slowshop.eu\/fr\/produit\/affiche-via-francigena\/#breadcrumb","itemListElement":[{"@type":"ListItem","position":1,"name":"Home","item":"https:\/\/www.slowshop.eu\/fr\/"},{"@type":"ListItem","position":2,"name":"Catalogue","item":"https:\/\/www.slowshop.eu\/fr\/catalogue\/"},{"@type":"ListItem","position":3,"name":"Affiche Via francigena"}]},{"@type":"WebSite","@id":"https:\/\/www.slowshop.eu\/fr\/#website","url":"https:\/\/www.slowshop.eu\/fr\/","name":"SlowShop","description":"Vie Francigene Shop","publisher":{"@id":"https:\/\/www.slowshop.eu\/fr\/#organization"},"potentialAction":[{"@type":"SearchAction","target":{"@type":"EntryPoint","urlTemplate":"https:\/\/www.slowshop.eu\/fr\/?s={search_term_string}"},"query-input":{"@type":"PropertyValueSpecification","valueRequired":true,"valueName":"search_term_string"}}],"inLanguage":"fr-FR"},{"@type":"Organization","@id":"https:\/\/www.slowshop.eu\/fr\/#organization","name":"SlowShop","url":"https:\/\/www.slowshop.eu\/fr\/","logo":{"@type":"ImageObject","inLanguage":"fr-FR","@id":"https:\/\/www.slowshop.eu\/fr\/#\/schema\/logo\/image\/","url":"https:\/\/www.slowshop.eu\/wp-content\/uploads\/2024\/07\/cropped-immagine-1.png","contentUrl":"https:\/\/www.slowshop.eu\/wp-content\/uploads\/2024\/07\/cropped-immagine-1.png","width":512,"height":512,"caption":"SlowShop"},"image":{"@id":"https:\/\/www.slowshop.eu\/fr\/#\/schema\/logo\/image\/"}}]}},"_links":{"self":[{"href":"https:\/\/www.slowshop.eu\/fr\/wp-json\/wp\/v2\/product\/4170","targetHints":{"allow":["GET"]}}],"collection":[{"href":"https:\/\/www.slowshop.eu\/fr\/wp-json\/wp\/v2\/product"}],"about":[{"href":"https:\/\/www.slowshop.eu\/fr\/wp-json\/wp\/v2\/types\/product"}],"wp:featuredmedia":[{"embeddable":true,"href":"https:\/\/www.slowshop.eu\/fr\/wp-json\/wp\/v2\/media\/2973"}],"wp:attachment":[{"href":"https:\/\/www.slowshop.eu\/fr\/wp-json\/wp\/v2\/media?parent=4170"}],"wp:term":[{"taxonomy":"product_brand","embeddable":true,"href":"https:\/\/www.slowshop.eu\/fr\/wp-json\/wp\/v2\/product_brand?post=4170"},{"taxonomy":"product_cat","embeddable":true,"href":"https:\/\/www.slowshop.eu\/fr\/wp-json\/wp\/v2\/product_cat?post=4170"},{"taxonomy":"product_tag","embeddable":true,"href":"https:\/\/www.slowshop.eu\/fr\/wp-json\/wp\/v2\/product_tag?post=4170"}],"curies":[{"name":"wp","href":"https:\/\/api.w.org\/{rel}","templated":true}]}}