{"id":4309,"date":"2021-05-20T13:46:51","date_gmt":"2021-05-20T11:46:51","guid":{"rendered":"https:\/\/www.slowshop.eu\/product\/credential-chemin-doropa\/"},"modified":"2024-11-26T12:55:02","modified_gmt":"2024-11-26T11:55:02","slug":"credential-chemin-doropa","status":"publish","type":"product","link":"https:\/\/www.slowshop.eu\/fr\/produit\/credential-chemin-doropa\/","title":{"rendered":"Credential Chemin d&rsquo;Oropa"},"content":{"rendered":"<h3>Credential Chemin d&rsquo;Oropa<\/h3>\n<p><span id=\"s2_1\">La Credential Chemin d&rsquo;Oropa est le document fondamental pour le p\u00e8lerin pour commencer le Chemin d\u2019Oropa.<\/span>\u00a0<span id=\"s2_2\">Il repr\u00e9sente le \u00ab\u00a0passeport du p\u00e8lerin\u00a0\u00bb et atteste l\u2019identit\u00e9 et les motivations du voyageur, il est un instrument indispensable.<\/span>\u00a0<span id=\"s2_3\">Par cons\u00e9quent, le p\u00e8lerin doit avoir la Credential avec lui pour \u00eatre identifi\u00e9 comme tel.<\/span><\/p>\n<p><span id=\"s2_4\">Le Chemin d\u2019Oropa est un voyage de quatre \u00e9tapes, de Santhi\u00e0 au Sanctuaire d\u2019Oropa, \u00e0 travers un environnement naturel diff\u00e9rent et surprenant \u00e0 chaque \u00e9tape.<\/span>\u00a0<span id=\"s2_5\">C\u2019est un voyage parfait pour ceux qui veulent affronter pour la premi\u00e8re fois un chemin, mais il est pr\u00eat \u00e0 surprendre et \u00e0 amuser m\u00eame les marcheurs les plus exp\u00e9riment\u00e9s.<\/span><\/p>\n<p><span id=\"s2_1\">Gr\u00e2ce \u00e0 ces identifiants qui contiennent bo\u00eete d\u2019estampillage, suffisant pour tout le parcours, vous pourrez collectionner les timbres du parcours \u00e0 tenir comme t\u00e9moignage et souvenir de votre parcours afin que vous puissiez vous souvenir pour toujours de cette exp\u00e9rience unique !<\/span><\/p>\n<p><span id=\"s2_2\">Achetez votre identifiant de p\u00e8lerin et partez pour votre Chemin d\u2019Oropa \u00e0 la d\u00e9couverte des paysages \u00e0 couper le souffle et des atmosph\u00e8res uniques!<\/span><\/p>\n<p><strong><span id=\"s2_3\">Pars avec nous !<\/span><\/strong><\/p>\n<p><strong>Pars avec nous<\/strong><br \/>\nMaintenant, il vous suffit de r\u00e9server votre voyage le long du Chemin d\u2019Oropa.\u00a0Si vous r\u00e9servez sur notre site, vous recevrez la documentation compl\u00e8te pour votre voyage, nous vous fournirons une assistance 24h et r\u00e9serverons des installations de r\u00eave pour vos s\u00e9jours afin que vos vacances se r\u00e9v\u00e8lent une exp\u00e9rience inoubliable.\u00a0Pour nous contacter, \u00e9crivez un mail \u00e0 <a href=\"mailto:info@sloways.eu\">info@sloways.eu<\/a> ou visitez la page <a href=\"https:\/\/www.sloways.eu\/\">contacts<\/a> sur notre site web.<\/p>\n<p>&nbsp;<\/p>\n<p>&nbsp;<\/p>\n","protected":false},"excerpt":{"rendered":"<p>La Credential Chemin d&rsquo;Oropa est le document fondamental pour le p\u00e8lerin pour commencer le Chemin d\u2019Oropa.\u00a0Il repr\u00e9sente le \u00ab\u00a0passeport du p\u00e8lerin\u00a0\u00bb et atteste l\u2019identit\u00e9 et les motivations du voyageur, il est un instrument indispensable.\u00a0Par cons\u00e9quent, le p\u00e8lerin doit avoir la Credential avec lui pour \u00eatre identifi\u00e9 comme tel.<\/p>\n","protected":false},"featured_media":14061,"template":"","meta":{"_monsterinsights_skip_tracking":false,"_monsterinsights_sitenote_active":false,"_monsterinsights_sitenote_note":"","_monsterinsights_sitenote_category":0},"product_brand":[],"product_cat":[],"product_tag":[156],"class_list":{"0":"post-4309","1":"product","2":"type-product","3":"status-publish","4":"has-post-thumbnail","6":"product_tag-credenziali-fr","7":"tm-no-options","9":"first","10":"instock","11":"taxable","12":"shipping-taxable","13":"purchasable","14":"product-type-simple"},"bundle_layout":"","bundle_add_to_cart_form_location":"","bundle_editable_in_cart":false,"bundle_sold_individually_context":"","bundle_item_grouping":"","bundle_min_size":"","bundle_max_size":"","bundled_by":[],"bundled_items":[],"yoast_head":"<!-- This site is optimized with the Yoast SEO plugin v26.2 - https:\/\/yoast.com\/wordpress\/plugins\/seo\/ -->\n<title>Credential Chemin d&#039;Oropa - Slowshop<\/title>\n<meta name=\"description\" content=\"Achete la Credential Chemin d&#039;Oropa et pars avec nous pour une aventure incroyable sur ce chemin\" \/>\n<meta name=\"robots\" content=\"index, follow, max-snippet:-1, max-image-preview:large, max-video-preview:-1\" \/>\n<link rel=\"canonical\" href=\"https:\/\/www.slowshop.eu\/fr\/produit\/credential-chemin-doropa\/\" \/>\n<meta property=\"og:locale\" content=\"fr_FR\" \/>\n<meta property=\"og:type\" content=\"article\" \/>\n<meta property=\"og:title\" content=\"Credential Chemin d&#039;Oropa - Slowshop\" \/>\n<meta property=\"og:description\" content=\"Achete la Credential Chemin d&#039;Oropa et pars avec nous pour une aventure incroyable sur ce chemin\" \/>\n<meta property=\"og:url\" content=\"https:\/\/www.slowshop.eu\/fr\/produit\/credential-chemin-doropa\/\" \/>\n<meta property=\"og:site_name\" content=\"Slowshop\" \/>\n<meta property=\"article:modified_time\" content=\"2024-11-26T11:55:02+00:00\" \/>\n<meta property=\"og:image\" content=\"https:\/\/www.slowshop.eu\/wp-content\/uploads\/2021\/05\/Cammino-di-Oropa-2.png\" \/>\n\t<meta property=\"og:image:width\" content=\"600\" \/>\n\t<meta property=\"og:image:height\" content=\"750\" \/>\n\t<meta property=\"og:image:type\" content=\"image\/png\" \/>\n<meta name=\"twitter:card\" content=\"summary_large_image\" \/>\n<meta name=\"twitter:label1\" content=\"Dur\u00e9e de lecture estim\u00e9e\" \/>\n\t<meta name=\"twitter:data1\" content=\"1 minute\" \/>\n<script type=\"application\/ld+json\" class=\"yoast-schema-graph\">{\"@context\":\"https:\/\/schema.org\",\"@graph\":[{\"@type\":\"WebPage\",\"@id\":\"https:\/\/www.slowshop.eu\/fr\/produit\/credential-chemin-doropa\/\",\"url\":\"https:\/\/www.slowshop.eu\/fr\/produit\/credential-chemin-doropa\/\",\"name\":\"Credential Chemin d'Oropa - Slowshop\",\"isPartOf\":{\"@id\":\"https:\/\/www.slowshop.eu\/fr\/#website\"},\"primaryImageOfPage\":{\"@id\":\"https:\/\/www.slowshop.eu\/fr\/produit\/credential-chemin-doropa\/#primaryimage\"},\"image\":{\"@id\":\"https:\/\/www.slowshop.eu\/fr\/produit\/credential-chemin-doropa\/#primaryimage\"},\"thumbnailUrl\":\"https:\/\/www.slowshop.eu\/wp-content\/uploads\/2021\/05\/Cammino-di-Oropa-2.png\",\"datePublished\":\"2021-05-20T11:46:51+00:00\",\"dateModified\":\"2024-11-26T11:55:02+00:00\",\"description\":\"Achete la Credential Chemin d'Oropa et pars avec nous pour une aventure incroyable sur ce chemin\",\"breadcrumb\":{\"@id\":\"https:\/\/www.slowshop.eu\/fr\/produit\/credential-chemin-doropa\/#breadcrumb\"},\"inLanguage\":\"fr-FR\",\"potentialAction\":[{\"@type\":\"ReadAction\",\"target\":[\"https:\/\/www.slowshop.eu\/fr\/produit\/credential-chemin-doropa\/\"]}]},{\"@type\":\"ImageObject\",\"inLanguage\":\"fr-FR\",\"@id\":\"https:\/\/www.slowshop.eu\/fr\/produit\/credential-chemin-doropa\/#primaryimage\",\"url\":\"https:\/\/www.slowshop.eu\/wp-content\/uploads\/2021\/05\/Cammino-di-Oropa-2.png\",\"contentUrl\":\"https:\/\/www.slowshop.eu\/wp-content\/uploads\/2021\/05\/Cammino-di-Oropa-2.png\",\"width\":600,\"height\":750},{\"@type\":\"BreadcrumbList\",\"@id\":\"https:\/\/www.slowshop.eu\/fr\/produit\/credential-chemin-doropa\/#breadcrumb\",\"itemListElement\":[{\"@type\":\"ListItem\",\"position\":1,\"name\":\"Home\",\"item\":\"https:\/\/www.slowshop.eu\/fr\/\"},{\"@type\":\"ListItem\",\"position\":2,\"name\":\"Catalogue\",\"item\":\"https:\/\/www.slowshop.eu\/fr\/catalogue\/\"},{\"@type\":\"ListItem\",\"position\":3,\"name\":\"Credential Chemin d&#8217;Oropa\"}]},{\"@type\":\"WebSite\",\"@id\":\"https:\/\/www.slowshop.eu\/fr\/#website\",\"url\":\"https:\/\/www.slowshop.eu\/fr\/\",\"name\":\"SlowShop\",\"description\":\"Vie Francigene Shop\",\"publisher\":{\"@id\":\"https:\/\/www.slowshop.eu\/fr\/#organization\"},\"potentialAction\":[{\"@type\":\"SearchAction\",\"target\":{\"@type\":\"EntryPoint\",\"urlTemplate\":\"https:\/\/www.slowshop.eu\/fr\/?s={search_term_string}\"},\"query-input\":{\"@type\":\"PropertyValueSpecification\",\"valueRequired\":true,\"valueName\":\"search_term_string\"}}],\"inLanguage\":\"fr-FR\"},{\"@type\":\"Organization\",\"@id\":\"https:\/\/www.slowshop.eu\/fr\/#organization\",\"name\":\"SlowShop\",\"url\":\"https:\/\/www.slowshop.eu\/fr\/\",\"logo\":{\"@type\":\"ImageObject\",\"inLanguage\":\"fr-FR\",\"@id\":\"https:\/\/www.slowshop.eu\/fr\/#\/schema\/logo\/image\/\",\"url\":\"https:\/\/www.slowshop.eu\/wp-content\/uploads\/2024\/07\/cropped-immagine-1.png\",\"contentUrl\":\"https:\/\/www.slowshop.eu\/wp-content\/uploads\/2024\/07\/cropped-immagine-1.png\",\"width\":512,\"height\":512,\"caption\":\"SlowShop\"},\"image\":{\"@id\":\"https:\/\/www.slowshop.eu\/fr\/#\/schema\/logo\/image\/\"}}]}<\/script>\n<!-- \/ Yoast SEO plugin. -->","yoast_head_json":{"title":"Credential Chemin d'Oropa - Slowshop","description":"Achete la Credential Chemin d'Oropa et pars avec nous pour une aventure incroyable sur ce chemin","robots":{"index":"index","follow":"follow","max-snippet":"max-snippet:-1","max-image-preview":"max-image-preview:large","max-video-preview":"max-video-preview:-1"},"canonical":"https:\/\/www.slowshop.eu\/fr\/produit\/credential-chemin-doropa\/","og_locale":"fr_FR","og_type":"article","og_title":"Credential Chemin d'Oropa - Slowshop","og_description":"Achete la Credential Chemin d'Oropa et pars avec nous pour une aventure incroyable sur ce chemin","og_url":"https:\/\/www.slowshop.eu\/fr\/produit\/credential-chemin-doropa\/","og_site_name":"Slowshop","article_modified_time":"2024-11-26T11:55:02+00:00","og_image":[{"width":600,"height":750,"url":"https:\/\/www.slowshop.eu\/wp-content\/uploads\/2021\/05\/Cammino-di-Oropa-2.png","type":"image\/png"}],"twitter_card":"summary_large_image","twitter_misc":{"Dur\u00e9e de lecture estim\u00e9e":"1 minute"},"schema":{"@context":"https:\/\/schema.org","@graph":[{"@type":"WebPage","@id":"https:\/\/www.slowshop.eu\/fr\/produit\/credential-chemin-doropa\/","url":"https:\/\/www.slowshop.eu\/fr\/produit\/credential-chemin-doropa\/","name":"Credential Chemin d'Oropa - Slowshop","isPartOf":{"@id":"https:\/\/www.slowshop.eu\/fr\/#website"},"primaryImageOfPage":{"@id":"https:\/\/www.slowshop.eu\/fr\/produit\/credential-chemin-doropa\/#primaryimage"},"image":{"@id":"https:\/\/www.slowshop.eu\/fr\/produit\/credential-chemin-doropa\/#primaryimage"},"thumbnailUrl":"https:\/\/www.slowshop.eu\/wp-content\/uploads\/2021\/05\/Cammino-di-Oropa-2.png","datePublished":"2021-05-20T11:46:51+00:00","dateModified":"2024-11-26T11:55:02+00:00","description":"Achete la Credential Chemin d'Oropa et pars avec nous pour une aventure incroyable sur ce chemin","breadcrumb":{"@id":"https:\/\/www.slowshop.eu\/fr\/produit\/credential-chemin-doropa\/#breadcrumb"},"inLanguage":"fr-FR","potentialAction":[{"@type":"ReadAction","target":["https:\/\/www.slowshop.eu\/fr\/produit\/credential-chemin-doropa\/"]}]},{"@type":"ImageObject","inLanguage":"fr-FR","@id":"https:\/\/www.slowshop.eu\/fr\/produit\/credential-chemin-doropa\/#primaryimage","url":"https:\/\/www.slowshop.eu\/wp-content\/uploads\/2021\/05\/Cammino-di-Oropa-2.png","contentUrl":"https:\/\/www.slowshop.eu\/wp-content\/uploads\/2021\/05\/Cammino-di-Oropa-2.png","width":600,"height":750},{"@type":"BreadcrumbList","@id":"https:\/\/www.slowshop.eu\/fr\/produit\/credential-chemin-doropa\/#breadcrumb","itemListElement":[{"@type":"ListItem","position":1,"name":"Home","item":"https:\/\/www.slowshop.eu\/fr\/"},{"@type":"ListItem","position":2,"name":"Catalogue","item":"https:\/\/www.slowshop.eu\/fr\/catalogue\/"},{"@type":"ListItem","position":3,"name":"Credential Chemin d&#8217;Oropa"}]},{"@type":"WebSite","@id":"https:\/\/www.slowshop.eu\/fr\/#website","url":"https:\/\/www.slowshop.eu\/fr\/","name":"SlowShop","description":"Vie Francigene Shop","publisher":{"@id":"https:\/\/www.slowshop.eu\/fr\/#organization"},"potentialAction":[{"@type":"SearchAction","target":{"@type":"EntryPoint","urlTemplate":"https:\/\/www.slowshop.eu\/fr\/?s={search_term_string}"},"query-input":{"@type":"PropertyValueSpecification","valueRequired":true,"valueName":"search_term_string"}}],"inLanguage":"fr-FR"},{"@type":"Organization","@id":"https:\/\/www.slowshop.eu\/fr\/#organization","name":"SlowShop","url":"https:\/\/www.slowshop.eu\/fr\/","logo":{"@type":"ImageObject","inLanguage":"fr-FR","@id":"https:\/\/www.slowshop.eu\/fr\/#\/schema\/logo\/image\/","url":"https:\/\/www.slowshop.eu\/wp-content\/uploads\/2024\/07\/cropped-immagine-1.png","contentUrl":"https:\/\/www.slowshop.eu\/wp-content\/uploads\/2024\/07\/cropped-immagine-1.png","width":512,"height":512,"caption":"SlowShop"},"image":{"@id":"https:\/\/www.slowshop.eu\/fr\/#\/schema\/logo\/image\/"}}]}},"_links":{"self":[{"href":"https:\/\/www.slowshop.eu\/fr\/wp-json\/wp\/v2\/product\/4309","targetHints":{"allow":["GET"]}}],"collection":[{"href":"https:\/\/www.slowshop.eu\/fr\/wp-json\/wp\/v2\/product"}],"about":[{"href":"https:\/\/www.slowshop.eu\/fr\/wp-json\/wp\/v2\/types\/product"}],"wp:featuredmedia":[{"embeddable":true,"href":"https:\/\/www.slowshop.eu\/fr\/wp-json\/wp\/v2\/media\/14061"}],"wp:attachment":[{"href":"https:\/\/www.slowshop.eu\/fr\/wp-json\/wp\/v2\/media?parent=4309"}],"wp:term":[{"taxonomy":"product_brand","embeddable":true,"href":"https:\/\/www.slowshop.eu\/fr\/wp-json\/wp\/v2\/product_brand?post=4309"},{"taxonomy":"product_cat","embeddable":true,"href":"https:\/\/www.slowshop.eu\/fr\/wp-json\/wp\/v2\/product_cat?post=4309"},{"taxonomy":"product_tag","embeddable":true,"href":"https:\/\/www.slowshop.eu\/fr\/wp-json\/wp\/v2\/product_tag?post=4309"}],"curies":[{"name":"wp","href":"https:\/\/api.w.org\/{rel}","templated":true}]}}