{"id":4310,"date":"2021-05-28T11:47:05","date_gmt":"2021-05-28T09:47:05","guid":{"rendered":"https:\/\/www.slowshop.eu\/product\/piece-brodee-du-chemin-doropa\/"},"modified":"2025-01-14T13:23:27","modified_gmt":"2025-01-14T12:23:27","slug":"piece-brodee-du-chemin-doropa","status":"publish","type":"product","link":"https:\/\/www.slowshop.eu\/fr\/produit\/piece-brodee-du-chemin-doropa\/","title":{"rendered":"Pi\u00e8ce brod\u00e9e du Chemin d\u2019Oropa"},"content":{"rendered":"<h3>Pi\u00e8ce brod\u00e9e du Chemin d\u2019Oropa<\/h3>\n<p><span id=\"s2_1\">Pi\u00e8ce brod\u00e9e du Chemin d\u2019Oropa \u00e0 appliquer sur le sac \u00e0 dos avec le symbole du Chemin. <\/span><span id=\"s2_2\">Le <span id=\"s2_1\">Pi\u00e8ce <\/span>est en tissu floqu\u00e9 <strong>jaune<\/strong> avec des accents brod\u00e9s en noir.<\/span> <span id=\"s2_3\">Il peut \u00eatre cousu ou repass\u00e9.<\/span><\/p>\n<p><strong><span id=\"s2_1\">D\u00e9couvrez le Chemin d\u2019Oropa:\u00a0<\/span><\/strong><br \/>\n<span id=\"s2_2\">D\u00e9couvrez chaque d\u00e9tail du chemin vers le suggestif Sanctuaire d\u2019Oropa.<\/span>\u00a0<span id=\"s2_3\">Un voyage spectaculaire dans la nature de la Serra Morenica, entre les rizi\u00e8res de Vercellese et les vues sur les imposantes Alpes.<\/span><\/p>\n<p><span id=\"s2_4\">Il est un itin\u00e9raire adapt\u00e9 \u00e0 tous, compos\u00e9 de 4 \u00e9tapes pratiques id\u00e9ales pour ceux qui sont \u00e0 sa premi\u00e8re exp\u00e9rience et agr\u00e9able pour les plus exp\u00e9riment\u00e9s.<\/span>\u00a0<span id=\"s2_5\">Le parcours peut \u00eatre int\u00e9gr\u00e9 avec les itin\u00e9raires environnants et est parfait pour un long week-end.<\/span><\/p>\n<p><span id=\"s2_1\">Le point de d\u00e9part est \u00e0 seulement deux heures de Milan et Turin.<\/span>\u00a0<span id=\"s2_2\">D\u00e8s que je suis descendu du train \u00e0 Santhi\u00e0, en effet, le chemin peut \u00eatre consid\u00e9r\u00e9 comme d\u00e9j\u00e0 commenc\u00e9.<\/span>\u00a0<span id=\"s2_3\">Rassa et Fontainemore les \u00e9tapes interm\u00e9diaires de la difficult\u00e9 croissante id\u00e9ale pour d\u00e9couvrir et conna\u00eetre ses limites.<\/span>\u00a0<span id=\"s2_4\">Une fois arriv\u00e9 au Sanctuaire, vous trouverez la suggestive Vierge Noire d\u2019Oropa, dont le couronnement est c\u00e9l\u00e9br\u00e9 en 2020, un \u00e9v\u00e9nement centenaire datant de 1620.<\/span><\/p>\n<p>Prenez votre photo et suivez notre page <a href=\"https:\/\/www.instagram.com\/sloways_travels\/\">@sloways_travel<\/a>\u00a0<span id=\"s2_5\">sur instagram avec le hashtag #<strong>spassolento<\/strong>!<\/span><\/p>\n<p><strong>Tu as ton credential?<\/strong><br \/>\nLa\u00a0<strong>credential<\/strong> repr\u00e9sente le \u00ab\u00a0passeport du p\u00e8lerin\u00a0\u00bb.\u00a0Il atteste l\u2019identit\u00e9 et les motivations du voyageur, c\u2019est donc un outil indispensable.<a href=\"https:\/\/www.slowshop.eu\/fr\/produit\/credential-chemin-doropa\/\">\u00a0Vous pouvez l\u2019acheter ici<\/a><\/p>\n<p><strong><span id=\"s2_6\">Pars avec nous<\/span><\/strong><br \/>\n<span id=\"s2_7\">Maintenant que vous avez le patch brod\u00e9 officiel, vous n\u2019avez plus qu\u2019\u00e0 r\u00e9server votre voyage sur le <a href=\"https:\/\/www.sloways.eu\/it\/cammini\/cammino-di-oropa\">Chemin d\u2019Oropa<\/a>.<\/span>\u00a0Si vous r\u00e9servez sur notre site, vous recevrez la documentation compl\u00e8te pour votre voyage, nous r\u00e9serverons des installations de r\u00eave pour vos s\u00e9jours afin que vos vacances soient inoubliables.<br \/>\nPour nous contacter, \u00e9crivez un mail \u00e0 <a href=\"mailto:info@sloways.eu\">info@sloways.eu<\/a> ou visitez la page <a href=\"https:\/\/www.sloways.eu\/\">contacts<\/a> sur notre site web.<\/p>\n","protected":false},"excerpt":{"rendered":"<p>Pi\u00e8ce brod\u00e9e du Chemin d\u2019Oropa \u00e0 appliquer sur le sac \u00e0 dos avec le symbole du Chemin. Le Pi\u00e8ce est en tissu floqu\u00e9 jaune avec des accents brod\u00e9s en noir. Il peut \u00eatre cousu ou repass\u00e9.<\/p>\n","protected":false},"featured_media":2874,"template":"","meta":{"_monsterinsights_skip_tracking":false,"_monsterinsights_sitenote_active":false,"_monsterinsights_sitenote_note":"","_monsterinsights_sitenote_category":0},"product_brand":[],"product_cat":[],"product_tag":[],"class_list":{"0":"post-4310","1":"product","2":"type-product","3":"status-publish","4":"has-post-thumbnail","6":"tm-no-options","8":"first","9":"instock","10":"taxable","11":"shipping-taxable","12":"purchasable","13":"product-type-simple"},"bundle_layout":"","bundle_add_to_cart_form_location":"","bundle_editable_in_cart":false,"bundle_sold_individually_context":"","bundle_item_grouping":"","bundle_min_size":"","bundle_max_size":"","bundled_by":[],"bundled_items":[],"yoast_head":"<!-- This site is optimized with the Yoast SEO plugin v26.2 - https:\/\/yoast.com\/wordpress\/plugins\/seo\/ -->\n<title>Pi\u00e8ce brod\u00e9e du Chemin d\u2019Oropa - Slowshop<\/title>\n<meta name=\"description\" content=\"Achete la Pi\u00e8ce brod\u00e9e du Chemin d\u2019Oropa et pars avec nous pour une aventure incroyable sur ce chemin\" \/>\n<meta name=\"robots\" content=\"index, follow, max-snippet:-1, max-image-preview:large, max-video-preview:-1\" \/>\n<link rel=\"canonical\" href=\"https:\/\/www.slowshop.eu\/fr\/produit\/piece-brodee-du-chemin-doropa\/\" \/>\n<meta property=\"og:locale\" content=\"fr_FR\" \/>\n<meta property=\"og:type\" content=\"article\" \/>\n<meta property=\"og:title\" content=\"Pi\u00e8ce brod\u00e9e du Chemin d\u2019Oropa - Slowshop\" \/>\n<meta property=\"og:description\" content=\"Achete la Pi\u00e8ce brod\u00e9e du Chemin d\u2019Oropa et pars avec nous pour une aventure incroyable sur ce chemin\" \/>\n<meta property=\"og:url\" content=\"https:\/\/www.slowshop.eu\/fr\/produit\/piece-brodee-du-chemin-doropa\/\" \/>\n<meta property=\"og:site_name\" content=\"Slowshop\" \/>\n<meta property=\"article:modified_time\" content=\"2025-01-14T12:23:27+00:00\" \/>\n<meta property=\"og:image\" content=\"https:\/\/www.slowshop.eu\/wp-content\/uploads\/2021\/05\/Toppa-Cammino-di-Oropa.png\" \/>\n\t<meta property=\"og:image:width\" content=\"600\" \/>\n\t<meta property=\"og:image:height\" content=\"750\" \/>\n\t<meta property=\"og:image:type\" content=\"image\/png\" \/>\n<meta name=\"twitter:card\" content=\"summary_large_image\" \/>\n<meta name=\"twitter:label1\" content=\"Dur\u00e9e de lecture estim\u00e9e\" \/>\n\t<meta name=\"twitter:data1\" content=\"2 minutes\" \/>\n<script type=\"application\/ld+json\" class=\"yoast-schema-graph\">{\"@context\":\"https:\/\/schema.org\",\"@graph\":[{\"@type\":\"WebPage\",\"@id\":\"https:\/\/www.slowshop.eu\/fr\/produit\/piece-brodee-du-chemin-doropa\/\",\"url\":\"https:\/\/www.slowshop.eu\/fr\/produit\/piece-brodee-du-chemin-doropa\/\",\"name\":\"Pi\u00e8ce brod\u00e9e du Chemin d\u2019Oropa - Slowshop\",\"isPartOf\":{\"@id\":\"https:\/\/www.slowshop.eu\/fr\/#website\"},\"primaryImageOfPage\":{\"@id\":\"https:\/\/www.slowshop.eu\/fr\/produit\/piece-brodee-du-chemin-doropa\/#primaryimage\"},\"image\":{\"@id\":\"https:\/\/www.slowshop.eu\/fr\/produit\/piece-brodee-du-chemin-doropa\/#primaryimage\"},\"thumbnailUrl\":\"https:\/\/www.slowshop.eu\/wp-content\/uploads\/2021\/05\/Toppa-Cammino-di-Oropa.png\",\"datePublished\":\"2021-05-28T09:47:05+00:00\",\"dateModified\":\"2025-01-14T12:23:27+00:00\",\"description\":\"Achete la Pi\u00e8ce brod\u00e9e du Chemin d\u2019Oropa et pars avec nous pour une aventure incroyable sur ce chemin\",\"breadcrumb\":{\"@id\":\"https:\/\/www.slowshop.eu\/fr\/produit\/piece-brodee-du-chemin-doropa\/#breadcrumb\"},\"inLanguage\":\"fr-FR\",\"potentialAction\":[{\"@type\":\"ReadAction\",\"target\":[\"https:\/\/www.slowshop.eu\/fr\/produit\/piece-brodee-du-chemin-doropa\/\"]}]},{\"@type\":\"ImageObject\",\"inLanguage\":\"fr-FR\",\"@id\":\"https:\/\/www.slowshop.eu\/fr\/produit\/piece-brodee-du-chemin-doropa\/#primaryimage\",\"url\":\"https:\/\/www.slowshop.eu\/wp-content\/uploads\/2021\/05\/Toppa-Cammino-di-Oropa.png\",\"contentUrl\":\"https:\/\/www.slowshop.eu\/wp-content\/uploads\/2021\/05\/Toppa-Cammino-di-Oropa.png\",\"width\":600,\"height\":750},{\"@type\":\"BreadcrumbList\",\"@id\":\"https:\/\/www.slowshop.eu\/fr\/produit\/piece-brodee-du-chemin-doropa\/#breadcrumb\",\"itemListElement\":[{\"@type\":\"ListItem\",\"position\":1,\"name\":\"Home\",\"item\":\"https:\/\/www.slowshop.eu\/fr\/\"},{\"@type\":\"ListItem\",\"position\":2,\"name\":\"Catalogue\",\"item\":\"https:\/\/www.slowshop.eu\/fr\/catalogue\/\"},{\"@type\":\"ListItem\",\"position\":3,\"name\":\"Pi\u00e8ce brod\u00e9e du Chemin d\u2019Oropa\"}]},{\"@type\":\"WebSite\",\"@id\":\"https:\/\/www.slowshop.eu\/fr\/#website\",\"url\":\"https:\/\/www.slowshop.eu\/fr\/\",\"name\":\"SlowShop\",\"description\":\"Vie Francigene Shop\",\"publisher\":{\"@id\":\"https:\/\/www.slowshop.eu\/fr\/#organization\"},\"potentialAction\":[{\"@type\":\"SearchAction\",\"target\":{\"@type\":\"EntryPoint\",\"urlTemplate\":\"https:\/\/www.slowshop.eu\/fr\/?s={search_term_string}\"},\"query-input\":{\"@type\":\"PropertyValueSpecification\",\"valueRequired\":true,\"valueName\":\"search_term_string\"}}],\"inLanguage\":\"fr-FR\"},{\"@type\":\"Organization\",\"@id\":\"https:\/\/www.slowshop.eu\/fr\/#organization\",\"name\":\"SlowShop\",\"url\":\"https:\/\/www.slowshop.eu\/fr\/\",\"logo\":{\"@type\":\"ImageObject\",\"inLanguage\":\"fr-FR\",\"@id\":\"https:\/\/www.slowshop.eu\/fr\/#\/schema\/logo\/image\/\",\"url\":\"https:\/\/www.slowshop.eu\/wp-content\/uploads\/2024\/07\/cropped-immagine-1.png\",\"contentUrl\":\"https:\/\/www.slowshop.eu\/wp-content\/uploads\/2024\/07\/cropped-immagine-1.png\",\"width\":512,\"height\":512,\"caption\":\"SlowShop\"},\"image\":{\"@id\":\"https:\/\/www.slowshop.eu\/fr\/#\/schema\/logo\/image\/\"}}]}<\/script>\n<!-- \/ Yoast SEO plugin. -->","yoast_head_json":{"title":"Pi\u00e8ce brod\u00e9e du Chemin d\u2019Oropa - Slowshop","description":"Achete la Pi\u00e8ce brod\u00e9e du Chemin d\u2019Oropa et pars avec nous pour une aventure incroyable sur ce chemin","robots":{"index":"index","follow":"follow","max-snippet":"max-snippet:-1","max-image-preview":"max-image-preview:large","max-video-preview":"max-video-preview:-1"},"canonical":"https:\/\/www.slowshop.eu\/fr\/produit\/piece-brodee-du-chemin-doropa\/","og_locale":"fr_FR","og_type":"article","og_title":"Pi\u00e8ce brod\u00e9e du Chemin d\u2019Oropa - Slowshop","og_description":"Achete la Pi\u00e8ce brod\u00e9e du Chemin d\u2019Oropa et pars avec nous pour une aventure incroyable sur ce chemin","og_url":"https:\/\/www.slowshop.eu\/fr\/produit\/piece-brodee-du-chemin-doropa\/","og_site_name":"Slowshop","article_modified_time":"2025-01-14T12:23:27+00:00","og_image":[{"width":600,"height":750,"url":"https:\/\/www.slowshop.eu\/wp-content\/uploads\/2021\/05\/Toppa-Cammino-di-Oropa.png","type":"image\/png"}],"twitter_card":"summary_large_image","twitter_misc":{"Dur\u00e9e de lecture estim\u00e9e":"2 minutes"},"schema":{"@context":"https:\/\/schema.org","@graph":[{"@type":"WebPage","@id":"https:\/\/www.slowshop.eu\/fr\/produit\/piece-brodee-du-chemin-doropa\/","url":"https:\/\/www.slowshop.eu\/fr\/produit\/piece-brodee-du-chemin-doropa\/","name":"Pi\u00e8ce brod\u00e9e du Chemin d\u2019Oropa - Slowshop","isPartOf":{"@id":"https:\/\/www.slowshop.eu\/fr\/#website"},"primaryImageOfPage":{"@id":"https:\/\/www.slowshop.eu\/fr\/produit\/piece-brodee-du-chemin-doropa\/#primaryimage"},"image":{"@id":"https:\/\/www.slowshop.eu\/fr\/produit\/piece-brodee-du-chemin-doropa\/#primaryimage"},"thumbnailUrl":"https:\/\/www.slowshop.eu\/wp-content\/uploads\/2021\/05\/Toppa-Cammino-di-Oropa.png","datePublished":"2021-05-28T09:47:05+00:00","dateModified":"2025-01-14T12:23:27+00:00","description":"Achete la Pi\u00e8ce brod\u00e9e du Chemin d\u2019Oropa et pars avec nous pour une aventure incroyable sur ce chemin","breadcrumb":{"@id":"https:\/\/www.slowshop.eu\/fr\/produit\/piece-brodee-du-chemin-doropa\/#breadcrumb"},"inLanguage":"fr-FR","potentialAction":[{"@type":"ReadAction","target":["https:\/\/www.slowshop.eu\/fr\/produit\/piece-brodee-du-chemin-doropa\/"]}]},{"@type":"ImageObject","inLanguage":"fr-FR","@id":"https:\/\/www.slowshop.eu\/fr\/produit\/piece-brodee-du-chemin-doropa\/#primaryimage","url":"https:\/\/www.slowshop.eu\/wp-content\/uploads\/2021\/05\/Toppa-Cammino-di-Oropa.png","contentUrl":"https:\/\/www.slowshop.eu\/wp-content\/uploads\/2021\/05\/Toppa-Cammino-di-Oropa.png","width":600,"height":750},{"@type":"BreadcrumbList","@id":"https:\/\/www.slowshop.eu\/fr\/produit\/piece-brodee-du-chemin-doropa\/#breadcrumb","itemListElement":[{"@type":"ListItem","position":1,"name":"Home","item":"https:\/\/www.slowshop.eu\/fr\/"},{"@type":"ListItem","position":2,"name":"Catalogue","item":"https:\/\/www.slowshop.eu\/fr\/catalogue\/"},{"@type":"ListItem","position":3,"name":"Pi\u00e8ce brod\u00e9e du Chemin d\u2019Oropa"}]},{"@type":"WebSite","@id":"https:\/\/www.slowshop.eu\/fr\/#website","url":"https:\/\/www.slowshop.eu\/fr\/","name":"SlowShop","description":"Vie Francigene Shop","publisher":{"@id":"https:\/\/www.slowshop.eu\/fr\/#organization"},"potentialAction":[{"@type":"SearchAction","target":{"@type":"EntryPoint","urlTemplate":"https:\/\/www.slowshop.eu\/fr\/?s={search_term_string}"},"query-input":{"@type":"PropertyValueSpecification","valueRequired":true,"valueName":"search_term_string"}}],"inLanguage":"fr-FR"},{"@type":"Organization","@id":"https:\/\/www.slowshop.eu\/fr\/#organization","name":"SlowShop","url":"https:\/\/www.slowshop.eu\/fr\/","logo":{"@type":"ImageObject","inLanguage":"fr-FR","@id":"https:\/\/www.slowshop.eu\/fr\/#\/schema\/logo\/image\/","url":"https:\/\/www.slowshop.eu\/wp-content\/uploads\/2024\/07\/cropped-immagine-1.png","contentUrl":"https:\/\/www.slowshop.eu\/wp-content\/uploads\/2024\/07\/cropped-immagine-1.png","width":512,"height":512,"caption":"SlowShop"},"image":{"@id":"https:\/\/www.slowshop.eu\/fr\/#\/schema\/logo\/image\/"}}]}},"_links":{"self":[{"href":"https:\/\/www.slowshop.eu\/fr\/wp-json\/wp\/v2\/product\/4310","targetHints":{"allow":["GET"]}}],"collection":[{"href":"https:\/\/www.slowshop.eu\/fr\/wp-json\/wp\/v2\/product"}],"about":[{"href":"https:\/\/www.slowshop.eu\/fr\/wp-json\/wp\/v2\/types\/product"}],"wp:featuredmedia":[{"embeddable":true,"href":"https:\/\/www.slowshop.eu\/fr\/wp-json\/wp\/v2\/media\/2874"}],"wp:attachment":[{"href":"https:\/\/www.slowshop.eu\/fr\/wp-json\/wp\/v2\/media?parent=4310"}],"wp:term":[{"taxonomy":"product_brand","embeddable":true,"href":"https:\/\/www.slowshop.eu\/fr\/wp-json\/wp\/v2\/product_brand?post=4310"},{"taxonomy":"product_cat","embeddable":true,"href":"https:\/\/www.slowshop.eu\/fr\/wp-json\/wp\/v2\/product_cat?post=4310"},{"taxonomy":"product_tag","embeddable":true,"href":"https:\/\/www.slowshop.eu\/fr\/wp-json\/wp\/v2\/product_tag?post=4310"}],"curies":[{"name":"wp","href":"https:\/\/api.w.org\/{rel}","templated":true}]}}