{"id":4311,"date":"2021-05-21T11:03:44","date_gmt":"2021-05-21T09:03:44","guid":{"rendered":"https:\/\/www.slowshop.eu\/product\/credential-via-degli-dei\/"},"modified":"2025-04-18T10:35:24","modified_gmt":"2025-04-18T08:35:24","slug":"credential-via-degli-dei","status":"publish","type":"product","link":"https:\/\/www.slowshop.eu\/fr\/produit\/credential-via-degli-dei\/","title":{"rendered":"Credential Via degli Dei"},"content":{"rendered":"<h3>Credential Via degli Dei<\/h3>\n<p><span id=\"s2_1\">La Credential Via degli Dei est le document fondamental pour vivre au mieux votre exp\u00e9rience et repr\u00e9sente un v\u00e9ritable \u00ab\u00a0passeport du p\u00e8lerin\u00a0\u00bb.<\/span><\/p>\n<p><span id=\"s2_2\">Il atteste l\u2019identit\u00e9 et les motivations du voyageur, c\u2019est un instrument indispensable. Le p\u00e8lerin doit avoir la cr\u00e9ance du p\u00e8lerin avec lui pour \u00eatre identifi\u00e9 comme tel. Il est n\u00e9cessaire d\u2019avoir l\u2019accr\u00e9ditation pour avoir acc\u00e8s aux structures d\u2019accueil pr\u00e9vues le long de l\u2019itin\u00e9raire. En outre, il permet de profiter des conventions avec les activit\u00e9s de restauration. Dans certaines r\u00e9gions, les services de transport en commun sont \u00e9galement convenus.<\/span><\/p>\n<p><span id=\"s2_1\">La Via degli Dei unit dans environ 130 km Bologne \u00e0 Florence, le long de la \u00ab\u00a0Flaminia Militare\u00a0\u00bb caract\u00e9ristique pour les pav\u00e9s d\u2019origine romaine que vous trouverez dans diff\u00e9rents tron\u00e7ons du parcours.<\/span><\/p>\n<p><span id=\"s2_2\">Pour ceux qui veulent parcourir tout l\u2019itin\u00e9raire, on part de Piazza Maggiore pour monter \u00e0 San Luca pour ensuite suivre le long du Rhin jusqu\u2019\u00e0 Sasso Marconi et on y grimpe pour ce paysage unique qu\u2019est le Contrafforte Pliocenico.<\/span>\u00a0<span id=\"s2_3\">Enfin, vous arrivez \u00e0 Florence avec une vue spectaculaire d\u2019en haut de Fiesole.<\/span><\/p>\n<p><span id=\"s2_1\">Beaucoup de structures accueillent les p\u00e8lerins en demandant une offre simple utile pour supporter les frais de gestion, dans d\u2019autres cas, quand il s\u2019agit de structures d\u2019accueil qui offrent plus de services ou des moyens de transport publics tels que les trains et les autobus, des r\u00e9ductions sont g\u00e9n\u00e9ralement appliqu\u00e9es.<\/span><\/p>\n<p><span id=\"s2_2\">L\u2019identifiant contient 10 bo\u00eetes d\u2019estampillage, suffisantes pour les deux versions du parcours (5 et 7 jours).<\/span>\u00a0<span id=\"s2_3\">Commandez votre titre de p\u00e8lerin et partez sur votre chemin le long de la Via degli Dei, de la Piazza Maggiore \u00e0 Florence!<\/span><\/p>\n<p><strong><span id=\"s2_1\">Notre conseil?<\/span><\/strong> Pr\u00e9parez-vous, achetez la <a href=\"https:\/\/www.slowshop.eu\/fr\/produit\/t-shirt-via-degli-dei\/\">T-Shirt Via degli Dei<\/a> et prenez votre photo et suivez notre page <a href=\"https:\/\/www.instagram.com\/sloways_travels\/\">@sloways_travel <\/a>sur Instagram avec le hashtag #<strong>spassolento<\/strong>!<\/p>\n<p><strong>Pars avec nous<\/strong><br \/>\nMaintenant, il vous suffit de r\u00e9server votre voyage le long de la <a href=\"https:\/\/www.sloways.eu\/camino-pilgrimage\/tuscany-via-degli-dei\">Via degli Dei.<\/a> Si vous r\u00e9servez sur notre site, vous recevrez la documentation compl\u00e8te pour votre voyage, nous vous fournirons une assistance 24h et r\u00e9serverons des installations de r\u00eave pour vos s\u00e9jours afin que vos vacances se r\u00e9v\u00e8lent une exp\u00e9rience inoubliable. Pour nous contacter, \u00e9crivez un mail \u00e0 <a href=\"mailto:info@sloways.eu\">info@sloways.eu<\/a> ou visitez la page <a href=\"https:\/\/www.sloways.eu\/\">contacts<\/a> sur notre site web.<\/p>\n<p>&nbsp;<\/p>\n","protected":false},"excerpt":{"rendered":"<p>La Credential Via degli Dei est le document fondamental pour vivre au mieux votre exp\u00e9rience et repr\u00e9sente un v\u00e9ritable \u00ab\u00a0passeport du p\u00e8lerin\u00a0\u00bb.<\/p>\n","protected":false},"featured_media":3855,"template":"","meta":{"_monsterinsights_skip_tracking":false,"_monsterinsights_sitenote_active":false,"_monsterinsights_sitenote_note":"","_monsterinsights_sitenote_category":0},"product_brand":[],"product_cat":[103],"product_tag":[156],"class_list":{"0":"post-4311","1":"product","2":"type-product","3":"status-publish","4":"has-post-thumbnail","6":"product_cat-guides-et-passeport-pelerin","7":"product_tag-credenziali-fr","8":"product_shipping_class-documenti-fr","9":"tm-no-options","11":"first","12":"instock","13":"sale","14":"taxable","15":"shipping-taxable","16":"purchasable","17":"product-type-simple"},"bundle_layout":"","bundle_add_to_cart_form_location":"","bundle_editable_in_cart":false,"bundle_sold_individually_context":"","bundle_item_grouping":"","bundle_min_size":"","bundle_max_size":"","bundled_by":[],"bundled_items":[],"yoast_head":"<!-- This site is optimized with the Yoast SEO plugin v26.2 - https:\/\/yoast.com\/wordpress\/plugins\/seo\/ -->\n<title>Credential Via degli Dei - Slowshop<\/title>\n<meta name=\"description\" content=\"Achete la Credential Via degli Dei et pars avec nous pour une aventure incroyable sur ce chemin\" \/>\n<meta name=\"robots\" content=\"index, follow, max-snippet:-1, max-image-preview:large, max-video-preview:-1\" \/>\n<link rel=\"canonical\" href=\"https:\/\/www.slowshop.eu\/fr\/produit\/credential-via-degli-dei\/\" \/>\n<meta property=\"og:locale\" content=\"fr_FR\" \/>\n<meta property=\"og:type\" content=\"article\" \/>\n<meta property=\"og:title\" content=\"Credential Via degli Dei - Slowshop\" \/>\n<meta property=\"og:description\" content=\"Achete la Credential Via degli Dei et pars avec nous pour une aventure incroyable sur ce chemin\" \/>\n<meta property=\"og:url\" content=\"https:\/\/www.slowshop.eu\/fr\/produit\/credential-via-degli-dei\/\" \/>\n<meta property=\"og:site_name\" content=\"Slowshop\" \/>\n<meta property=\"article:modified_time\" content=\"2025-04-18T08:35:24+00:00\" \/>\n<meta property=\"og:image\" content=\"https:\/\/www.slowshop.eu\/wp-content\/uploads\/2021\/05\/Credenziale.png\" \/>\n\t<meta property=\"og:image:width\" content=\"600\" \/>\n\t<meta property=\"og:image:height\" content=\"750\" \/>\n\t<meta property=\"og:image:type\" content=\"image\/png\" \/>\n<meta name=\"twitter:card\" content=\"summary_large_image\" \/>\n<meta name=\"twitter:label1\" content=\"Dur\u00e9e de lecture estim\u00e9e\" \/>\n\t<meta name=\"twitter:data1\" content=\"2 minutes\" \/>\n<script type=\"application\/ld+json\" class=\"yoast-schema-graph\">{\"@context\":\"https:\/\/schema.org\",\"@graph\":[{\"@type\":\"WebPage\",\"@id\":\"https:\/\/www.slowshop.eu\/fr\/produit\/credential-via-degli-dei\/\",\"url\":\"https:\/\/www.slowshop.eu\/fr\/produit\/credential-via-degli-dei\/\",\"name\":\"Credential Via degli Dei - Slowshop\",\"isPartOf\":{\"@id\":\"https:\/\/www.slowshop.eu\/fr\/#website\"},\"primaryImageOfPage\":{\"@id\":\"https:\/\/www.slowshop.eu\/fr\/produit\/credential-via-degli-dei\/#primaryimage\"},\"image\":{\"@id\":\"https:\/\/www.slowshop.eu\/fr\/produit\/credential-via-degli-dei\/#primaryimage\"},\"thumbnailUrl\":\"https:\/\/www.slowshop.eu\/wp-content\/uploads\/2021\/05\/Credenziale.png\",\"datePublished\":\"2021-05-21T09:03:44+00:00\",\"dateModified\":\"2025-04-18T08:35:24+00:00\",\"description\":\"Achete la Credential Via degli Dei et pars avec nous pour une aventure incroyable sur ce chemin\",\"breadcrumb\":{\"@id\":\"https:\/\/www.slowshop.eu\/fr\/produit\/credential-via-degli-dei\/#breadcrumb\"},\"inLanguage\":\"fr-FR\",\"potentialAction\":[{\"@type\":\"ReadAction\",\"target\":[\"https:\/\/www.slowshop.eu\/fr\/produit\/credential-via-degli-dei\/\"]}]},{\"@type\":\"ImageObject\",\"inLanguage\":\"fr-FR\",\"@id\":\"https:\/\/www.slowshop.eu\/fr\/produit\/credential-via-degli-dei\/#primaryimage\",\"url\":\"https:\/\/www.slowshop.eu\/wp-content\/uploads\/2021\/05\/Credenziale.png\",\"contentUrl\":\"https:\/\/www.slowshop.eu\/wp-content\/uploads\/2021\/05\/Credenziale.png\",\"width\":600,\"height\":750},{\"@type\":\"BreadcrumbList\",\"@id\":\"https:\/\/www.slowshop.eu\/fr\/produit\/credential-via-degli-dei\/#breadcrumb\",\"itemListElement\":[{\"@type\":\"ListItem\",\"position\":1,\"name\":\"Home\",\"item\":\"https:\/\/www.slowshop.eu\/fr\/\"},{\"@type\":\"ListItem\",\"position\":2,\"name\":\"Catalogue\",\"item\":\"https:\/\/www.slowshop.eu\/fr\/catalogue\/\"},{\"@type\":\"ListItem\",\"position\":3,\"name\":\"Credential Via degli Dei\"}]},{\"@type\":\"WebSite\",\"@id\":\"https:\/\/www.slowshop.eu\/fr\/#website\",\"url\":\"https:\/\/www.slowshop.eu\/fr\/\",\"name\":\"SlowShop\",\"description\":\"Vie Francigene Shop\",\"publisher\":{\"@id\":\"https:\/\/www.slowshop.eu\/fr\/#organization\"},\"potentialAction\":[{\"@type\":\"SearchAction\",\"target\":{\"@type\":\"EntryPoint\",\"urlTemplate\":\"https:\/\/www.slowshop.eu\/fr\/?s={search_term_string}\"},\"query-input\":{\"@type\":\"PropertyValueSpecification\",\"valueRequired\":true,\"valueName\":\"search_term_string\"}}],\"inLanguage\":\"fr-FR\"},{\"@type\":\"Organization\",\"@id\":\"https:\/\/www.slowshop.eu\/fr\/#organization\",\"name\":\"SlowShop\",\"url\":\"https:\/\/www.slowshop.eu\/fr\/\",\"logo\":{\"@type\":\"ImageObject\",\"inLanguage\":\"fr-FR\",\"@id\":\"https:\/\/www.slowshop.eu\/fr\/#\/schema\/logo\/image\/\",\"url\":\"https:\/\/www.slowshop.eu\/wp-content\/uploads\/2024\/07\/cropped-immagine-1.png\",\"contentUrl\":\"https:\/\/www.slowshop.eu\/wp-content\/uploads\/2024\/07\/cropped-immagine-1.png\",\"width\":512,\"height\":512,\"caption\":\"SlowShop\"},\"image\":{\"@id\":\"https:\/\/www.slowshop.eu\/fr\/#\/schema\/logo\/image\/\"}}]}<\/script>\n<!-- \/ Yoast SEO plugin. -->","yoast_head_json":{"title":"Credential Via degli Dei - Slowshop","description":"Achete la Credential Via degli Dei et pars avec nous pour une aventure incroyable sur ce chemin","robots":{"index":"index","follow":"follow","max-snippet":"max-snippet:-1","max-image-preview":"max-image-preview:large","max-video-preview":"max-video-preview:-1"},"canonical":"https:\/\/www.slowshop.eu\/fr\/produit\/credential-via-degli-dei\/","og_locale":"fr_FR","og_type":"article","og_title":"Credential Via degli Dei - Slowshop","og_description":"Achete la Credential Via degli Dei et pars avec nous pour une aventure incroyable sur ce chemin","og_url":"https:\/\/www.slowshop.eu\/fr\/produit\/credential-via-degli-dei\/","og_site_name":"Slowshop","article_modified_time":"2025-04-18T08:35:24+00:00","og_image":[{"width":600,"height":750,"url":"https:\/\/www.slowshop.eu\/wp-content\/uploads\/2021\/05\/Credenziale.png","type":"image\/png"}],"twitter_card":"summary_large_image","twitter_misc":{"Dur\u00e9e de lecture estim\u00e9e":"2 minutes"},"schema":{"@context":"https:\/\/schema.org","@graph":[{"@type":"WebPage","@id":"https:\/\/www.slowshop.eu\/fr\/produit\/credential-via-degli-dei\/","url":"https:\/\/www.slowshop.eu\/fr\/produit\/credential-via-degli-dei\/","name":"Credential Via degli Dei - Slowshop","isPartOf":{"@id":"https:\/\/www.slowshop.eu\/fr\/#website"},"primaryImageOfPage":{"@id":"https:\/\/www.slowshop.eu\/fr\/produit\/credential-via-degli-dei\/#primaryimage"},"image":{"@id":"https:\/\/www.slowshop.eu\/fr\/produit\/credential-via-degli-dei\/#primaryimage"},"thumbnailUrl":"https:\/\/www.slowshop.eu\/wp-content\/uploads\/2021\/05\/Credenziale.png","datePublished":"2021-05-21T09:03:44+00:00","dateModified":"2025-04-18T08:35:24+00:00","description":"Achete la Credential Via degli Dei et pars avec nous pour une aventure incroyable sur ce chemin","breadcrumb":{"@id":"https:\/\/www.slowshop.eu\/fr\/produit\/credential-via-degli-dei\/#breadcrumb"},"inLanguage":"fr-FR","potentialAction":[{"@type":"ReadAction","target":["https:\/\/www.slowshop.eu\/fr\/produit\/credential-via-degli-dei\/"]}]},{"@type":"ImageObject","inLanguage":"fr-FR","@id":"https:\/\/www.slowshop.eu\/fr\/produit\/credential-via-degli-dei\/#primaryimage","url":"https:\/\/www.slowshop.eu\/wp-content\/uploads\/2021\/05\/Credenziale.png","contentUrl":"https:\/\/www.slowshop.eu\/wp-content\/uploads\/2021\/05\/Credenziale.png","width":600,"height":750},{"@type":"BreadcrumbList","@id":"https:\/\/www.slowshop.eu\/fr\/produit\/credential-via-degli-dei\/#breadcrumb","itemListElement":[{"@type":"ListItem","position":1,"name":"Home","item":"https:\/\/www.slowshop.eu\/fr\/"},{"@type":"ListItem","position":2,"name":"Catalogue","item":"https:\/\/www.slowshop.eu\/fr\/catalogue\/"},{"@type":"ListItem","position":3,"name":"Credential Via degli Dei"}]},{"@type":"WebSite","@id":"https:\/\/www.slowshop.eu\/fr\/#website","url":"https:\/\/www.slowshop.eu\/fr\/","name":"SlowShop","description":"Vie Francigene Shop","publisher":{"@id":"https:\/\/www.slowshop.eu\/fr\/#organization"},"potentialAction":[{"@type":"SearchAction","target":{"@type":"EntryPoint","urlTemplate":"https:\/\/www.slowshop.eu\/fr\/?s={search_term_string}"},"query-input":{"@type":"PropertyValueSpecification","valueRequired":true,"valueName":"search_term_string"}}],"inLanguage":"fr-FR"},{"@type":"Organization","@id":"https:\/\/www.slowshop.eu\/fr\/#organization","name":"SlowShop","url":"https:\/\/www.slowshop.eu\/fr\/","logo":{"@type":"ImageObject","inLanguage":"fr-FR","@id":"https:\/\/www.slowshop.eu\/fr\/#\/schema\/logo\/image\/","url":"https:\/\/www.slowshop.eu\/wp-content\/uploads\/2024\/07\/cropped-immagine-1.png","contentUrl":"https:\/\/www.slowshop.eu\/wp-content\/uploads\/2024\/07\/cropped-immagine-1.png","width":512,"height":512,"caption":"SlowShop"},"image":{"@id":"https:\/\/www.slowshop.eu\/fr\/#\/schema\/logo\/image\/"}}]}},"_links":{"self":[{"href":"https:\/\/www.slowshop.eu\/fr\/wp-json\/wp\/v2\/product\/4311","targetHints":{"allow":["GET"]}}],"collection":[{"href":"https:\/\/www.slowshop.eu\/fr\/wp-json\/wp\/v2\/product"}],"about":[{"href":"https:\/\/www.slowshop.eu\/fr\/wp-json\/wp\/v2\/types\/product"}],"wp:featuredmedia":[{"embeddable":true,"href":"https:\/\/www.slowshop.eu\/fr\/wp-json\/wp\/v2\/media\/3855"}],"wp:attachment":[{"href":"https:\/\/www.slowshop.eu\/fr\/wp-json\/wp\/v2\/media?parent=4311"}],"wp:term":[{"taxonomy":"product_brand","embeddable":true,"href":"https:\/\/www.slowshop.eu\/fr\/wp-json\/wp\/v2\/product_brand?post=4311"},{"taxonomy":"product_cat","embeddable":true,"href":"https:\/\/www.slowshop.eu\/fr\/wp-json\/wp\/v2\/product_cat?post=4311"},{"taxonomy":"product_tag","embeddable":true,"href":"https:\/\/www.slowshop.eu\/fr\/wp-json\/wp\/v2\/product_tag?post=4311"}],"curies":[{"name":"wp","href":"https:\/\/api.w.org\/{rel}","templated":true}]}}