{"id":4326,"date":"2021-05-25T11:37:44","date_gmt":"2021-05-25T09:37:44","guid":{"rendered":"https:\/\/www.slowshop.eu\/product\/credential-du-chemin-de-saint-francois\/"},"modified":"2024-07-10T19:48:09","modified_gmt":"2024-07-10T17:48:09","slug":"credential-du-chemin-de-saint-francois","status":"publish","type":"product","link":"https:\/\/www.slowshop.eu\/fr\/produit\/credential-du-chemin-de-saint-francois\/","title":{"rendered":"Credential du Chemin de Saint Fran\u00e7ois"},"content":{"rendered":"<h3>Credential du Chemin de Saint Fran\u00e7ois<\/h3>\n<p><span id=\"s2_1\">La Credential est le document fondamental pour le p\u00e8lerin.<\/span><\/p>\n<p><span id=\"s2_2\">La <span id=\"s2_1\">Credential <\/span>pour le Chemin de Saint Fran\u00e7ois est un document de voyage qui distingue le p\u00e8lerin de tout autre voyageur.<\/span><br \/>\n<span id=\"s2_3\">Sur celle-ci, \u00e0 chaque \u00e9tape, sont appos\u00e9s les dates et les cachets des lieux d\u2019hospitalit\u00e9.<\/span><br \/>\n<span id=\"s2_4\">Elle est d\u00e9livr\u00e9e par une autorit\u00e9 religieuse qui assume la responsabilit\u00e9 de ce qu\u2019elle affirme, et il faut donc en faire un usage responsable et correct.<\/span><br \/>\n<span id=\"s2_5\">Ceux qui veulent faire un p\u00e8lerinage \u00e0 pied, \u00e0 v\u00e9lo ou \u00e0 cheval ou par d\u2019autres moyens s\u2019engagent \u00e0 en accepter le sens et l\u2019esprit.<\/span><\/p>\n","protected":false},"excerpt":{"rendered":"<p>La Credential pour le Chemin de Saint Fran\u00e7ois est un document de voyage qui distingue le p\u00e8lerin de tout autre voyageur.<br \/>\nSur celle-ci, \u00e0 chaque \u00e9tape, sont appos\u00e9s les dates et les cachets des lieux d\u2019hospitalit\u00e9.<br \/>\nElle est d\u00e9livr\u00e9e par une autorit\u00e9 religieuse qui assume la responsabilit\u00e9 de ce qu\u2019elle affirme, et il faut donc en faire un usage responsable et correct.<br \/>\nCeux qui veulent faire un p\u00e8lerinage \u00e0 pied, \u00e0 v\u00e9lo ou \u00e0 cheval ou par d\u2019autres moyens s\u2019engagent \u00e0 en accepter le sens et l\u2019esprit.<\/p>\n","protected":false},"featured_media":2731,"template":"","meta":{"_monsterinsights_skip_tracking":false,"_monsterinsights_sitenote_active":false,"_monsterinsights_sitenote_note":"","_monsterinsights_sitenote_category":0},"product_brand":[],"product_cat":[103],"product_tag":[],"class_list":{"0":"post-4326","1":"product","2":"type-product","3":"status-publish","4":"has-post-thumbnail","6":"product_cat-guides-et-passeport-pelerin","7":"product_shipping_class-documenti-fr","8":"tm-no-options","10":"first","11":"instock","12":"purchasable","13":"product-type-simple"},"bundle_layout":"","bundle_add_to_cart_form_location":"","bundle_editable_in_cart":false,"bundle_sold_individually_context":"","bundle_item_grouping":"","bundle_min_size":"","bundle_max_size":"","bundled_by":["4102"],"bundled_items":[],"yoast_head":"<!-- This site is optimized with the Yoast SEO plugin v26.2 - https:\/\/yoast.com\/wordpress\/plugins\/seo\/ -->\n<title>Credential du Chemin de Saint Fran\u00e7ois - Slowshop<\/title>\n<meta name=\"description\" content=\"Achete la Credential du Chemin de Saint Fran\u00e7ois et pars avec nous pour une aventure incroyable sur ce chemin\" \/>\n<meta name=\"robots\" content=\"index, follow, max-snippet:-1, max-image-preview:large, max-video-preview:-1\" \/>\n<link rel=\"canonical\" href=\"https:\/\/www.slowshop.eu\/fr\/produit\/credential-du-chemin-de-saint-francois\/\" \/>\n<meta property=\"og:locale\" content=\"fr_FR\" \/>\n<meta property=\"og:type\" content=\"article\" \/>\n<meta property=\"og:title\" content=\"Credential du Chemin de Saint Fran\u00e7ois - Slowshop\" \/>\n<meta property=\"og:description\" content=\"Achete la Credential du Chemin de Saint Fran\u00e7ois et pars avec nous pour une aventure incroyable sur ce chemin\" \/>\n<meta property=\"og:url\" content=\"https:\/\/www.slowshop.eu\/fr\/produit\/credential-du-chemin-de-saint-francois\/\" \/>\n<meta property=\"og:site_name\" content=\"Slowshop\" \/>\n<meta property=\"article:modified_time\" content=\"2024-07-10T17:48:09+00:00\" \/>\n<meta property=\"og:image\" content=\"https:\/\/www.slowshop.eu\/wp-content\/uploads\/2021\/05\/La-Via-di-Francesco-.png\" \/>\n\t<meta property=\"og:image:width\" content=\"600\" \/>\n\t<meta property=\"og:image:height\" content=\"750\" \/>\n\t<meta property=\"og:image:type\" content=\"image\/png\" \/>\n<meta name=\"twitter:card\" content=\"summary_large_image\" \/>\n<meta name=\"twitter:label1\" content=\"Dur\u00e9e de lecture estim\u00e9e\" \/>\n\t<meta name=\"twitter:data1\" content=\"1 minute\" \/>\n<script type=\"application\/ld+json\" class=\"yoast-schema-graph\">{\"@context\":\"https:\/\/schema.org\",\"@graph\":[{\"@type\":\"WebPage\",\"@id\":\"https:\/\/www.slowshop.eu\/fr\/produit\/credential-du-chemin-de-saint-francois\/\",\"url\":\"https:\/\/www.slowshop.eu\/fr\/produit\/credential-du-chemin-de-saint-francois\/\",\"name\":\"Credential du Chemin de Saint Fran\u00e7ois - Slowshop\",\"isPartOf\":{\"@id\":\"https:\/\/www.slowshop.eu\/fr\/#website\"},\"primaryImageOfPage\":{\"@id\":\"https:\/\/www.slowshop.eu\/fr\/produit\/credential-du-chemin-de-saint-francois\/#primaryimage\"},\"image\":{\"@id\":\"https:\/\/www.slowshop.eu\/fr\/produit\/credential-du-chemin-de-saint-francois\/#primaryimage\"},\"thumbnailUrl\":\"https:\/\/www.slowshop.eu\/wp-content\/uploads\/2021\/05\/La-Via-di-Francesco-.png\",\"datePublished\":\"2021-05-25T09:37:44+00:00\",\"dateModified\":\"2024-07-10T17:48:09+00:00\",\"description\":\"Achete la Credential du Chemin de Saint Fran\u00e7ois et pars avec nous pour une aventure incroyable sur ce chemin\",\"breadcrumb\":{\"@id\":\"https:\/\/www.slowshop.eu\/fr\/produit\/credential-du-chemin-de-saint-francois\/#breadcrumb\"},\"inLanguage\":\"fr-FR\",\"potentialAction\":[{\"@type\":\"ReadAction\",\"target\":[\"https:\/\/www.slowshop.eu\/fr\/produit\/credential-du-chemin-de-saint-francois\/\"]}]},{\"@type\":\"ImageObject\",\"inLanguage\":\"fr-FR\",\"@id\":\"https:\/\/www.slowshop.eu\/fr\/produit\/credential-du-chemin-de-saint-francois\/#primaryimage\",\"url\":\"https:\/\/www.slowshop.eu\/wp-content\/uploads\/2021\/05\/La-Via-di-Francesco-.png\",\"contentUrl\":\"https:\/\/www.slowshop.eu\/wp-content\/uploads\/2021\/05\/La-Via-di-Francesco-.png\",\"width\":600,\"height\":750},{\"@type\":\"BreadcrumbList\",\"@id\":\"https:\/\/www.slowshop.eu\/fr\/produit\/credential-du-chemin-de-saint-francois\/#breadcrumb\",\"itemListElement\":[{\"@type\":\"ListItem\",\"position\":1,\"name\":\"Home\",\"item\":\"https:\/\/www.slowshop.eu\/fr\/\"},{\"@type\":\"ListItem\",\"position\":2,\"name\":\"Catalogue\",\"item\":\"https:\/\/www.slowshop.eu\/fr\/catalogue\/\"},{\"@type\":\"ListItem\",\"position\":3,\"name\":\"Credential du Chemin de Saint Fran\u00e7ois\"}]},{\"@type\":\"WebSite\",\"@id\":\"https:\/\/www.slowshop.eu\/fr\/#website\",\"url\":\"https:\/\/www.slowshop.eu\/fr\/\",\"name\":\"SlowShop\",\"description\":\"Vie Francigene Shop\",\"publisher\":{\"@id\":\"https:\/\/www.slowshop.eu\/fr\/#organization\"},\"potentialAction\":[{\"@type\":\"SearchAction\",\"target\":{\"@type\":\"EntryPoint\",\"urlTemplate\":\"https:\/\/www.slowshop.eu\/fr\/?s={search_term_string}\"},\"query-input\":{\"@type\":\"PropertyValueSpecification\",\"valueRequired\":true,\"valueName\":\"search_term_string\"}}],\"inLanguage\":\"fr-FR\"},{\"@type\":\"Organization\",\"@id\":\"https:\/\/www.slowshop.eu\/fr\/#organization\",\"name\":\"SlowShop\",\"url\":\"https:\/\/www.slowshop.eu\/fr\/\",\"logo\":{\"@type\":\"ImageObject\",\"inLanguage\":\"fr-FR\",\"@id\":\"https:\/\/www.slowshop.eu\/fr\/#\/schema\/logo\/image\/\",\"url\":\"https:\/\/www.slowshop.eu\/wp-content\/uploads\/2024\/07\/cropped-immagine-1.png\",\"contentUrl\":\"https:\/\/www.slowshop.eu\/wp-content\/uploads\/2024\/07\/cropped-immagine-1.png\",\"width\":512,\"height\":512,\"caption\":\"SlowShop\"},\"image\":{\"@id\":\"https:\/\/www.slowshop.eu\/fr\/#\/schema\/logo\/image\/\"}}]}<\/script>\n<!-- \/ Yoast SEO plugin. -->","yoast_head_json":{"title":"Credential du Chemin de Saint Fran\u00e7ois - Slowshop","description":"Achete la Credential du Chemin de Saint Fran\u00e7ois et pars avec nous pour une aventure incroyable sur ce chemin","robots":{"index":"index","follow":"follow","max-snippet":"max-snippet:-1","max-image-preview":"max-image-preview:large","max-video-preview":"max-video-preview:-1"},"canonical":"https:\/\/www.slowshop.eu\/fr\/produit\/credential-du-chemin-de-saint-francois\/","og_locale":"fr_FR","og_type":"article","og_title":"Credential du Chemin de Saint Fran\u00e7ois - Slowshop","og_description":"Achete la Credential du Chemin de Saint Fran\u00e7ois et pars avec nous pour une aventure incroyable sur ce chemin","og_url":"https:\/\/www.slowshop.eu\/fr\/produit\/credential-du-chemin-de-saint-francois\/","og_site_name":"Slowshop","article_modified_time":"2024-07-10T17:48:09+00:00","og_image":[{"width":600,"height":750,"url":"https:\/\/www.slowshop.eu\/wp-content\/uploads\/2021\/05\/La-Via-di-Francesco-.png","type":"image\/png"}],"twitter_card":"summary_large_image","twitter_misc":{"Dur\u00e9e de lecture estim\u00e9e":"1 minute"},"schema":{"@context":"https:\/\/schema.org","@graph":[{"@type":"WebPage","@id":"https:\/\/www.slowshop.eu\/fr\/produit\/credential-du-chemin-de-saint-francois\/","url":"https:\/\/www.slowshop.eu\/fr\/produit\/credential-du-chemin-de-saint-francois\/","name":"Credential du Chemin de Saint Fran\u00e7ois - Slowshop","isPartOf":{"@id":"https:\/\/www.slowshop.eu\/fr\/#website"},"primaryImageOfPage":{"@id":"https:\/\/www.slowshop.eu\/fr\/produit\/credential-du-chemin-de-saint-francois\/#primaryimage"},"image":{"@id":"https:\/\/www.slowshop.eu\/fr\/produit\/credential-du-chemin-de-saint-francois\/#primaryimage"},"thumbnailUrl":"https:\/\/www.slowshop.eu\/wp-content\/uploads\/2021\/05\/La-Via-di-Francesco-.png","datePublished":"2021-05-25T09:37:44+00:00","dateModified":"2024-07-10T17:48:09+00:00","description":"Achete la Credential du Chemin de Saint Fran\u00e7ois et pars avec nous pour une aventure incroyable sur ce chemin","breadcrumb":{"@id":"https:\/\/www.slowshop.eu\/fr\/produit\/credential-du-chemin-de-saint-francois\/#breadcrumb"},"inLanguage":"fr-FR","potentialAction":[{"@type":"ReadAction","target":["https:\/\/www.slowshop.eu\/fr\/produit\/credential-du-chemin-de-saint-francois\/"]}]},{"@type":"ImageObject","inLanguage":"fr-FR","@id":"https:\/\/www.slowshop.eu\/fr\/produit\/credential-du-chemin-de-saint-francois\/#primaryimage","url":"https:\/\/www.slowshop.eu\/wp-content\/uploads\/2021\/05\/La-Via-di-Francesco-.png","contentUrl":"https:\/\/www.slowshop.eu\/wp-content\/uploads\/2021\/05\/La-Via-di-Francesco-.png","width":600,"height":750},{"@type":"BreadcrumbList","@id":"https:\/\/www.slowshop.eu\/fr\/produit\/credential-du-chemin-de-saint-francois\/#breadcrumb","itemListElement":[{"@type":"ListItem","position":1,"name":"Home","item":"https:\/\/www.slowshop.eu\/fr\/"},{"@type":"ListItem","position":2,"name":"Catalogue","item":"https:\/\/www.slowshop.eu\/fr\/catalogue\/"},{"@type":"ListItem","position":3,"name":"Credential du Chemin de Saint Fran\u00e7ois"}]},{"@type":"WebSite","@id":"https:\/\/www.slowshop.eu\/fr\/#website","url":"https:\/\/www.slowshop.eu\/fr\/","name":"SlowShop","description":"Vie Francigene Shop","publisher":{"@id":"https:\/\/www.slowshop.eu\/fr\/#organization"},"potentialAction":[{"@type":"SearchAction","target":{"@type":"EntryPoint","urlTemplate":"https:\/\/www.slowshop.eu\/fr\/?s={search_term_string}"},"query-input":{"@type":"PropertyValueSpecification","valueRequired":true,"valueName":"search_term_string"}}],"inLanguage":"fr-FR"},{"@type":"Organization","@id":"https:\/\/www.slowshop.eu\/fr\/#organization","name":"SlowShop","url":"https:\/\/www.slowshop.eu\/fr\/","logo":{"@type":"ImageObject","inLanguage":"fr-FR","@id":"https:\/\/www.slowshop.eu\/fr\/#\/schema\/logo\/image\/","url":"https:\/\/www.slowshop.eu\/wp-content\/uploads\/2024\/07\/cropped-immagine-1.png","contentUrl":"https:\/\/www.slowshop.eu\/wp-content\/uploads\/2024\/07\/cropped-immagine-1.png","width":512,"height":512,"caption":"SlowShop"},"image":{"@id":"https:\/\/www.slowshop.eu\/fr\/#\/schema\/logo\/image\/"}}]}},"_links":{"self":[{"href":"https:\/\/www.slowshop.eu\/fr\/wp-json\/wp\/v2\/product\/4326","targetHints":{"allow":["GET"]}}],"collection":[{"href":"https:\/\/www.slowshop.eu\/fr\/wp-json\/wp\/v2\/product"}],"about":[{"href":"https:\/\/www.slowshop.eu\/fr\/wp-json\/wp\/v2\/types\/product"}],"wp:featuredmedia":[{"embeddable":true,"href":"https:\/\/www.slowshop.eu\/fr\/wp-json\/wp\/v2\/media\/2731"}],"wp:attachment":[{"href":"https:\/\/www.slowshop.eu\/fr\/wp-json\/wp\/v2\/media?parent=4326"}],"wp:term":[{"taxonomy":"product_brand","embeddable":true,"href":"https:\/\/www.slowshop.eu\/fr\/wp-json\/wp\/v2\/product_brand?post=4326"},{"taxonomy":"product_cat","embeddable":true,"href":"https:\/\/www.slowshop.eu\/fr\/wp-json\/wp\/v2\/product_cat?post=4326"},{"taxonomy":"product_tag","embeddable":true,"href":"https:\/\/www.slowshop.eu\/fr\/wp-json\/wp\/v2\/product_tag?post=4326"}],"curies":[{"name":"wp","href":"https:\/\/api.w.org\/{rel}","templated":true}]}}