{"id":4896,"date":"2021-09-03T15:04:19","date_gmt":"2021-09-03T13:04:19","guid":{"rendered":"https:\/\/www.slowshop.eu\/product\/walking-the-via-francigena-pilgrim-route-part-3\/"},"modified":"2024-12-03T16:13:36","modified_gmt":"2024-12-03T15:13:36","slug":"walking-the-via-francigena-pilgrim-route-part-3","status":"publish","type":"product","link":"https:\/\/www.slowshop.eu\/fr\/produit\/walking-the-via-francigena-pilgrim-route-part-3\/","title":{"rendered":"Walking the Via Francigena pilgrim route &#8211; Part 3"},"content":{"rendered":"<h3><strong>Walking the Via Francigena pilgrim route &#8211; Part 3<\/strong><\/h3>\n<p><strong><span class=\"ng-star-inserted\">Lucca to Rome<br \/>\n<\/span><\/strong><span class=\"ng-star-inserted\">\u00ab\u00a0Walking the Via Francigena pilgrim route &#8211; Part 3 Lucca to Rome \u00a0\u00bb est le Guide en ANGLAIS de la Via Francigena da Lucca \u00e0 Rome de l\u2019\u00e9diteur Cicerone.<\/span><\/p>\n<p><span class=\"ng-star-inserted\">Les derniers 410km de la Via Francigena traversent le coeur de la Toscane\u00a0: Lucques, San Gimignano et Sienne sont connues dans le monde entier pour leur charme m\u00e9di\u00e9val.\u00a0<\/span><span class=\"ng-star-inserted\">Visitez aussi Monteriggioni, San Quirico d\u2019Orcia et Radicofani.\u00a0<\/span><span class=\"ng-star-inserted\">Une fois dans le Latium, vous verrez les eaux bleues du lac de Bolsena et l\u2019ancien village \u00e9trusque de Sutri.\u00a0<\/span><span class=\"ng-star-inserted\">Jusqu\u2019\u00e0 arriver \u00e0 Rome, la Ville \u00e9ternelle.<\/span><\/p>\n<p><span class=\"ng-star-inserted\">Adapt\u00e9 \u00e0 tous ceux qui veulent affronter le c\u00e9l\u00e8bre chemin de la Via Francigena, comprend \u00e9galement des informations utiles sur les structures d\u2019h\u00e9bergement et de services sur le territoire.<\/span><\/p>\n<p><strong>Tu as ton credential?<\/strong><br \/>\nLa\u00a0<strong>credential<\/strong> repr\u00e9sente le \u00ab\u00a0passeport du p\u00e8lerin\u00a0\u00bb.\u00a0Il atteste l\u2019identit\u00e9 et les motivations du voyageur, c\u2019est donc un outil indispensable.\u00a0<a href=\"https:\/\/www.slowshop.eu\/fr\/produit\/passeport-du-pelerin-via-francigena\/\">Vous pouvez l\u2019acheter ici<\/a><\/p>\n<p><strong>Pars avec nous<\/strong><br \/>\nMaintenant, il vous suffit de r\u00e9server votre voyage le long de la Via Francigena.\u00a0Si vous r\u00e9servez sur notre site, vous recevrez la documentation compl\u00e8te pour votre voyage, nous vous fournirons une assistance 24h et r\u00e9serverons des installations de r\u00eave pour vos s\u00e9jours afin que vos vacances se r\u00e9v\u00e8lent une exp\u00e9rience inoubliable.\u00a0Pour nous contacter, \u00e9crivez un mail \u00e0 <a href=\"mailto:info@sloways.eu\">info@sloways.eu<\/a> ou visitez la page <a href=\"https:\/\/www.sloways.eu\/enquire\">contacts<\/a> sur notre site web.<\/p>\n","protected":false},"excerpt":{"rendered":"<p>\u00ab\u00a0Walking the Via Francigena pilgrim route &#8211; Part 3 Lucca to Rome \u00a0\u00bb est le Guide en ANGLAIS de la Via Francigena da Lucca \u00e0 Rome de l\u2019\u00e9diteur Cicerone.<\/p>\n","protected":false},"featured_media":4457,"template":"","meta":{"_monsterinsights_skip_tracking":false,"_monsterinsights_sitenote_active":false,"_monsterinsights_sitenote_note":"","_monsterinsights_sitenote_category":0},"product_brand":[],"product_cat":[103,108],"product_tag":[120],"class_list":{"0":"post-4896","1":"product","2":"type-product","3":"status-publish","4":"has-post-thumbnail","6":"product_cat-guides-et-passeport-pelerin","7":"product_cat-via-francigena-fr","8":"product_tag-via-francigena-fr","9":"tm-no-options","11":"first","12":"outofstock","13":"taxable","14":"shipping-taxable","15":"purchasable","16":"product-type-simple"},"bundle_layout":"","bundle_add_to_cart_form_location":"","bundle_editable_in_cart":false,"bundle_sold_individually_context":"","bundle_item_grouping":"","bundle_min_size":"","bundle_max_size":"","bundled_by":[],"bundled_items":[],"yoast_head":"<!-- This site is optimized with the Yoast SEO plugin v26.2 - https:\/\/yoast.com\/wordpress\/plugins\/seo\/ -->\n<title>Walking the Via Francigena pilgrim route - Part 3 - Slowshop<\/title>\n<meta name=\"description\" content=\"Achete Walking the Via Francigena pilgrim route - Part 3 et pars avec nous pour une aventure incroyable sur ce chemin\" \/>\n<meta name=\"robots\" content=\"index, follow, max-snippet:-1, max-image-preview:large, max-video-preview:-1\" \/>\n<link rel=\"canonical\" href=\"https:\/\/www.slowshop.eu\/fr\/produit\/walking-the-via-francigena-pilgrim-route-part-3\/\" \/>\n<meta property=\"og:locale\" content=\"fr_FR\" \/>\n<meta property=\"og:type\" content=\"article\" \/>\n<meta property=\"og:title\" content=\"Walking the Via Francigena pilgrim route - Part 3 - Slowshop\" \/>\n<meta property=\"og:description\" content=\"Achete Walking the Via Francigena pilgrim route - Part 3 et pars avec nous pour une aventure incroyable sur ce chemin\" \/>\n<meta property=\"og:url\" content=\"https:\/\/www.slowshop.eu\/fr\/produit\/walking-the-via-francigena-pilgrim-route-part-3\/\" \/>\n<meta property=\"og:site_name\" content=\"Slowshop\" \/>\n<meta property=\"article:modified_time\" content=\"2024-12-03T15:13:36+00:00\" \/>\n<meta property=\"og:image\" content=\"https:\/\/www.slowshop.eu\/wp-content\/uploads\/2021\/09\/Via-Francigena-Part-3.png\" \/>\n\t<meta property=\"og:image:width\" content=\"600\" \/>\n\t<meta property=\"og:image:height\" content=\"750\" \/>\n\t<meta property=\"og:image:type\" content=\"image\/png\" \/>\n<meta name=\"twitter:card\" content=\"summary_large_image\" \/>\n<meta name=\"twitter:label1\" content=\"Dur\u00e9e de lecture estim\u00e9e\" \/>\n\t<meta name=\"twitter:data1\" content=\"1 minute\" \/>\n<script type=\"application\/ld+json\" class=\"yoast-schema-graph\">{\"@context\":\"https:\/\/schema.org\",\"@graph\":[{\"@type\":\"WebPage\",\"@id\":\"https:\/\/www.slowshop.eu\/fr\/produit\/walking-the-via-francigena-pilgrim-route-part-3\/\",\"url\":\"https:\/\/www.slowshop.eu\/fr\/produit\/walking-the-via-francigena-pilgrim-route-part-3\/\",\"name\":\"Walking the Via Francigena pilgrim route - Part 3 - Slowshop\",\"isPartOf\":{\"@id\":\"https:\/\/www.slowshop.eu\/fr\/#website\"},\"primaryImageOfPage\":{\"@id\":\"https:\/\/www.slowshop.eu\/fr\/produit\/walking-the-via-francigena-pilgrim-route-part-3\/#primaryimage\"},\"image\":{\"@id\":\"https:\/\/www.slowshop.eu\/fr\/produit\/walking-the-via-francigena-pilgrim-route-part-3\/#primaryimage\"},\"thumbnailUrl\":\"https:\/\/www.slowshop.eu\/wp-content\/uploads\/2021\/09\/Via-Francigena-Part-3.png\",\"datePublished\":\"2021-09-03T13:04:19+00:00\",\"dateModified\":\"2024-12-03T15:13:36+00:00\",\"description\":\"Achete Walking the Via Francigena pilgrim route - Part 3 et pars avec nous pour une aventure incroyable sur ce chemin\",\"breadcrumb\":{\"@id\":\"https:\/\/www.slowshop.eu\/fr\/produit\/walking-the-via-francigena-pilgrim-route-part-3\/#breadcrumb\"},\"inLanguage\":\"fr-FR\",\"potentialAction\":[{\"@type\":\"ReadAction\",\"target\":[\"https:\/\/www.slowshop.eu\/fr\/produit\/walking-the-via-francigena-pilgrim-route-part-3\/\"]}]},{\"@type\":\"ImageObject\",\"inLanguage\":\"fr-FR\",\"@id\":\"https:\/\/www.slowshop.eu\/fr\/produit\/walking-the-via-francigena-pilgrim-route-part-3\/#primaryimage\",\"url\":\"https:\/\/www.slowshop.eu\/wp-content\/uploads\/2021\/09\/Via-Francigena-Part-3.png\",\"contentUrl\":\"https:\/\/www.slowshop.eu\/wp-content\/uploads\/2021\/09\/Via-Francigena-Part-3.png\",\"width\":600,\"height\":750},{\"@type\":\"BreadcrumbList\",\"@id\":\"https:\/\/www.slowshop.eu\/fr\/produit\/walking-the-via-francigena-pilgrim-route-part-3\/#breadcrumb\",\"itemListElement\":[{\"@type\":\"ListItem\",\"position\":1,\"name\":\"Home\",\"item\":\"https:\/\/www.slowshop.eu\/fr\/\"},{\"@type\":\"ListItem\",\"position\":2,\"name\":\"Catalogue\",\"item\":\"https:\/\/www.slowshop.eu\/fr\/catalogue\/\"},{\"@type\":\"ListItem\",\"position\":3,\"name\":\"Walking the Via Francigena pilgrim route &#8211; Part 3\"}]},{\"@type\":\"WebSite\",\"@id\":\"https:\/\/www.slowshop.eu\/fr\/#website\",\"url\":\"https:\/\/www.slowshop.eu\/fr\/\",\"name\":\"SlowShop\",\"description\":\"Vie Francigene Shop\",\"publisher\":{\"@id\":\"https:\/\/www.slowshop.eu\/fr\/#organization\"},\"potentialAction\":[{\"@type\":\"SearchAction\",\"target\":{\"@type\":\"EntryPoint\",\"urlTemplate\":\"https:\/\/www.slowshop.eu\/fr\/?s={search_term_string}\"},\"query-input\":{\"@type\":\"PropertyValueSpecification\",\"valueRequired\":true,\"valueName\":\"search_term_string\"}}],\"inLanguage\":\"fr-FR\"},{\"@type\":\"Organization\",\"@id\":\"https:\/\/www.slowshop.eu\/fr\/#organization\",\"name\":\"SlowShop\",\"url\":\"https:\/\/www.slowshop.eu\/fr\/\",\"logo\":{\"@type\":\"ImageObject\",\"inLanguage\":\"fr-FR\",\"@id\":\"https:\/\/www.slowshop.eu\/fr\/#\/schema\/logo\/image\/\",\"url\":\"https:\/\/www.slowshop.eu\/wp-content\/uploads\/2024\/07\/cropped-immagine-1.png\",\"contentUrl\":\"https:\/\/www.slowshop.eu\/wp-content\/uploads\/2024\/07\/cropped-immagine-1.png\",\"width\":512,\"height\":512,\"caption\":\"SlowShop\"},\"image\":{\"@id\":\"https:\/\/www.slowshop.eu\/fr\/#\/schema\/logo\/image\/\"}}]}<\/script>\n<!-- \/ Yoast SEO plugin. -->","yoast_head_json":{"title":"Walking the Via Francigena pilgrim route - Part 3 - Slowshop","description":"Achete Walking the Via Francigena pilgrim route - Part 3 et pars avec nous pour une aventure incroyable sur ce chemin","robots":{"index":"index","follow":"follow","max-snippet":"max-snippet:-1","max-image-preview":"max-image-preview:large","max-video-preview":"max-video-preview:-1"},"canonical":"https:\/\/www.slowshop.eu\/fr\/produit\/walking-the-via-francigena-pilgrim-route-part-3\/","og_locale":"fr_FR","og_type":"article","og_title":"Walking the Via Francigena pilgrim route - Part 3 - Slowshop","og_description":"Achete Walking the Via Francigena pilgrim route - Part 3 et pars avec nous pour une aventure incroyable sur ce chemin","og_url":"https:\/\/www.slowshop.eu\/fr\/produit\/walking-the-via-francigena-pilgrim-route-part-3\/","og_site_name":"Slowshop","article_modified_time":"2024-12-03T15:13:36+00:00","og_image":[{"width":600,"height":750,"url":"https:\/\/www.slowshop.eu\/wp-content\/uploads\/2021\/09\/Via-Francigena-Part-3.png","type":"image\/png"}],"twitter_card":"summary_large_image","twitter_misc":{"Dur\u00e9e de lecture estim\u00e9e":"1 minute"},"schema":{"@context":"https:\/\/schema.org","@graph":[{"@type":"WebPage","@id":"https:\/\/www.slowshop.eu\/fr\/produit\/walking-the-via-francigena-pilgrim-route-part-3\/","url":"https:\/\/www.slowshop.eu\/fr\/produit\/walking-the-via-francigena-pilgrim-route-part-3\/","name":"Walking the Via Francigena pilgrim route - Part 3 - Slowshop","isPartOf":{"@id":"https:\/\/www.slowshop.eu\/fr\/#website"},"primaryImageOfPage":{"@id":"https:\/\/www.slowshop.eu\/fr\/produit\/walking-the-via-francigena-pilgrim-route-part-3\/#primaryimage"},"image":{"@id":"https:\/\/www.slowshop.eu\/fr\/produit\/walking-the-via-francigena-pilgrim-route-part-3\/#primaryimage"},"thumbnailUrl":"https:\/\/www.slowshop.eu\/wp-content\/uploads\/2021\/09\/Via-Francigena-Part-3.png","datePublished":"2021-09-03T13:04:19+00:00","dateModified":"2024-12-03T15:13:36+00:00","description":"Achete Walking the Via Francigena pilgrim route - Part 3 et pars avec nous pour une aventure incroyable sur ce chemin","breadcrumb":{"@id":"https:\/\/www.slowshop.eu\/fr\/produit\/walking-the-via-francigena-pilgrim-route-part-3\/#breadcrumb"},"inLanguage":"fr-FR","potentialAction":[{"@type":"ReadAction","target":["https:\/\/www.slowshop.eu\/fr\/produit\/walking-the-via-francigena-pilgrim-route-part-3\/"]}]},{"@type":"ImageObject","inLanguage":"fr-FR","@id":"https:\/\/www.slowshop.eu\/fr\/produit\/walking-the-via-francigena-pilgrim-route-part-3\/#primaryimage","url":"https:\/\/www.slowshop.eu\/wp-content\/uploads\/2021\/09\/Via-Francigena-Part-3.png","contentUrl":"https:\/\/www.slowshop.eu\/wp-content\/uploads\/2021\/09\/Via-Francigena-Part-3.png","width":600,"height":750},{"@type":"BreadcrumbList","@id":"https:\/\/www.slowshop.eu\/fr\/produit\/walking-the-via-francigena-pilgrim-route-part-3\/#breadcrumb","itemListElement":[{"@type":"ListItem","position":1,"name":"Home","item":"https:\/\/www.slowshop.eu\/fr\/"},{"@type":"ListItem","position":2,"name":"Catalogue","item":"https:\/\/www.slowshop.eu\/fr\/catalogue\/"},{"@type":"ListItem","position":3,"name":"Walking the Via Francigena pilgrim route &#8211; Part 3"}]},{"@type":"WebSite","@id":"https:\/\/www.slowshop.eu\/fr\/#website","url":"https:\/\/www.slowshop.eu\/fr\/","name":"SlowShop","description":"Vie Francigene Shop","publisher":{"@id":"https:\/\/www.slowshop.eu\/fr\/#organization"},"potentialAction":[{"@type":"SearchAction","target":{"@type":"EntryPoint","urlTemplate":"https:\/\/www.slowshop.eu\/fr\/?s={search_term_string}"},"query-input":{"@type":"PropertyValueSpecification","valueRequired":true,"valueName":"search_term_string"}}],"inLanguage":"fr-FR"},{"@type":"Organization","@id":"https:\/\/www.slowshop.eu\/fr\/#organization","name":"SlowShop","url":"https:\/\/www.slowshop.eu\/fr\/","logo":{"@type":"ImageObject","inLanguage":"fr-FR","@id":"https:\/\/www.slowshop.eu\/fr\/#\/schema\/logo\/image\/","url":"https:\/\/www.slowshop.eu\/wp-content\/uploads\/2024\/07\/cropped-immagine-1.png","contentUrl":"https:\/\/www.slowshop.eu\/wp-content\/uploads\/2024\/07\/cropped-immagine-1.png","width":512,"height":512,"caption":"SlowShop"},"image":{"@id":"https:\/\/www.slowshop.eu\/fr\/#\/schema\/logo\/image\/"}}]}},"_links":{"self":[{"href":"https:\/\/www.slowshop.eu\/fr\/wp-json\/wp\/v2\/product\/4896","targetHints":{"allow":["GET"]}}],"collection":[{"href":"https:\/\/www.slowshop.eu\/fr\/wp-json\/wp\/v2\/product"}],"about":[{"href":"https:\/\/www.slowshop.eu\/fr\/wp-json\/wp\/v2\/types\/product"}],"wp:featuredmedia":[{"embeddable":true,"href":"https:\/\/www.slowshop.eu\/fr\/wp-json\/wp\/v2\/media\/4457"}],"wp:attachment":[{"href":"https:\/\/www.slowshop.eu\/fr\/wp-json\/wp\/v2\/media?parent=4896"}],"wp:term":[{"taxonomy":"product_brand","embeddable":true,"href":"https:\/\/www.slowshop.eu\/fr\/wp-json\/wp\/v2\/product_brand?post=4896"},{"taxonomy":"product_cat","embeddable":true,"href":"https:\/\/www.slowshop.eu\/fr\/wp-json\/wp\/v2\/product_cat?post=4896"},{"taxonomy":"product_tag","embeddable":true,"href":"https:\/\/www.slowshop.eu\/fr\/wp-json\/wp\/v2\/product_tag?post=4896"}],"curies":[{"name":"wp","href":"https:\/\/api.w.org\/{rel}","templated":true}]}}