{"id":4897,"date":"2021-09-03T14:32:34","date_gmt":"2021-09-03T12:32:34","guid":{"rendered":"https:\/\/www.slowshop.eu\/product\/walking-the-via-francigena-pilgrim-route-part-2\/"},"modified":"2024-12-03T16:10:03","modified_gmt":"2024-12-03T15:10:03","slug":"walking-the-via-francigena-pilgrim-route-part-2","status":"publish","type":"product","link":"https:\/\/www.slowshop.eu\/fr\/produit\/walking-the-via-francigena-pilgrim-route-part-2\/","title":{"rendered":"Walking the Via Francigena pilgrim route &#8211; Part 2"},"content":{"rendered":"<h3 class=\"mb-2 text-3xl lg:text-5xl\"><strong>Walking the Via Francigena pilgrim route &#8211; Part 2<\/strong><\/h3>\n<h4 class=\"mb-2 text-3xl lg:text-5xl\"><strong>Lausanne and the Great St Bernard Pass to Lucca<\/strong><\/h4>\n<p><span class=\"ng-star-inserted\"><strong>\u00ab\u00a0Walking the Via Francigena pilgrim route &#8211; Part 2 Lausanne and the Great St Bernard Pass to Lucca\u00a0\u00bb\u00a0\u00a0<\/strong>est le Guide en <strong>ANGLAIS<\/strong> de la Via Francigena da Lausanne et le Col du Gran San Bernardo \u00e0 Lucques de l\u2019\u00e9diteur Cicerone.<br \/>\n<\/span><span class=\"ng-star-inserted\">Partant du Lac L\u00e9man en passant par les Alpes, sommet du Grand Saint Bernard et arrivant ainsi en Italie, dans la Vall\u00e9e d\u2019Aoste.<\/span><\/p>\n<p><span class=\"ng-star-inserted\">En arrivant aux rives du P\u00f4, en passant par les villes de Vercelli, Pavie et Plaisance, en creusant les montagnes et le col de la Cisa, vous arriverez jusqu\u2019\u00e0 la ville m\u00e9di\u00e9vale de Lucques.<\/span><\/p>\n<p><span class=\"ng-star-inserted\">Adapt\u00e9 \u00e0 tous ceux qui veulent affronter le c\u00e9l\u00e8bre chemin de la Via Francigena, comprend \u00e9galement des informations utiles sur les structures d\u2019h\u00e9bergement et de services sur le territoire.<\/span><\/p>\n<p><strong>Tu as ton credential?<\/strong><br \/>\nLa\u00a0<strong>credential<\/strong> repr\u00e9sente le \u00ab\u00a0passeport du p\u00e8lerin\u00a0\u00bb.\u00a0Il atteste l\u2019identit\u00e9 et les motivations du voyageur, c\u2019est donc un outil indispensable.\u00a0<a href=\"https:\/\/www.slowshop.eu\/fr\/produit\/passeport-du-pelerin-via-francigena\/\">Vous pouvez l\u2019acheter ici<\/a><\/p>\n<p><strong>Pars avec nous<\/strong><br \/>\nMaintenant, il vous suffit de r\u00e9server votre voyage le long de la Via Francigena.\u00a0Si vous r\u00e9servez sur notre site, vous recevrez la documentation compl\u00e8te pour votre voyage, nous vous fournirons une assistance 24h et r\u00e9serverons des installations de r\u00eave pour vos s\u00e9jours afin que vos vacances se r\u00e9v\u00e8lent une exp\u00e9rience inoubliable.\u00a0Pour nous contacter, \u00e9crivez un mail \u00e0 <a href=\"mailto:info@sloways.eu\">info@sloways.eu<\/a> ou visitez la page <a href=\"https:\/\/www.sloways.eu\/enquire\">contacts<\/a> sur notre site web.<\/p>\n","protected":false},"excerpt":{"rendered":"<p>\u00ab\u00a0Walking the Via Francigena pilgrim route &#8211; Part 2 Lausanne and the Great St Bernard Pass to Lucca\u00a0\u00bb\u00a0\u00a0est le Guide en ANGLAIS de la Via Francigena da Lausanne et le Col du Gran San Bernardo \u00e0 Lucques de l\u2019\u00e9diteur Cicerone.<\/p>\n","protected":false},"featured_media":4454,"template":"","meta":{"_monsterinsights_skip_tracking":false,"_monsterinsights_sitenote_active":false,"_monsterinsights_sitenote_note":"","_monsterinsights_sitenote_category":0},"product_brand":[],"product_cat":[91,108],"product_tag":[],"class_list":{"0":"post-4897","1":"product","2":"type-product","3":"status-publish","4":"has-post-thumbnail","6":"product_cat-non-classe","7":"product_cat-via-francigena-fr","8":"tm-no-options","10":"first","11":"outofstock","12":"taxable","13":"shipping-taxable","14":"purchasable","15":"product-type-simple"},"bundle_layout":"","bundle_add_to_cart_form_location":"","bundle_editable_in_cart":false,"bundle_sold_individually_context":"","bundle_item_grouping":"","bundle_min_size":"","bundle_max_size":"","bundled_by":[],"bundled_items":[],"yoast_head":"<!-- This site is optimized with the Yoast SEO plugin v26.2 - https:\/\/yoast.com\/wordpress\/plugins\/seo\/ -->\n<title>Walking the Via Francigena pilgrim route - Part 2 - Slowshop<\/title>\n<meta name=\"description\" content=\"Buy Walking the Via Francigena pilgrim route - Part 2 and leave with us for a unique adventure along the path\" \/>\n<meta name=\"robots\" content=\"index, follow, max-snippet:-1, max-image-preview:large, max-video-preview:-1\" \/>\n<link rel=\"canonical\" href=\"https:\/\/www.slowshop.eu\/fr\/produit\/walking-the-via-francigena-pilgrim-route-part-2\/\" \/>\n<meta property=\"og:locale\" content=\"fr_FR\" \/>\n<meta property=\"og:type\" content=\"article\" \/>\n<meta property=\"og:title\" content=\"Walking the Via Francigena pilgrim route - Part 2 - Slowshop\" \/>\n<meta property=\"og:description\" content=\"Buy Walking the Via Francigena pilgrim route - Part 2 and leave with us for a unique adventure along the path\" \/>\n<meta property=\"og:url\" content=\"https:\/\/www.slowshop.eu\/fr\/produit\/walking-the-via-francigena-pilgrim-route-part-2\/\" \/>\n<meta property=\"og:site_name\" content=\"Slowshop\" \/>\n<meta property=\"article:modified_time\" content=\"2024-12-03T15:10:03+00:00\" \/>\n<meta property=\"og:image\" content=\"https:\/\/www.slowshop.eu\/wp-content\/uploads\/2021\/09\/Via-Francigena-Part-2.png\" \/>\n\t<meta property=\"og:image:width\" content=\"600\" \/>\n\t<meta property=\"og:image:height\" content=\"750\" \/>\n\t<meta property=\"og:image:type\" content=\"image\/png\" \/>\n<meta name=\"twitter:card\" content=\"summary_large_image\" \/>\n<meta name=\"twitter:label1\" content=\"Dur\u00e9e de lecture estim\u00e9e\" \/>\n\t<meta name=\"twitter:data1\" content=\"1 minute\" \/>\n<script type=\"application\/ld+json\" class=\"yoast-schema-graph\">{\"@context\":\"https:\/\/schema.org\",\"@graph\":[{\"@type\":\"WebPage\",\"@id\":\"https:\/\/www.slowshop.eu\/fr\/produit\/walking-the-via-francigena-pilgrim-route-part-2\/\",\"url\":\"https:\/\/www.slowshop.eu\/fr\/produit\/walking-the-via-francigena-pilgrim-route-part-2\/\",\"name\":\"Walking the Via Francigena pilgrim route - Part 2 - Slowshop\",\"isPartOf\":{\"@id\":\"https:\/\/www.slowshop.eu\/fr\/#website\"},\"primaryImageOfPage\":{\"@id\":\"https:\/\/www.slowshop.eu\/fr\/produit\/walking-the-via-francigena-pilgrim-route-part-2\/#primaryimage\"},\"image\":{\"@id\":\"https:\/\/www.slowshop.eu\/fr\/produit\/walking-the-via-francigena-pilgrim-route-part-2\/#primaryimage\"},\"thumbnailUrl\":\"https:\/\/www.slowshop.eu\/wp-content\/uploads\/2021\/09\/Via-Francigena-Part-2.png\",\"datePublished\":\"2021-09-03T12:32:34+00:00\",\"dateModified\":\"2024-12-03T15:10:03+00:00\",\"description\":\"Buy Walking the Via Francigena pilgrim route - Part 2 and leave with us for a unique adventure along the path\",\"breadcrumb\":{\"@id\":\"https:\/\/www.slowshop.eu\/fr\/produit\/walking-the-via-francigena-pilgrim-route-part-2\/#breadcrumb\"},\"inLanguage\":\"fr-FR\",\"potentialAction\":[{\"@type\":\"ReadAction\",\"target\":[\"https:\/\/www.slowshop.eu\/fr\/produit\/walking-the-via-francigena-pilgrim-route-part-2\/\"]}]},{\"@type\":\"ImageObject\",\"inLanguage\":\"fr-FR\",\"@id\":\"https:\/\/www.slowshop.eu\/fr\/produit\/walking-the-via-francigena-pilgrim-route-part-2\/#primaryimage\",\"url\":\"https:\/\/www.slowshop.eu\/wp-content\/uploads\/2021\/09\/Via-Francigena-Part-2.png\",\"contentUrl\":\"https:\/\/www.slowshop.eu\/wp-content\/uploads\/2021\/09\/Via-Francigena-Part-2.png\",\"width\":600,\"height\":750},{\"@type\":\"BreadcrumbList\",\"@id\":\"https:\/\/www.slowshop.eu\/fr\/produit\/walking-the-via-francigena-pilgrim-route-part-2\/#breadcrumb\",\"itemListElement\":[{\"@type\":\"ListItem\",\"position\":1,\"name\":\"Home\",\"item\":\"https:\/\/www.slowshop.eu\/fr\/\"},{\"@type\":\"ListItem\",\"position\":2,\"name\":\"Catalogue\",\"item\":\"https:\/\/www.slowshop.eu\/fr\/catalogue\/\"},{\"@type\":\"ListItem\",\"position\":3,\"name\":\"Walking the Via Francigena pilgrim route &#8211; Part 2\"}]},{\"@type\":\"WebSite\",\"@id\":\"https:\/\/www.slowshop.eu\/fr\/#website\",\"url\":\"https:\/\/www.slowshop.eu\/fr\/\",\"name\":\"SlowShop\",\"description\":\"Vie Francigene Shop\",\"publisher\":{\"@id\":\"https:\/\/www.slowshop.eu\/fr\/#organization\"},\"potentialAction\":[{\"@type\":\"SearchAction\",\"target\":{\"@type\":\"EntryPoint\",\"urlTemplate\":\"https:\/\/www.slowshop.eu\/fr\/?s={search_term_string}\"},\"query-input\":{\"@type\":\"PropertyValueSpecification\",\"valueRequired\":true,\"valueName\":\"search_term_string\"}}],\"inLanguage\":\"fr-FR\"},{\"@type\":\"Organization\",\"@id\":\"https:\/\/www.slowshop.eu\/fr\/#organization\",\"name\":\"SlowShop\",\"url\":\"https:\/\/www.slowshop.eu\/fr\/\",\"logo\":{\"@type\":\"ImageObject\",\"inLanguage\":\"fr-FR\",\"@id\":\"https:\/\/www.slowshop.eu\/fr\/#\/schema\/logo\/image\/\",\"url\":\"https:\/\/www.slowshop.eu\/wp-content\/uploads\/2024\/07\/cropped-immagine-1.png\",\"contentUrl\":\"https:\/\/www.slowshop.eu\/wp-content\/uploads\/2024\/07\/cropped-immagine-1.png\",\"width\":512,\"height\":512,\"caption\":\"SlowShop\"},\"image\":{\"@id\":\"https:\/\/www.slowshop.eu\/fr\/#\/schema\/logo\/image\/\"}}]}<\/script>\n<!-- \/ Yoast SEO plugin. -->","yoast_head_json":{"title":"Walking the Via Francigena pilgrim route - Part 2 - Slowshop","description":"Buy Walking the Via Francigena pilgrim route - Part 2 and leave with us for a unique adventure along the path","robots":{"index":"index","follow":"follow","max-snippet":"max-snippet:-1","max-image-preview":"max-image-preview:large","max-video-preview":"max-video-preview:-1"},"canonical":"https:\/\/www.slowshop.eu\/fr\/produit\/walking-the-via-francigena-pilgrim-route-part-2\/","og_locale":"fr_FR","og_type":"article","og_title":"Walking the Via Francigena pilgrim route - Part 2 - Slowshop","og_description":"Buy Walking the Via Francigena pilgrim route - Part 2 and leave with us for a unique adventure along the path","og_url":"https:\/\/www.slowshop.eu\/fr\/produit\/walking-the-via-francigena-pilgrim-route-part-2\/","og_site_name":"Slowshop","article_modified_time":"2024-12-03T15:10:03+00:00","og_image":[{"width":600,"height":750,"url":"https:\/\/www.slowshop.eu\/wp-content\/uploads\/2021\/09\/Via-Francigena-Part-2.png","type":"image\/png"}],"twitter_card":"summary_large_image","twitter_misc":{"Dur\u00e9e de lecture estim\u00e9e":"1 minute"},"schema":{"@context":"https:\/\/schema.org","@graph":[{"@type":"WebPage","@id":"https:\/\/www.slowshop.eu\/fr\/produit\/walking-the-via-francigena-pilgrim-route-part-2\/","url":"https:\/\/www.slowshop.eu\/fr\/produit\/walking-the-via-francigena-pilgrim-route-part-2\/","name":"Walking the Via Francigena pilgrim route - Part 2 - Slowshop","isPartOf":{"@id":"https:\/\/www.slowshop.eu\/fr\/#website"},"primaryImageOfPage":{"@id":"https:\/\/www.slowshop.eu\/fr\/produit\/walking-the-via-francigena-pilgrim-route-part-2\/#primaryimage"},"image":{"@id":"https:\/\/www.slowshop.eu\/fr\/produit\/walking-the-via-francigena-pilgrim-route-part-2\/#primaryimage"},"thumbnailUrl":"https:\/\/www.slowshop.eu\/wp-content\/uploads\/2021\/09\/Via-Francigena-Part-2.png","datePublished":"2021-09-03T12:32:34+00:00","dateModified":"2024-12-03T15:10:03+00:00","description":"Buy Walking the Via Francigena pilgrim route - Part 2 and leave with us for a unique adventure along the path","breadcrumb":{"@id":"https:\/\/www.slowshop.eu\/fr\/produit\/walking-the-via-francigena-pilgrim-route-part-2\/#breadcrumb"},"inLanguage":"fr-FR","potentialAction":[{"@type":"ReadAction","target":["https:\/\/www.slowshop.eu\/fr\/produit\/walking-the-via-francigena-pilgrim-route-part-2\/"]}]},{"@type":"ImageObject","inLanguage":"fr-FR","@id":"https:\/\/www.slowshop.eu\/fr\/produit\/walking-the-via-francigena-pilgrim-route-part-2\/#primaryimage","url":"https:\/\/www.slowshop.eu\/wp-content\/uploads\/2021\/09\/Via-Francigena-Part-2.png","contentUrl":"https:\/\/www.slowshop.eu\/wp-content\/uploads\/2021\/09\/Via-Francigena-Part-2.png","width":600,"height":750},{"@type":"BreadcrumbList","@id":"https:\/\/www.slowshop.eu\/fr\/produit\/walking-the-via-francigena-pilgrim-route-part-2\/#breadcrumb","itemListElement":[{"@type":"ListItem","position":1,"name":"Home","item":"https:\/\/www.slowshop.eu\/fr\/"},{"@type":"ListItem","position":2,"name":"Catalogue","item":"https:\/\/www.slowshop.eu\/fr\/catalogue\/"},{"@type":"ListItem","position":3,"name":"Walking the Via Francigena pilgrim route &#8211; Part 2"}]},{"@type":"WebSite","@id":"https:\/\/www.slowshop.eu\/fr\/#website","url":"https:\/\/www.slowshop.eu\/fr\/","name":"SlowShop","description":"Vie Francigene Shop","publisher":{"@id":"https:\/\/www.slowshop.eu\/fr\/#organization"},"potentialAction":[{"@type":"SearchAction","target":{"@type":"EntryPoint","urlTemplate":"https:\/\/www.slowshop.eu\/fr\/?s={search_term_string}"},"query-input":{"@type":"PropertyValueSpecification","valueRequired":true,"valueName":"search_term_string"}}],"inLanguage":"fr-FR"},{"@type":"Organization","@id":"https:\/\/www.slowshop.eu\/fr\/#organization","name":"SlowShop","url":"https:\/\/www.slowshop.eu\/fr\/","logo":{"@type":"ImageObject","inLanguage":"fr-FR","@id":"https:\/\/www.slowshop.eu\/fr\/#\/schema\/logo\/image\/","url":"https:\/\/www.slowshop.eu\/wp-content\/uploads\/2024\/07\/cropped-immagine-1.png","contentUrl":"https:\/\/www.slowshop.eu\/wp-content\/uploads\/2024\/07\/cropped-immagine-1.png","width":512,"height":512,"caption":"SlowShop"},"image":{"@id":"https:\/\/www.slowshop.eu\/fr\/#\/schema\/logo\/image\/"}}]}},"_links":{"self":[{"href":"https:\/\/www.slowshop.eu\/fr\/wp-json\/wp\/v2\/product\/4897","targetHints":{"allow":["GET"]}}],"collection":[{"href":"https:\/\/www.slowshop.eu\/fr\/wp-json\/wp\/v2\/product"}],"about":[{"href":"https:\/\/www.slowshop.eu\/fr\/wp-json\/wp\/v2\/types\/product"}],"wp:featuredmedia":[{"embeddable":true,"href":"https:\/\/www.slowshop.eu\/fr\/wp-json\/wp\/v2\/media\/4454"}],"wp:attachment":[{"href":"https:\/\/www.slowshop.eu\/fr\/wp-json\/wp\/v2\/media?parent=4897"}],"wp:term":[{"taxonomy":"product_brand","embeddable":true,"href":"https:\/\/www.slowshop.eu\/fr\/wp-json\/wp\/v2\/product_brand?post=4897"},{"taxonomy":"product_cat","embeddable":true,"href":"https:\/\/www.slowshop.eu\/fr\/wp-json\/wp\/v2\/product_cat?post=4897"},{"taxonomy":"product_tag","embeddable":true,"href":"https:\/\/www.slowshop.eu\/fr\/wp-json\/wp\/v2\/product_tag?post=4897"}],"curies":[{"name":"wp","href":"https:\/\/api.w.org\/{rel}","templated":true}]}}