{"id":7348,"date":"2022-05-02T15:17:33","date_gmt":"2022-05-02T13:17:33","guid":{"rendered":"https:\/\/www.slowshop.eu\/?post_type=product&#038;p=7348"},"modified":"2022-05-02T15:45:27","modified_gmt":"2022-05-02T13:45:27","slug":"kit-francigena-credential-et-guide-en-italien-2","status":"publish","type":"product","link":"https:\/\/www.slowshop.eu\/fr\/produit\/kit-francigena-credential-et-guide-en-italien-2\/","title":{"rendered":"Kit Francigena Sud: Credential et Guide en italien"},"content":{"rendered":"<h3>Kit Francigena: Credential et Guide en italien<\/h3>\n<p>Le kit Francigena: lettre de cr\u00e9ance et guide en italien comprend la guide officiel de la \u00ab\u00a0Via Francigena\u00a0\u00bb ainsi que la lettre de cr\u00e9ance du p\u00e8lerin.<\/p>\n<h3>La Guide \u00ab\u00a0Via Francigena\u00a0\u00bb<\/h3>\n<p>\u00c0 l&rsquo;int\u00e9rieur du kit de lettres de cr\u00e9ance et de la guide officiel en italien, vous trouverez la guide officiel de la Via Francigena. La guide fournit toutes les informations essentielles pour faire obstacle. D\u00e9couvrez les cartes d\u00e9taill\u00e9es, les altitudes, la description \u00e9tape par \u00e9tape de l&rsquo;itin\u00e9raire, les variantes officielles, les endroits o\u00f9 dormir et les lieux \u00e0 visiter.<\/p>\n<p>Une guide pour tous: p\u00e8lerins, randonneurs, voyageurs et pour ceux qui veulent exp\u00e9rimenter m\u00eame sur de courtes distances le long d&rsquo;un des itin\u00e9raires les plus c\u00e9l\u00e8bres d&rsquo;Europe.<\/p>\n<p>&nbsp;<\/p>\n<p>Le \u00ab\u00a0passeport de p\u00e8lerin\u00a0\u00bb et le guide de l&rsquo;itin\u00e9raire p\u00e9destre. Ce sont les deux objets fondamentaux pour les marcheurs empruntant la Via Francigena.<\/p>\n<h3>Pars avec Nous!<\/h3>\n<p>Avec la lettre de Cr\u00e9ance et la guide officiel de la Via Francigena, tu peux parti avec nous pour ce chemin!<br \/>\n<a href=\"https:\/\/www.sloways.eu\/\">Cliquez ici!<\/a><\/p>\n","protected":false},"excerpt":{"rendered":"<p>Kit Francigena: Credential et Guide en italien Le kit Francigena: lettre de cr\u00e9ance et guide en italien comprend la guide officiel de la \u00ab\u00a0Via Francigena\u00a0\u00bb ainsi que la lettre de cr\u00e9ance du p\u00e8lerin. La Guide \u00ab\u00a0Via Francigena\u00a0\u00bb \u00c0 l&rsquo;int\u00e9rieur du kit de lettres de cr\u00e9ance et de la guide officiel en italien, vous trouverez la [&hellip;]<\/p>\n","protected":false},"featured_media":24211,"template":"","meta":{"_monsterinsights_skip_tracking":false,"_monsterinsights_sitenote_active":false,"_monsterinsights_sitenote_note":"","_monsterinsights_sitenote_category":0},"product_brand":[],"product_cat":[103,108],"product_tag":[156,159,120],"class_list":{"0":"post-7348","1":"product","2":"type-product","3":"status-publish","4":"has-post-thumbnail","6":"product_cat-guides-et-passeport-pelerin","7":"product_cat-via-francigena-fr","8":"product_tag-credenziali-fr","9":"product_tag-guida-fr","10":"product_tag-via-francigena-fr","11":"tm-no-options","13":"first","14":"instock","15":"sale","16":"virtual","17":"taxable","18":"purchasable","19":"product-type-bundle"},"bundle_layout":"default","bundle_add_to_cart_form_location":"default","bundle_editable_in_cart":false,"bundle_sold_individually_context":"product","bundle_item_grouping":"parent","bundle_min_size":"","bundle_max_size":"","bundled_by":[],"bundled_items":[{"bundled_item_id":159,"product_id":2337,"menu_order":1,"quantity_min":1,"quantity_max":1,"quantity_default":1,"priced_individually":false,"shipped_individually":false,"override_title":false,"title":"Passeport du P\u00e8lerin Via Francigena","override_description":false,"description":"Passeport du P\u00e8lerin Via Francigena","optional":false,"hide_thumbnail":false,"discount":"","override_variations":false,"allowed_variations":[""],"override_default_variation_attributes":false,"default_variation_attributes":[],"single_product_visibility":"visible","cart_visibility":"visible","order_visibility":"visible","single_product_price_visibility":"visible","cart_price_visibility":"visible","order_price_visibility":"visible","stock_status":"in_stock"}],"yoast_head":"<!-- This site is optimized with the Yoast SEO plugin v26.2 - https:\/\/yoast.com\/wordpress\/plugins\/seo\/ -->\n<title>Kit Francigena Sud: Credential et Guide en italien - Slowshop<\/title>\n<meta name=\"robots\" content=\"index, follow, max-snippet:-1, max-image-preview:large, max-video-preview:-1\" \/>\n<link rel=\"canonical\" href=\"https:\/\/www.slowshop.eu\/fr\/produit\/kit-francigena-credential-et-guide-en-italien-2\/\" \/>\n<meta property=\"og:locale\" content=\"fr_FR\" \/>\n<meta property=\"og:type\" content=\"article\" \/>\n<meta property=\"og:title\" content=\"Kit Francigena Sud: Credential et Guide en italien - Slowshop\" \/>\n<meta property=\"og:description\" content=\"Kit Francigena: Credential et Guide en italien Le kit Francigena: lettre de cr\u00e9ance et guide en italien comprend la guide officiel de la \u00ab\u00a0Via Francigena\u00a0\u00bb ainsi que la lettre de cr\u00e9ance du p\u00e8lerin. La Guide \u00ab\u00a0Via Francigena\u00a0\u00bb \u00c0 l&rsquo;int\u00e9rieur du kit de lettres de cr\u00e9ance et de la guide officiel en italien, vous trouverez la [&hellip;]\" \/>\n<meta property=\"og:url\" content=\"https:\/\/www.slowshop.eu\/fr\/produit\/kit-francigena-credential-et-guide-en-italien-2\/\" \/>\n<meta property=\"og:site_name\" content=\"Slowshop\" \/>\n<meta property=\"article:modified_time\" content=\"2022-05-02T13:45:27+00:00\" \/>\n<meta property=\"og:image\" content=\"https:\/\/www.slowshop.eu\/wp-content\/uploads\/2022\/05\/1.png\" \/>\n\t<meta property=\"og:image:width\" content=\"600\" \/>\n\t<meta property=\"og:image:height\" content=\"750\" \/>\n\t<meta property=\"og:image:type\" content=\"image\/png\" \/>\n<meta name=\"twitter:card\" content=\"summary_large_image\" \/>\n<meta name=\"twitter:label1\" content=\"Dur\u00e9e de lecture estim\u00e9e\" \/>\n\t<meta name=\"twitter:data1\" content=\"2 minutes\" \/>\n<script type=\"application\/ld+json\" class=\"yoast-schema-graph\">{\"@context\":\"https:\/\/schema.org\",\"@graph\":[{\"@type\":\"WebPage\",\"@id\":\"https:\/\/www.slowshop.eu\/fr\/produit\/kit-francigena-credential-et-guide-en-italien-2\/\",\"url\":\"https:\/\/www.slowshop.eu\/fr\/produit\/kit-francigena-credential-et-guide-en-italien-2\/\",\"name\":\"Kit Francigena Sud: Credential et Guide en italien - Slowshop\",\"isPartOf\":{\"@id\":\"https:\/\/www.slowshop.eu\/fr\/#website\"},\"primaryImageOfPage\":{\"@id\":\"https:\/\/www.slowshop.eu\/fr\/produit\/kit-francigena-credential-et-guide-en-italien-2\/#primaryimage\"},\"image\":{\"@id\":\"https:\/\/www.slowshop.eu\/fr\/produit\/kit-francigena-credential-et-guide-en-italien-2\/#primaryimage\"},\"thumbnailUrl\":\"https:\/\/www.slowshop.eu\/wp-content\/uploads\/2022\/05\/vf-del-sud-cred-.jpg\",\"datePublished\":\"2022-05-02T13:17:33+00:00\",\"dateModified\":\"2022-05-02T13:45:27+00:00\",\"breadcrumb\":{\"@id\":\"https:\/\/www.slowshop.eu\/fr\/produit\/kit-francigena-credential-et-guide-en-italien-2\/#breadcrumb\"},\"inLanguage\":\"fr-FR\",\"potentialAction\":[{\"@type\":\"ReadAction\",\"target\":[\"https:\/\/www.slowshop.eu\/fr\/produit\/kit-francigena-credential-et-guide-en-italien-2\/\"]}]},{\"@type\":\"ImageObject\",\"inLanguage\":\"fr-FR\",\"@id\":\"https:\/\/www.slowshop.eu\/fr\/produit\/kit-francigena-credential-et-guide-en-italien-2\/#primaryimage\",\"url\":\"https:\/\/www.slowshop.eu\/wp-content\/uploads\/2022\/05\/vf-del-sud-cred-.jpg\",\"contentUrl\":\"https:\/\/www.slowshop.eu\/wp-content\/uploads\/2022\/05\/vf-del-sud-cred-.jpg\",\"width\":600,\"height\":750},{\"@type\":\"BreadcrumbList\",\"@id\":\"https:\/\/www.slowshop.eu\/fr\/produit\/kit-francigena-credential-et-guide-en-italien-2\/#breadcrumb\",\"itemListElement\":[{\"@type\":\"ListItem\",\"position\":1,\"name\":\"Home\",\"item\":\"https:\/\/www.slowshop.eu\/fr\/\"},{\"@type\":\"ListItem\",\"position\":2,\"name\":\"Catalogue\",\"item\":\"https:\/\/www.slowshop.eu\/fr\/catalogue\/\"},{\"@type\":\"ListItem\",\"position\":3,\"name\":\"Kit Francigena Sud: Credential et Guide en italien\"}]},{\"@type\":\"WebSite\",\"@id\":\"https:\/\/www.slowshop.eu\/fr\/#website\",\"url\":\"https:\/\/www.slowshop.eu\/fr\/\",\"name\":\"SlowShop\",\"description\":\"Vie Francigene Shop\",\"publisher\":{\"@id\":\"https:\/\/www.slowshop.eu\/fr\/#organization\"},\"potentialAction\":[{\"@type\":\"SearchAction\",\"target\":{\"@type\":\"EntryPoint\",\"urlTemplate\":\"https:\/\/www.slowshop.eu\/fr\/?s={search_term_string}\"},\"query-input\":{\"@type\":\"PropertyValueSpecification\",\"valueRequired\":true,\"valueName\":\"search_term_string\"}}],\"inLanguage\":\"fr-FR\"},{\"@type\":\"Organization\",\"@id\":\"https:\/\/www.slowshop.eu\/fr\/#organization\",\"name\":\"SlowShop\",\"url\":\"https:\/\/www.slowshop.eu\/fr\/\",\"logo\":{\"@type\":\"ImageObject\",\"inLanguage\":\"fr-FR\",\"@id\":\"https:\/\/www.slowshop.eu\/fr\/#\/schema\/logo\/image\/\",\"url\":\"https:\/\/www.slowshop.eu\/wp-content\/uploads\/2024\/07\/cropped-immagine-1.png\",\"contentUrl\":\"https:\/\/www.slowshop.eu\/wp-content\/uploads\/2024\/07\/cropped-immagine-1.png\",\"width\":512,\"height\":512,\"caption\":\"SlowShop\"},\"image\":{\"@id\":\"https:\/\/www.slowshop.eu\/fr\/#\/schema\/logo\/image\/\"}}]}<\/script>\n<!-- \/ Yoast SEO plugin. -->","yoast_head_json":{"title":"Kit Francigena Sud: Credential et Guide en italien - Slowshop","robots":{"index":"index","follow":"follow","max-snippet":"max-snippet:-1","max-image-preview":"max-image-preview:large","max-video-preview":"max-video-preview:-1"},"canonical":"https:\/\/www.slowshop.eu\/fr\/produit\/kit-francigena-credential-et-guide-en-italien-2\/","og_locale":"fr_FR","og_type":"article","og_title":"Kit Francigena Sud: Credential et Guide en italien - Slowshop","og_description":"Kit Francigena: Credential et Guide en italien Le kit Francigena: lettre de cr\u00e9ance et guide en italien comprend la guide officiel de la \u00ab\u00a0Via Francigena\u00a0\u00bb ainsi que la lettre de cr\u00e9ance du p\u00e8lerin. La Guide \u00ab\u00a0Via Francigena\u00a0\u00bb \u00c0 l&rsquo;int\u00e9rieur du kit de lettres de cr\u00e9ance et de la guide officiel en italien, vous trouverez la [&hellip;]","og_url":"https:\/\/www.slowshop.eu\/fr\/produit\/kit-francigena-credential-et-guide-en-italien-2\/","og_site_name":"Slowshop","article_modified_time":"2022-05-02T13:45:27+00:00","og_image":[{"width":600,"height":750,"url":"https:\/\/www.slowshop.eu\/wp-content\/uploads\/2022\/05\/1.png","type":"image\/png"}],"twitter_card":"summary_large_image","twitter_misc":{"Dur\u00e9e de lecture estim\u00e9e":"2 minutes"},"schema":{"@context":"https:\/\/schema.org","@graph":[{"@type":"WebPage","@id":"https:\/\/www.slowshop.eu\/fr\/produit\/kit-francigena-credential-et-guide-en-italien-2\/","url":"https:\/\/www.slowshop.eu\/fr\/produit\/kit-francigena-credential-et-guide-en-italien-2\/","name":"Kit Francigena Sud: Credential et Guide en italien - Slowshop","isPartOf":{"@id":"https:\/\/www.slowshop.eu\/fr\/#website"},"primaryImageOfPage":{"@id":"https:\/\/www.slowshop.eu\/fr\/produit\/kit-francigena-credential-et-guide-en-italien-2\/#primaryimage"},"image":{"@id":"https:\/\/www.slowshop.eu\/fr\/produit\/kit-francigena-credential-et-guide-en-italien-2\/#primaryimage"},"thumbnailUrl":"https:\/\/www.slowshop.eu\/wp-content\/uploads\/2022\/05\/vf-del-sud-cred-.jpg","datePublished":"2022-05-02T13:17:33+00:00","dateModified":"2022-05-02T13:45:27+00:00","breadcrumb":{"@id":"https:\/\/www.slowshop.eu\/fr\/produit\/kit-francigena-credential-et-guide-en-italien-2\/#breadcrumb"},"inLanguage":"fr-FR","potentialAction":[{"@type":"ReadAction","target":["https:\/\/www.slowshop.eu\/fr\/produit\/kit-francigena-credential-et-guide-en-italien-2\/"]}]},{"@type":"ImageObject","inLanguage":"fr-FR","@id":"https:\/\/www.slowshop.eu\/fr\/produit\/kit-francigena-credential-et-guide-en-italien-2\/#primaryimage","url":"https:\/\/www.slowshop.eu\/wp-content\/uploads\/2022\/05\/vf-del-sud-cred-.jpg","contentUrl":"https:\/\/www.slowshop.eu\/wp-content\/uploads\/2022\/05\/vf-del-sud-cred-.jpg","width":600,"height":750},{"@type":"BreadcrumbList","@id":"https:\/\/www.slowshop.eu\/fr\/produit\/kit-francigena-credential-et-guide-en-italien-2\/#breadcrumb","itemListElement":[{"@type":"ListItem","position":1,"name":"Home","item":"https:\/\/www.slowshop.eu\/fr\/"},{"@type":"ListItem","position":2,"name":"Catalogue","item":"https:\/\/www.slowshop.eu\/fr\/catalogue\/"},{"@type":"ListItem","position":3,"name":"Kit Francigena Sud: Credential et Guide en italien"}]},{"@type":"WebSite","@id":"https:\/\/www.slowshop.eu\/fr\/#website","url":"https:\/\/www.slowshop.eu\/fr\/","name":"SlowShop","description":"Vie Francigene Shop","publisher":{"@id":"https:\/\/www.slowshop.eu\/fr\/#organization"},"potentialAction":[{"@type":"SearchAction","target":{"@type":"EntryPoint","urlTemplate":"https:\/\/www.slowshop.eu\/fr\/?s={search_term_string}"},"query-input":{"@type":"PropertyValueSpecification","valueRequired":true,"valueName":"search_term_string"}}],"inLanguage":"fr-FR"},{"@type":"Organization","@id":"https:\/\/www.slowshop.eu\/fr\/#organization","name":"SlowShop","url":"https:\/\/www.slowshop.eu\/fr\/","logo":{"@type":"ImageObject","inLanguage":"fr-FR","@id":"https:\/\/www.slowshop.eu\/fr\/#\/schema\/logo\/image\/","url":"https:\/\/www.slowshop.eu\/wp-content\/uploads\/2024\/07\/cropped-immagine-1.png","contentUrl":"https:\/\/www.slowshop.eu\/wp-content\/uploads\/2024\/07\/cropped-immagine-1.png","width":512,"height":512,"caption":"SlowShop"},"image":{"@id":"https:\/\/www.slowshop.eu\/fr\/#\/schema\/logo\/image\/"}}]}},"_links":{"self":[{"href":"https:\/\/www.slowshop.eu\/fr\/wp-json\/wp\/v2\/product\/7348","targetHints":{"allow":["GET"]}}],"collection":[{"href":"https:\/\/www.slowshop.eu\/fr\/wp-json\/wp\/v2\/product"}],"about":[{"href":"https:\/\/www.slowshop.eu\/fr\/wp-json\/wp\/v2\/types\/product"}],"wp:featuredmedia":[{"embeddable":true,"href":"https:\/\/www.slowshop.eu\/fr\/wp-json\/wp\/v2\/media\/24211"}],"wp:attachment":[{"href":"https:\/\/www.slowshop.eu\/fr\/wp-json\/wp\/v2\/media?parent=7348"}],"wp:term":[{"taxonomy":"product_brand","embeddable":true,"href":"https:\/\/www.slowshop.eu\/fr\/wp-json\/wp\/v2\/product_brand?post=7348"},{"taxonomy":"product_cat","embeddable":true,"href":"https:\/\/www.slowshop.eu\/fr\/wp-json\/wp\/v2\/product_cat?post=7348"},{"taxonomy":"product_tag","embeddable":true,"href":"https:\/\/www.slowshop.eu\/fr\/wp-json\/wp\/v2\/product_tag?post=7348"}],"curies":[{"name":"wp","href":"https:\/\/api.w.org\/{rel}","templated":true}]}}