{"id":8449,"date":"2022-02-16T14:46:11","date_gmt":"2022-02-16T13:46:11","guid":{"rendered":"https:\/\/www.slowshop.eu\/product\/laine-et-route-de-la-soie-credential\/"},"modified":"2022-02-16T14:46:11","modified_gmt":"2022-02-16T13:46:11","slug":"laine-et-route-de-la-soie-credential","status":"publish","type":"product","link":"https:\/\/www.slowshop.eu\/fr\/produit\/laine-et-route-de-la-soie-credential\/","title":{"rendered":"Laine et route de la soie &#8211; credential"},"content":{"rendered":"<h3>Laine et route de la soie &#8211; credential<\/h3>\n<p>La Via della Lana e della Seta &#8211; Credential est l&rsquo;outil id\u00e9al pour entreprendre votre voyage \u00e0 pied de Bologne \u00e0 Prato.<\/p>\n<p>Achetez \u00e9galement le guide de la laine et de la route de la soie en italien ! \u00a0\u00bb Un long trek, 130 km divis\u00e9s en 6 \u00e9tapes, de Bologne \u00e0 Prato, avec autant de nuit\u00e9es dans les petits villages ruraux diss\u00e9min\u00e9s dans les collines et les montagnes. Un voyage \u00e0 pied \u00e0 travers l&rsquo;histoire pass\u00e9e et r\u00e9cente des deux villes, \u00e0 la d\u00e9couverte de leur ancienne vocation : l&rsquo;industrie de la laine et de la soie. Une exp\u00e9rience extraordinaire le long d&rsquo;un parcours d&rsquo;une grande beaut\u00e9 qui relie depuis l&rsquo;Antiquit\u00e9 les deux c\u00f4t\u00e9s des Apennins toscans-\u00e9miliens&#8230;\u00a0\u00bb<\/p>\n<p>Prenez votre photo et suivez notre page <a href=\"https:\/\/www.instagram.com\/sloways_travels\/\">@sloways_travel<\/a> sur Instagram avec le hashtag #spassolento.<\/p>\n<h3><strong>Partez avec nous<\/strong><\/h3>\n<p>Achetez aussi la cr\u00e9ance de p\u00e8lerin et r\u00e9servez votre marche sur l&rsquo;une des \u00e9tapes de la Via Francigena du Sud !<br \/>\nContactez nous ! \u00c9crivez un courriel \u00e0 <a href=\"mailto:info@sloways.eu\">info@sloways.eu<\/a> ou visitez notre site web <a href=\"https:\/\/www.sloways.eu\/via-francigena-del-sud-da-roma-a-terracina\">www.sloways.eu<\/a><\/p>\n<p>&nbsp;<\/p>\n","protected":false},"excerpt":{"rendered":"<p>La Via della Lana e della Seta &#8211; Credential, est l&rsquo;outil indispensable pour entreprendre votre voyage \u00e0 pied de Bologne \u00e0 Prato.<\/p>\n","protected":false},"featured_media":6077,"template":"","meta":{"_monsterinsights_skip_tracking":false,"_monsterinsights_sitenote_active":false,"_monsterinsights_sitenote_note":"","_monsterinsights_sitenote_category":0},"product_brand":[],"product_cat":[103],"product_tag":[],"class_list":{"0":"post-8449","1":"product","2":"type-product","3":"status-publish","4":"has-post-thumbnail","6":"product_cat-guides-et-passeport-pelerin","7":"tm-no-options","9":"first","10":"outofstock","11":"taxable","12":"shipping-taxable","13":"purchasable","14":"product-type-simple"},"bundle_layout":"","bundle_add_to_cart_form_location":"","bundle_editable_in_cart":false,"bundle_sold_individually_context":"","bundle_item_grouping":"","bundle_min_size":"","bundle_max_size":"","bundled_by":[],"bundled_items":[],"yoast_head":"<!-- This site is optimized with the Yoast SEO plugin v26.2 - https:\/\/yoast.com\/wordpress\/plugins\/seo\/ -->\n<title>Laine et route de la soie - credential - Slowshop<\/title>\n<meta name=\"robots\" content=\"index, follow, max-snippet:-1, max-image-preview:large, max-video-preview:-1\" \/>\n<link rel=\"canonical\" href=\"https:\/\/www.slowshop.eu\/fr\/produit\/laine-et-route-de-la-soie-credential\/\" \/>\n<meta property=\"og:locale\" content=\"fr_FR\" \/>\n<meta property=\"og:type\" content=\"article\" \/>\n<meta property=\"og:title\" content=\"Laine et route de la soie - credential - Slowshop\" \/>\n<meta property=\"og:description\" content=\"La Via della Lana e della Seta - Credential, est l&#039;outil indispensable pour entreprendre votre voyage \u00e0 pied de Bologne \u00e0 Prato.\" \/>\n<meta property=\"og:url\" content=\"https:\/\/www.slowshop.eu\/fr\/produit\/laine-et-route-de-la-soie-credential\/\" \/>\n<meta property=\"og:site_name\" content=\"Slowshop\" \/>\n<meta property=\"og:image\" content=\"https:\/\/www.slowshop.eu\/wp-content\/uploads\/2022\/02\/4-1.png\" \/>\n\t<meta property=\"og:image:width\" content=\"600\" \/>\n\t<meta property=\"og:image:height\" content=\"750\" \/>\n\t<meta property=\"og:image:type\" content=\"image\/png\" \/>\n<meta name=\"twitter:card\" content=\"summary_large_image\" \/>\n<meta name=\"twitter:label1\" content=\"Dur\u00e9e de lecture estim\u00e9e\" \/>\n\t<meta name=\"twitter:data1\" content=\"1 minute\" \/>\n<script type=\"application\/ld+json\" class=\"yoast-schema-graph\">{\"@context\":\"https:\/\/schema.org\",\"@graph\":[{\"@type\":\"WebPage\",\"@id\":\"https:\/\/www.slowshop.eu\/fr\/produit\/laine-et-route-de-la-soie-credential\/\",\"url\":\"https:\/\/www.slowshop.eu\/fr\/produit\/laine-et-route-de-la-soie-credential\/\",\"name\":\"Laine et route de la soie - credential - Slowshop\",\"isPartOf\":{\"@id\":\"https:\/\/www.slowshop.eu\/fr\/#website\"},\"primaryImageOfPage\":{\"@id\":\"https:\/\/www.slowshop.eu\/fr\/produit\/laine-et-route-de-la-soie-credential\/#primaryimage\"},\"image\":{\"@id\":\"https:\/\/www.slowshop.eu\/fr\/produit\/laine-et-route-de-la-soie-credential\/#primaryimage\"},\"thumbnailUrl\":\"https:\/\/www.slowshop.eu\/wp-content\/uploads\/2022\/02\/4-1.png\",\"datePublished\":\"2022-02-16T13:46:11+00:00\",\"breadcrumb\":{\"@id\":\"https:\/\/www.slowshop.eu\/fr\/produit\/laine-et-route-de-la-soie-credential\/#breadcrumb\"},\"inLanguage\":\"fr-FR\",\"potentialAction\":[{\"@type\":\"ReadAction\",\"target\":[\"https:\/\/www.slowshop.eu\/fr\/produit\/laine-et-route-de-la-soie-credential\/\"]}]},{\"@type\":\"ImageObject\",\"inLanguage\":\"fr-FR\",\"@id\":\"https:\/\/www.slowshop.eu\/fr\/produit\/laine-et-route-de-la-soie-credential\/#primaryimage\",\"url\":\"https:\/\/www.slowshop.eu\/wp-content\/uploads\/2022\/02\/4-1.png\",\"contentUrl\":\"https:\/\/www.slowshop.eu\/wp-content\/uploads\/2022\/02\/4-1.png\",\"width\":600,\"height\":750},{\"@type\":\"BreadcrumbList\",\"@id\":\"https:\/\/www.slowshop.eu\/fr\/produit\/laine-et-route-de-la-soie-credential\/#breadcrumb\",\"itemListElement\":[{\"@type\":\"ListItem\",\"position\":1,\"name\":\"Home\",\"item\":\"https:\/\/www.slowshop.eu\/fr\/\"},{\"@type\":\"ListItem\",\"position\":2,\"name\":\"Catalogue\",\"item\":\"https:\/\/www.slowshop.eu\/fr\/catalogue\/\"},{\"@type\":\"ListItem\",\"position\":3,\"name\":\"Laine et route de la soie &#8211; credential\"}]},{\"@type\":\"WebSite\",\"@id\":\"https:\/\/www.slowshop.eu\/fr\/#website\",\"url\":\"https:\/\/www.slowshop.eu\/fr\/\",\"name\":\"SlowShop\",\"description\":\"Vie Francigene Shop\",\"publisher\":{\"@id\":\"https:\/\/www.slowshop.eu\/fr\/#organization\"},\"potentialAction\":[{\"@type\":\"SearchAction\",\"target\":{\"@type\":\"EntryPoint\",\"urlTemplate\":\"https:\/\/www.slowshop.eu\/fr\/?s={search_term_string}\"},\"query-input\":{\"@type\":\"PropertyValueSpecification\",\"valueRequired\":true,\"valueName\":\"search_term_string\"}}],\"inLanguage\":\"fr-FR\"},{\"@type\":\"Organization\",\"@id\":\"https:\/\/www.slowshop.eu\/fr\/#organization\",\"name\":\"SlowShop\",\"url\":\"https:\/\/www.slowshop.eu\/fr\/\",\"logo\":{\"@type\":\"ImageObject\",\"inLanguage\":\"fr-FR\",\"@id\":\"https:\/\/www.slowshop.eu\/fr\/#\/schema\/logo\/image\/\",\"url\":\"https:\/\/www.slowshop.eu\/wp-content\/uploads\/2024\/07\/cropped-immagine-1.png\",\"contentUrl\":\"https:\/\/www.slowshop.eu\/wp-content\/uploads\/2024\/07\/cropped-immagine-1.png\",\"width\":512,\"height\":512,\"caption\":\"SlowShop\"},\"image\":{\"@id\":\"https:\/\/www.slowshop.eu\/fr\/#\/schema\/logo\/image\/\"}}]}<\/script>\n<!-- \/ Yoast SEO plugin. -->","yoast_head_json":{"title":"Laine et route de la soie - credential - Slowshop","robots":{"index":"index","follow":"follow","max-snippet":"max-snippet:-1","max-image-preview":"max-image-preview:large","max-video-preview":"max-video-preview:-1"},"canonical":"https:\/\/www.slowshop.eu\/fr\/produit\/laine-et-route-de-la-soie-credential\/","og_locale":"fr_FR","og_type":"article","og_title":"Laine et route de la soie - credential - Slowshop","og_description":"La Via della Lana e della Seta - Credential, est l'outil indispensable pour entreprendre votre voyage \u00e0 pied de Bologne \u00e0 Prato.","og_url":"https:\/\/www.slowshop.eu\/fr\/produit\/laine-et-route-de-la-soie-credential\/","og_site_name":"Slowshop","og_image":[{"width":600,"height":750,"url":"https:\/\/www.slowshop.eu\/wp-content\/uploads\/2022\/02\/4-1.png","type":"image\/png"}],"twitter_card":"summary_large_image","twitter_misc":{"Dur\u00e9e de lecture estim\u00e9e":"1 minute"},"schema":{"@context":"https:\/\/schema.org","@graph":[{"@type":"WebPage","@id":"https:\/\/www.slowshop.eu\/fr\/produit\/laine-et-route-de-la-soie-credential\/","url":"https:\/\/www.slowshop.eu\/fr\/produit\/laine-et-route-de-la-soie-credential\/","name":"Laine et route de la soie - credential - Slowshop","isPartOf":{"@id":"https:\/\/www.slowshop.eu\/fr\/#website"},"primaryImageOfPage":{"@id":"https:\/\/www.slowshop.eu\/fr\/produit\/laine-et-route-de-la-soie-credential\/#primaryimage"},"image":{"@id":"https:\/\/www.slowshop.eu\/fr\/produit\/laine-et-route-de-la-soie-credential\/#primaryimage"},"thumbnailUrl":"https:\/\/www.slowshop.eu\/wp-content\/uploads\/2022\/02\/4-1.png","datePublished":"2022-02-16T13:46:11+00:00","breadcrumb":{"@id":"https:\/\/www.slowshop.eu\/fr\/produit\/laine-et-route-de-la-soie-credential\/#breadcrumb"},"inLanguage":"fr-FR","potentialAction":[{"@type":"ReadAction","target":["https:\/\/www.slowshop.eu\/fr\/produit\/laine-et-route-de-la-soie-credential\/"]}]},{"@type":"ImageObject","inLanguage":"fr-FR","@id":"https:\/\/www.slowshop.eu\/fr\/produit\/laine-et-route-de-la-soie-credential\/#primaryimage","url":"https:\/\/www.slowshop.eu\/wp-content\/uploads\/2022\/02\/4-1.png","contentUrl":"https:\/\/www.slowshop.eu\/wp-content\/uploads\/2022\/02\/4-1.png","width":600,"height":750},{"@type":"BreadcrumbList","@id":"https:\/\/www.slowshop.eu\/fr\/produit\/laine-et-route-de-la-soie-credential\/#breadcrumb","itemListElement":[{"@type":"ListItem","position":1,"name":"Home","item":"https:\/\/www.slowshop.eu\/fr\/"},{"@type":"ListItem","position":2,"name":"Catalogue","item":"https:\/\/www.slowshop.eu\/fr\/catalogue\/"},{"@type":"ListItem","position":3,"name":"Laine et route de la soie &#8211; credential"}]},{"@type":"WebSite","@id":"https:\/\/www.slowshop.eu\/fr\/#website","url":"https:\/\/www.slowshop.eu\/fr\/","name":"SlowShop","description":"Vie Francigene Shop","publisher":{"@id":"https:\/\/www.slowshop.eu\/fr\/#organization"},"potentialAction":[{"@type":"SearchAction","target":{"@type":"EntryPoint","urlTemplate":"https:\/\/www.slowshop.eu\/fr\/?s={search_term_string}"},"query-input":{"@type":"PropertyValueSpecification","valueRequired":true,"valueName":"search_term_string"}}],"inLanguage":"fr-FR"},{"@type":"Organization","@id":"https:\/\/www.slowshop.eu\/fr\/#organization","name":"SlowShop","url":"https:\/\/www.slowshop.eu\/fr\/","logo":{"@type":"ImageObject","inLanguage":"fr-FR","@id":"https:\/\/www.slowshop.eu\/fr\/#\/schema\/logo\/image\/","url":"https:\/\/www.slowshop.eu\/wp-content\/uploads\/2024\/07\/cropped-immagine-1.png","contentUrl":"https:\/\/www.slowshop.eu\/wp-content\/uploads\/2024\/07\/cropped-immagine-1.png","width":512,"height":512,"caption":"SlowShop"},"image":{"@id":"https:\/\/www.slowshop.eu\/fr\/#\/schema\/logo\/image\/"}}]}},"_links":{"self":[{"href":"https:\/\/www.slowshop.eu\/fr\/wp-json\/wp\/v2\/product\/8449","targetHints":{"allow":["GET"]}}],"collection":[{"href":"https:\/\/www.slowshop.eu\/fr\/wp-json\/wp\/v2\/product"}],"about":[{"href":"https:\/\/www.slowshop.eu\/fr\/wp-json\/wp\/v2\/types\/product"}],"wp:featuredmedia":[{"embeddable":true,"href":"https:\/\/www.slowshop.eu\/fr\/wp-json\/wp\/v2\/media\/6077"}],"wp:attachment":[{"href":"https:\/\/www.slowshop.eu\/fr\/wp-json\/wp\/v2\/media?parent=8449"}],"wp:term":[{"taxonomy":"product_brand","embeddable":true,"href":"https:\/\/www.slowshop.eu\/fr\/wp-json\/wp\/v2\/product_brand?post=8449"},{"taxonomy":"product_cat","embeddable":true,"href":"https:\/\/www.slowshop.eu\/fr\/wp-json\/wp\/v2\/product_cat?post=8449"},{"taxonomy":"product_tag","embeddable":true,"href":"https:\/\/www.slowshop.eu\/fr\/wp-json\/wp\/v2\/product_tag?post=8449"}],"curies":[{"name":"wp","href":"https:\/\/api.w.org\/{rel}","templated":true}]}}