{"id":9438,"date":"2022-08-10T11:44:29","date_gmt":"2022-08-10T09:44:29","guid":{"rendered":"https:\/\/www.slowshop.eu\/?post_type=product&#038;p=9438"},"modified":"2026-01-16T16:52:09","modified_gmt":"2026-01-16T15:52:09","slug":"lecusson-brode-magna-via-francigena","status":"publish","type":"product","link":"https:\/\/www.slowshop.eu\/fr\/produit\/lecusson-brode-magna-via-francigena\/","title":{"rendered":"L\u2019\u00e9cusson brod\u00e9 Magna Via Francigena"},"content":{"rendered":"<h3>L\u2019<strong data-start=\"76\" data-end=\"114\">\u00e9cusson brod\u00e9 Magna Via Francigena<\/strong><\/h3>\n<p data-start=\"100\" data-end=\"526\">L\u2019<strong data-start=\"102\" data-end=\"140\">\u00e9cusson brod\u00e9 Magna Via Francigena<\/strong> est bien plus qu\u2019un simple accessoire : c\u2019est un symbole de voyage, de d\u00e9couverte et d\u2019appartenance \u00e0 l\u2019un des chemins les plus fascinants et authentiques de Sicile. Con\u00e7u pour ceux qui ont d\u00e9j\u00e0 parcouru la Magna Via Francigena et pour ceux qui la r\u00eavent comme prochaine destination, il repr\u00e9sente un signe distinctif \u00e0 porter tout au long du chemin ou dans la vie de tous les jours.<\/p>\n<p data-start=\"528\" data-end=\"843\">Id\u00e9al \u00e0 fixer sur un <strong data-start=\"549\" data-end=\"575\">sac \u00e0 dos de randonn\u00e9e<\/strong>, une <strong data-start=\"581\" data-end=\"590\">veste<\/strong> ou des <strong data-start=\"598\" data-end=\"619\">v\u00eatements outdoor<\/strong>, cet \u00e9cusson officiel du chemin raconte une histoire faite de pas, de rencontres et de paysages intemporels. Le porter signifie <strong data-start=\"748\" data-end=\"797\">pr\u00e9server le souvenir d\u2019une exp\u00e9rience unique<\/strong> ou <strong data-start=\"801\" data-end=\"840\">exprimer le d\u00e9sir de l\u2019entreprendre<\/strong>.<\/p>\n<p data-start=\"845\" data-end=\"1236\">Fabriqu\u00e9 en <strong data-start=\"857\" data-end=\"896\">tissu floqu\u00e9 rouge de haute qualit\u00e9<\/strong>, avec des <strong data-start=\"907\" data-end=\"939\">broderies blanches et jaunes<\/strong>, l\u2019\u00e9cusson allie <strong data-start=\"957\" data-end=\"1014\">savoir-faire artisanal, r\u00e9sistance et souci du d\u00e9tail<\/strong>. Il est con\u00e7u pour durer dans le temps, m\u00eame lors des randonn\u00e9es les plus exigeantes. Il peut \u00eatre <strong data-start=\"1114\" data-end=\"1138\">cousu ou thermocoll\u00e9<\/strong>, s\u2019adaptant facilement aux sacs \u00e0 dos, vestes techniques, sweats et autres v\u00eatements de voyage.<\/p>\n<h3 data-start=\"628\" data-end=\"665\">D\u00e9couvrez la Magna Via Francigena<\/h3>\n<p data-start=\"1277\" data-end=\"1663\">La <strong data-start=\"1280\" data-end=\"1304\">Magna Via Francigena<\/strong> est un chemin historique et spirituel qui traverse la Sicile <strong data-start=\"1366\" data-end=\"1390\">d\u2019une c\u00f4te \u00e0 l\u2019autre<\/strong>, du <strong data-start=\"1395\" data-end=\"1415\">golfe de Palerme<\/strong> jusqu\u2019\u00e0 la suggestive <strong data-start=\"1438\" data-end=\"1472\">Vall\u00e9e des Temples \u00e0 Agrigente<\/strong>. Le parcours se d\u00e9roule en <strong data-start=\"1500\" data-end=\"1512\">9 \u00e9tapes<\/strong>, le long d\u2019anciennes voies parcourues au fil des si\u00e8cles par les <strong data-start=\"1578\" data-end=\"1616\">Grecs, Romains, Arabes et Normands<\/strong>, laissant un h\u00e9ritage culturel exceptionnel.<\/p>\n<p data-start=\"1665\" data-end=\"2002\">Marcher sur la Magna Via Francigena signifie <strong data-start=\"1710\" data-end=\"1759\">s\u2019immerger dans la Sicile la plus authentique<\/strong>, loin des itin\u00e9raires touristiques classiques. Le voyage traverse des <strong data-start=\"1830\" data-end=\"1858\">parcs naturels pr\u00e9serv\u00e9s<\/strong>, de <strong data-start=\"1863\" data-end=\"1900\">grandes \u00e9tendues de champs de bl\u00e9<\/strong>, des <strong data-start=\"1906\" data-end=\"1945\">villages perch\u00e9s charg\u00e9s d\u2019histoire<\/strong> et des panoramas qui semblent suspendus dans le temps.<\/p>\n<p data-start=\"2004\" data-end=\"2395\">Chaque \u00e9tape offre l\u2019occasion de <strong data-start=\"2037\" data-end=\"2073\">vivre des traditions mill\u00e9naires<\/strong>, de <strong data-start=\"2078\" data-end=\"2130\">d\u00e9guster des saveurs et des parfums authentiques<\/strong>, de <strong data-start=\"2135\" data-end=\"2179\">rencontrer des communaut\u00e9s accueillantes<\/strong> et de <strong data-start=\"2186\" data-end=\"2251\">red\u00e9couvrir un rythme de vie lent, en harmonie avec la nature<\/strong>. Un chemin qui n\u2019est pas seulement physique, mais aussi int\u00e9rieur, capable de laisser une <strong data-start=\"2342\" data-end=\"2364\">empreinte profonde<\/strong> chez ceux qui le parcourent.<\/p>\n<p data-start=\"2397\" data-end=\"2571\">L\u2019<strong data-start=\"2399\" data-end=\"2437\">\u00e9cusson brod\u00e9 Magna Via Francigena<\/strong> est le symbole parfait de ce voyage : un <strong data-start=\"2479\" data-end=\"2523\">petit signe qui renferme un grand chemin<\/strong>, \u00e0 porter avec fiert\u00e9 <strong data-start=\"2546\" data-end=\"2568\">o\u00f9 que vous alliez.<\/strong><\/p>\n<h3 data-start=\"628\" data-end=\"665\">Pars avec nous<\/h3>\n<p data-start=\"1350\" data-end=\"1705\">Maintenant que vous poss\u00e9dez l\u2019<strong data-start=\"1381\" data-end=\"1407\">\u00e9cusson brod\u00e9 officiel<\/strong>, il ne vous reste plus qu\u2019\u00e0 <strong data-start=\"1436\" data-end=\"1489\">r\u00e9server votre voyage sur la Magna Via Francigena<\/strong>. En r\u00e9servant sur notre site, vous recevrez une <strong data-start=\"1538\" data-end=\"1574\">documentation compl\u00e8te de voyage<\/strong> et nous nous chargerons de <strong data-start=\"1602\" data-end=\"1639\">r\u00e9server des h\u00e9bergements de r\u00eave<\/strong>, afin que vos vacances deviennent une <strong data-start=\"1678\" data-end=\"1704\">exp\u00e9rience inoubliable<\/strong>.<\/p>\n<p data-start=\"1707\" data-end=\"1789\" data-is-last-node=\"\" data-is-only-node=\"\">Pour nous contacter, \u00e9crivez un mail \u00e0 <a href=\"mailto:info@sloways.eu\">info@sloways.eu<\/a><\/p>\n","protected":false},"excerpt":{"rendered":"<p>L\u2019\u00e9cusson brod\u00e9 Magna Via Francigena est l\u2019accessoire id\u00e9al pour ceux qui parcourent, ou r\u00eavent de parcourir, l\u2019un des chemins les plus fascinants de Sicile. Parfait \u00e0 fixer sur un sac \u00e0 dos de randonn\u00e9e, il repr\u00e9sente le symbole officiel du Chemin et constitue un signe distinctif pour chaque voyageur.<br \/>\nR\u00e9alis\u00e9 en tissu floqu\u00e9 rouge, avec des broderies blanches et jaunes, cet \u00e9cusson allie qualit\u00e9 artisanale et r\u00e9sistance. Il peut \u00eatre cousu ou thermocoll\u00e9, s\u2019adaptant facilement aux sacs \u00e0 dos, vestes et v\u00eatements outdoor.<\/p>\n<p>D\u00e9couvrez la Magna Via Francigena<br \/>\nLa Magna Via Francigena est un itin\u00e9raire unique qui traverse la Sicile du golfe de Palerme \u00e0 la Vall\u00e9e des Temples, structur\u00e9 en 9 \u00e9tapes le long d\u2019anciennes voies emprunt\u00e9es au fil des si\u00e8cles par les Grecs, les Romains, les Arabes et les Normands.<br \/>\nUn voyage \u00e0 pied de c\u00f4te \u00e0 c\u00f4te qui m\u00e8ne \u00e0 la d\u00e9couverte de la Sicile la plus authentique : parcs naturels, vastes \u00e9tendues de champs de bl\u00e9, villages perch\u00e9s et paysages intemporels.En marchant sur la Magna Via Francigena, vous pourrez vivre des traditions mill\u00e9naires, l\u2019histoire, les parfums et les cultures qui ont laiss\u00e9 une empreinte ind\u00e9l\u00e9bile sur une terre magique et myst\u00e9rieuse.<\/p>\n","protected":false},"featured_media":9442,"template":"","meta":{"_monsterinsights_skip_tracking":false,"_monsterinsights_sitenote_active":false,"_monsterinsights_sitenote_note":"","_monsterinsights_sitenote_category":0},"product_brand":[],"product_cat":[107],"product_tag":[],"class_list":{"0":"post-9438","1":"product","2":"type-product","3":"status-publish","4":"has-post-thumbnail","6":"product_cat-gadget-fr","7":"tm-no-options","9":"first","10":"instock","11":"taxable","12":"shipping-taxable","13":"purchasable","14":"product-type-simple"},"bundle_layout":"","bundle_add_to_cart_form_location":"","bundle_editable_in_cart":false,"bundle_sold_individually_context":"","bundle_item_grouping":"","bundle_min_size":"","bundle_max_size":"","bundled_by":[],"bundled_items":[],"yoast_head":"<!-- This site is optimized with the Yoast SEO plugin v26.2 - https:\/\/yoast.com\/wordpress\/plugins\/seo\/ -->\n<title>L\u2019\u00e9cusson brod\u00e9 Magna Via Francigena - Slowshop<\/title>\n<meta name=\"description\" content=\"Achete L\u2019\u00e9cusson brod\u00e9 Magna Via Francigena et pars avec nous pour une aventure incroyable sur ce chemin de Palermo \u00e0 Agrigento en Sicilia\" \/>\n<meta name=\"robots\" content=\"index, follow, max-snippet:-1, max-image-preview:large, max-video-preview:-1\" \/>\n<link rel=\"canonical\" href=\"https:\/\/www.slowshop.eu\/fr\/produit\/lecusson-brode-magna-via-francigena\/\" \/>\n<meta property=\"og:locale\" content=\"fr_FR\" \/>\n<meta property=\"og:type\" content=\"article\" \/>\n<meta property=\"og:title\" content=\"L\u2019\u00e9cusson brod\u00e9 Magna Via Francigena - Slowshop\" \/>\n<meta property=\"og:description\" content=\"Achete L\u2019\u00e9cusson brod\u00e9 Magna Via Francigena et pars avec nous pour une aventure incroyable sur ce chemin de Palermo \u00e0 Agrigento en Sicilia\" \/>\n<meta property=\"og:url\" content=\"https:\/\/www.slowshop.eu\/fr\/produit\/lecusson-brode-magna-via-francigena\/\" \/>\n<meta property=\"og:site_name\" content=\"Slowshop\" \/>\n<meta property=\"article:modified_time\" content=\"2026-01-16T15:52:09+00:00\" \/>\n<meta property=\"og:image\" content=\"https:\/\/www.slowshop.eu\/wp-content\/uploads\/2022\/08\/Copia-di-Toppa-OROPA.png\" \/>\n\t<meta property=\"og:image:width\" content=\"600\" \/>\n\t<meta property=\"og:image:height\" content=\"750\" \/>\n\t<meta property=\"og:image:type\" content=\"image\/png\" \/>\n<meta name=\"twitter:card\" content=\"summary_large_image\" \/>\n<meta name=\"twitter:label1\" content=\"Dur\u00e9e de lecture estim\u00e9e\" \/>\n\t<meta name=\"twitter:data1\" content=\"2 minutes\" \/>\n<script type=\"application\/ld+json\" class=\"yoast-schema-graph\">{\"@context\":\"https:\/\/schema.org\",\"@graph\":[{\"@type\":\"WebPage\",\"@id\":\"https:\/\/www.slowshop.eu\/fr\/produit\/lecusson-brode-magna-via-francigena\/\",\"url\":\"https:\/\/www.slowshop.eu\/fr\/produit\/lecusson-brode-magna-via-francigena\/\",\"name\":\"L\u2019\u00e9cusson brod\u00e9 Magna Via Francigena - Slowshop\",\"isPartOf\":{\"@id\":\"https:\/\/www.slowshop.eu\/fr\/#website\"},\"primaryImageOfPage\":{\"@id\":\"https:\/\/www.slowshop.eu\/fr\/produit\/lecusson-brode-magna-via-francigena\/#primaryimage\"},\"image\":{\"@id\":\"https:\/\/www.slowshop.eu\/fr\/produit\/lecusson-brode-magna-via-francigena\/#primaryimage\"},\"thumbnailUrl\":\"https:\/\/www.slowshop.eu\/wp-content\/uploads\/2022\/08\/Copia-di-Toppa-OROPA.png\",\"datePublished\":\"2022-08-10T09:44:29+00:00\",\"dateModified\":\"2026-01-16T15:52:09+00:00\",\"description\":\"Achete L\u2019\u00e9cusson brod\u00e9 Magna Via Francigena et pars avec nous pour une aventure incroyable sur ce chemin de Palermo \u00e0 Agrigento en Sicilia\",\"breadcrumb\":{\"@id\":\"https:\/\/www.slowshop.eu\/fr\/produit\/lecusson-brode-magna-via-francigena\/#breadcrumb\"},\"inLanguage\":\"fr-FR\",\"potentialAction\":[{\"@type\":\"ReadAction\",\"target\":[\"https:\/\/www.slowshop.eu\/fr\/produit\/lecusson-brode-magna-via-francigena\/\"]}]},{\"@type\":\"ImageObject\",\"inLanguage\":\"fr-FR\",\"@id\":\"https:\/\/www.slowshop.eu\/fr\/produit\/lecusson-brode-magna-via-francigena\/#primaryimage\",\"url\":\"https:\/\/www.slowshop.eu\/wp-content\/uploads\/2022\/08\/Copia-di-Toppa-OROPA.png\",\"contentUrl\":\"https:\/\/www.slowshop.eu\/wp-content\/uploads\/2022\/08\/Copia-di-Toppa-OROPA.png\",\"width\":600,\"height\":750,\"caption\":\"Toppa ricamata Magna Via Francigena\"},{\"@type\":\"BreadcrumbList\",\"@id\":\"https:\/\/www.slowshop.eu\/fr\/produit\/lecusson-brode-magna-via-francigena\/#breadcrumb\",\"itemListElement\":[{\"@type\":\"ListItem\",\"position\":1,\"name\":\"Home\",\"item\":\"https:\/\/www.slowshop.eu\/fr\/\"},{\"@type\":\"ListItem\",\"position\":2,\"name\":\"Catalogue\",\"item\":\"https:\/\/www.slowshop.eu\/fr\/catalogue\/\"},{\"@type\":\"ListItem\",\"position\":3,\"name\":\"L\u2019\u00e9cusson brod\u00e9 Magna Via Francigena\"}]},{\"@type\":\"WebSite\",\"@id\":\"https:\/\/www.slowshop.eu\/fr\/#website\",\"url\":\"https:\/\/www.slowshop.eu\/fr\/\",\"name\":\"SlowShop\",\"description\":\"Vie Francigene Shop\",\"publisher\":{\"@id\":\"https:\/\/www.slowshop.eu\/fr\/#organization\"},\"potentialAction\":[{\"@type\":\"SearchAction\",\"target\":{\"@type\":\"EntryPoint\",\"urlTemplate\":\"https:\/\/www.slowshop.eu\/fr\/?s={search_term_string}\"},\"query-input\":{\"@type\":\"PropertyValueSpecification\",\"valueRequired\":true,\"valueName\":\"search_term_string\"}}],\"inLanguage\":\"fr-FR\"},{\"@type\":\"Organization\",\"@id\":\"https:\/\/www.slowshop.eu\/fr\/#organization\",\"name\":\"SlowShop\",\"url\":\"https:\/\/www.slowshop.eu\/fr\/\",\"logo\":{\"@type\":\"ImageObject\",\"inLanguage\":\"fr-FR\",\"@id\":\"https:\/\/www.slowshop.eu\/fr\/#\/schema\/logo\/image\/\",\"url\":\"https:\/\/www.slowshop.eu\/wp-content\/uploads\/2024\/07\/cropped-immagine-1.png\",\"contentUrl\":\"https:\/\/www.slowshop.eu\/wp-content\/uploads\/2024\/07\/cropped-immagine-1.png\",\"width\":512,\"height\":512,\"caption\":\"SlowShop\"},\"image\":{\"@id\":\"https:\/\/www.slowshop.eu\/fr\/#\/schema\/logo\/image\/\"}}]}<\/script>\n<!-- \/ Yoast SEO plugin. -->","yoast_head_json":{"title":"L\u2019\u00e9cusson brod\u00e9 Magna Via Francigena - Slowshop","description":"Achete L\u2019\u00e9cusson brod\u00e9 Magna Via Francigena et pars avec nous pour une aventure incroyable sur ce chemin de Palermo \u00e0 Agrigento en Sicilia","robots":{"index":"index","follow":"follow","max-snippet":"max-snippet:-1","max-image-preview":"max-image-preview:large","max-video-preview":"max-video-preview:-1"},"canonical":"https:\/\/www.slowshop.eu\/fr\/produit\/lecusson-brode-magna-via-francigena\/","og_locale":"fr_FR","og_type":"article","og_title":"L\u2019\u00e9cusson brod\u00e9 Magna Via Francigena - Slowshop","og_description":"Achete L\u2019\u00e9cusson brod\u00e9 Magna Via Francigena et pars avec nous pour une aventure incroyable sur ce chemin de Palermo \u00e0 Agrigento en Sicilia","og_url":"https:\/\/www.slowshop.eu\/fr\/produit\/lecusson-brode-magna-via-francigena\/","og_site_name":"Slowshop","article_modified_time":"2026-01-16T15:52:09+00:00","og_image":[{"width":600,"height":750,"url":"https:\/\/www.slowshop.eu\/wp-content\/uploads\/2022\/08\/Copia-di-Toppa-OROPA.png","type":"image\/png"}],"twitter_card":"summary_large_image","twitter_misc":{"Dur\u00e9e de lecture estim\u00e9e":"2 minutes"},"schema":{"@context":"https:\/\/schema.org","@graph":[{"@type":"WebPage","@id":"https:\/\/www.slowshop.eu\/fr\/produit\/lecusson-brode-magna-via-francigena\/","url":"https:\/\/www.slowshop.eu\/fr\/produit\/lecusson-brode-magna-via-francigena\/","name":"L\u2019\u00e9cusson brod\u00e9 Magna Via Francigena - Slowshop","isPartOf":{"@id":"https:\/\/www.slowshop.eu\/fr\/#website"},"primaryImageOfPage":{"@id":"https:\/\/www.slowshop.eu\/fr\/produit\/lecusson-brode-magna-via-francigena\/#primaryimage"},"image":{"@id":"https:\/\/www.slowshop.eu\/fr\/produit\/lecusson-brode-magna-via-francigena\/#primaryimage"},"thumbnailUrl":"https:\/\/www.slowshop.eu\/wp-content\/uploads\/2022\/08\/Copia-di-Toppa-OROPA.png","datePublished":"2022-08-10T09:44:29+00:00","dateModified":"2026-01-16T15:52:09+00:00","description":"Achete L\u2019\u00e9cusson brod\u00e9 Magna Via Francigena et pars avec nous pour une aventure incroyable sur ce chemin de Palermo \u00e0 Agrigento en Sicilia","breadcrumb":{"@id":"https:\/\/www.slowshop.eu\/fr\/produit\/lecusson-brode-magna-via-francigena\/#breadcrumb"},"inLanguage":"fr-FR","potentialAction":[{"@type":"ReadAction","target":["https:\/\/www.slowshop.eu\/fr\/produit\/lecusson-brode-magna-via-francigena\/"]}]},{"@type":"ImageObject","inLanguage":"fr-FR","@id":"https:\/\/www.slowshop.eu\/fr\/produit\/lecusson-brode-magna-via-francigena\/#primaryimage","url":"https:\/\/www.slowshop.eu\/wp-content\/uploads\/2022\/08\/Copia-di-Toppa-OROPA.png","contentUrl":"https:\/\/www.slowshop.eu\/wp-content\/uploads\/2022\/08\/Copia-di-Toppa-OROPA.png","width":600,"height":750,"caption":"Toppa ricamata Magna Via Francigena"},{"@type":"BreadcrumbList","@id":"https:\/\/www.slowshop.eu\/fr\/produit\/lecusson-brode-magna-via-francigena\/#breadcrumb","itemListElement":[{"@type":"ListItem","position":1,"name":"Home","item":"https:\/\/www.slowshop.eu\/fr\/"},{"@type":"ListItem","position":2,"name":"Catalogue","item":"https:\/\/www.slowshop.eu\/fr\/catalogue\/"},{"@type":"ListItem","position":3,"name":"L\u2019\u00e9cusson brod\u00e9 Magna Via Francigena"}]},{"@type":"WebSite","@id":"https:\/\/www.slowshop.eu\/fr\/#website","url":"https:\/\/www.slowshop.eu\/fr\/","name":"SlowShop","description":"Vie Francigene Shop","publisher":{"@id":"https:\/\/www.slowshop.eu\/fr\/#organization"},"potentialAction":[{"@type":"SearchAction","target":{"@type":"EntryPoint","urlTemplate":"https:\/\/www.slowshop.eu\/fr\/?s={search_term_string}"},"query-input":{"@type":"PropertyValueSpecification","valueRequired":true,"valueName":"search_term_string"}}],"inLanguage":"fr-FR"},{"@type":"Organization","@id":"https:\/\/www.slowshop.eu\/fr\/#organization","name":"SlowShop","url":"https:\/\/www.slowshop.eu\/fr\/","logo":{"@type":"ImageObject","inLanguage":"fr-FR","@id":"https:\/\/www.slowshop.eu\/fr\/#\/schema\/logo\/image\/","url":"https:\/\/www.slowshop.eu\/wp-content\/uploads\/2024\/07\/cropped-immagine-1.png","contentUrl":"https:\/\/www.slowshop.eu\/wp-content\/uploads\/2024\/07\/cropped-immagine-1.png","width":512,"height":512,"caption":"SlowShop"},"image":{"@id":"https:\/\/www.slowshop.eu\/fr\/#\/schema\/logo\/image\/"}}]}},"_links":{"self":[{"href":"https:\/\/www.slowshop.eu\/fr\/wp-json\/wp\/v2\/product\/9438","targetHints":{"allow":["GET"]}}],"collection":[{"href":"https:\/\/www.slowshop.eu\/fr\/wp-json\/wp\/v2\/product"}],"about":[{"href":"https:\/\/www.slowshop.eu\/fr\/wp-json\/wp\/v2\/types\/product"}],"wp:featuredmedia":[{"embeddable":true,"href":"https:\/\/www.slowshop.eu\/fr\/wp-json\/wp\/v2\/media\/9442"}],"wp:attachment":[{"href":"https:\/\/www.slowshop.eu\/fr\/wp-json\/wp\/v2\/media?parent=9438"}],"wp:term":[{"taxonomy":"product_brand","embeddable":true,"href":"https:\/\/www.slowshop.eu\/fr\/wp-json\/wp\/v2\/product_brand?post=9438"},{"taxonomy":"product_cat","embeddable":true,"href":"https:\/\/www.slowshop.eu\/fr\/wp-json\/wp\/v2\/product_cat?post=9438"},{"taxonomy":"product_tag","embeddable":true,"href":"https:\/\/www.slowshop.eu\/fr\/wp-json\/wp\/v2\/product_tag?post=9438"}],"curies":[{"name":"wp","href":"https:\/\/api.w.org\/{rel}","templated":true}]}}